{"id":133156,"date":"2022-10-13T00:55:31","date_gmt":"2022-10-12T22:55:31","guid":{"rendered":"http:\/\/dev.claret.cat\/producte\/padre-nuestro-3\/"},"modified":"2025-05-12T16:15:26","modified_gmt":"2025-05-12T14:15:26","slug":"padre-nuestro-9788497154383","status":"publish","type":"product","link":"https:\/\/www.claret.cat\/es\/libro\/padre-nuestro-9788497154383\/","title":{"rendered":"PADRE NUESTRO"},"content":{"rendered":"<p>Esta obra recoge las catequesis de Francisco sobre el Padrenuestro (diciembre 2018 &#8211; mayo 2019).<br \/>\u00abSe\u00f1or, ens\u00e9\u00f1anos a orar\u00bb, le piden a Jesucristo sus disc\u00edpulos. Y \u00c9l les ense\u00f1a la oraci\u00f3n m\u00e1s audaz.<br \/>El Padrenuestro se eleva al cielo desde cualquier sitio donde haya una persona que tenga hambre, que luche, que llore, que sufra y se cuestione por qu\u00e9. Jes\u00fas no quiere apagar lo humano en la oraci\u00f3n; quiere que todo padecimiento e inquietud se proyecte hacia el cielo y se transforme en di\u00e1logo. El Padre sabe lo que precisamos antes incluso de ped\u00edrselo, pero anhela que se lo comuniquemos. Y que no nos rindamos, pues nuestra oraci\u00f3n siempre cambia la realidad: o var\u00eda las cosas a nuestro alrededor, o nos cambia el coraz\u00f3n.<br \/>La oraci\u00f3n cristiana por antonomasia es, adem\u00e1s, comunitaria; del t\u00fa pasa al nosotros sin espacio para el yo: somos responsables unos de otros.<\/p>\n","protected":false},"excerpt":{"rendered":"<p>PAPA FRANCISCO<\/p>\n","protected":false},"featured_media":387967,"template":"","meta":{"_acf_changed":false,"om_disable_all_campaigns":false,"rs_blank_template":"","rs_page_bg_color":"","slide_template_v7":"","inline_featured_image":false,"_monsterinsights_skip_tracking":false,"_monsterinsights_sitenote_active":false,"_monsterinsights_sitenote_note":"","_monsterinsights_sitenote_category":0},"product_brand":[],"product_cat":[77,343],"product_tag":[],"class_list":{"0":"post-133156","1":"product","2":"type-product","3":"status-publish","4":"has-post-thumbnail","6":"product_cat-catequesi","7":"product_cat-catequesis","9":"first","10":"instock","11":"taxable","12":"shipping-taxable","13":"purchasable","14":"product-type-simple"},"acf":{"editorial":[{"ID":6157,"post_author":"3","post_date":"2022-07-28 17:46:07","post_date_gmt":"2022-07-28 15:46:07","post_content":"","post_title":"Ciudad Nueva","post_excerpt":"","post_status":"publish","comment_status":"closed","ping_status":"closed","post_password":"","post_name":"ciudad-nueva","to_ping":"","pinged":"","post_modified":"2022-07-28 17:46:07","post_modified_gmt":"2022-07-28 15:46:07","post_content_filtered":"","post_parent":0,"guid":"http:\/\/dev.claret.cat\/editorial\/ciudad-nueva\/","menu_order":0,"post_type":"editorial","post_mime_type":"","comment_count":"0","filter":"raw"}],"autores-libros":[{"ID":5919,"post_author":"3","post_date":"2022-07-28 17:34:18","post_date_gmt":"2022-07-28 15:34:18","post_content":"","post_title":"PAPA FRANCISCO","post_excerpt":"","post_status":"publish","comment_status":"closed","ping_status":"closed","post_password":"","post_name":"papa-francisco","to_ping":"","pinged":"","post_modified":"2022-07-28 17:34:18","post_modified_gmt":"2022-07-28 15:34:18","post_content_filtered":"","post_parent":0,"guid":"http:\/\/dev.claret.cat\/autor\/papa-francisco\/","menu_order":0,"post_type":"autor","post_mime_type":"","comment_count":"0","filter":"raw"}],"autor":"PAPA FRANCISCO","codart":"849715438","libros-coleccion":"Ra\u00edces de la fe","ediciones":"1","encuadernacion":"R\u00fastica","fecha_de_publicacion":"16\/07\/2019","novedad":"1","paginas":"126","subtitulo":"CATEQUESIS DEL PAPA","orden":"0","portada":"0","idioma":"spa","booktrailer":"","resenas":""},"aioseo_notices":[],"_links":{"self":[{"href":"https:\/\/www.claret.cat\/es\/wp-json\/wp\/v2\/product\/133156","targetHints":{"allow":["GET"]}}],"collection":[{"href":"https:\/\/www.claret.cat\/es\/wp-json\/wp\/v2\/product"}],"about":[{"href":"https:\/\/www.claret.cat\/es\/wp-json\/wp\/v2\/types\/product"}],"wp:featuredmedia":[{"embeddable":true,"href":"https:\/\/www.claret.cat\/es\/wp-json\/wp\/v2\/media\/387967"}],"wp:attachment":[{"href":"https:\/\/www.claret.cat\/es\/wp-json\/wp\/v2\/media?parent=133156"}],"wp:term":[{"taxonomy":"product_brand","embeddable":true,"href":"https:\/\/www.claret.cat\/es\/wp-json\/wp\/v2\/product_brand?post=133156"},{"taxonomy":"product_cat","embeddable":true,"href":"https:\/\/www.claret.cat\/es\/wp-json\/wp\/v2\/product_cat?post=133156"},{"taxonomy":"product_tag","embeddable":true,"href":"https:\/\/www.claret.cat\/es\/wp-json\/wp\/v2\/product_tag?post=133156"}],"curies":[{"name":"wp","href":"https:\/\/api.w.org\/{rel}","templated":true}]}}