{"id":133273,"date":"2022-10-13T00:57:13","date_gmt":"2022-10-12T22:57:13","guid":{"rendered":"http:\/\/dev.claret.cat\/producte\/kefir-kombucha-y-otras-bebidas-probioticas\/"},"modified":"2023-01-28T19:29:18","modified_gmt":"2023-01-28T18:29:18","slug":"kefir-kombucha-y-otras-bebidas-probioticas-9788417757175","status":"publish","type":"product","link":"https:\/\/www.claret.cat\/es\/libro\/kefir-kombucha-y-otras-bebidas-probioticas-9788417757175\/","title":{"rendered":"K\u00c9FIR, KOMBUCHA Y OTRAS BEBIDAS PROBI\u00d3TICAS"},"content":{"rendered":"<p>Kombucha, k\u00e9fir de agua, cerveza de jengibre, k\u00e9fir de leche, tepache&#8230; Bebidas buenas para la salud, f\u00e1ciles de preparar e ideales para calmar la sed.  40 recetas para aprender a preparar bebidas probi\u00f3ticas en casa y aromatizarlas a su gusto.  T\u00e9cnicas sencillas para preparar numerosas bebidas fermentadas: ginger bug, sidra de manzana, vinagre de sidra, switchel, hidromiel, kvass, tepache, boza, rejuvelac, savgricka&#8230;os m\u00e1s curiosos podr\u00e1n descubrir en las primeras p\u00e1ginas los or\u00edgenes de las bebidas con burbujas y por qu\u00e9 es bueno para la salud consumirlas. Tambi\u00e9n se presentan los utensilios y las reglas elementales de higiene para elaborar bebidas fermentadas en casa con toda seguridad. Incluye una gu\u00eda para la elecci\u00f3n de los ingredientes y los diferentes tipos de fermentaci\u00f3n. ualquiera puede fermentar, en cualquier sitio y con los utensilios m\u00e1s simples. Los seres humanos han venido practicando la fermentaci\u00f3n desde hace m\u00e1s tiempo que la escritura, la alfarer\u00eda o la agricultura. Puede fermentar en su cocina con los utensilios que tenga a mano. La fermentaci\u00f3n es f\u00e1cil y apasionante. Los microorganismos son flexibles y adaptables. Hay muchos detalles de puesta en pr\u00e1ctica a aprender sobre cada tipo de fermentaci\u00f3n, pero los procedimientos de base son sencillos y directos.<\/p>\n","protected":false},"excerpt":{"rendered":"<p>L\u00d6KKI<\/p>\n","protected":false},"featured_media":133274,"template":"","meta":{"_acf_changed":false,"om_disable_all_campaigns":false,"rs_blank_template":"","rs_page_bg_color":"","slide_template_v7":"","inline_featured_image":false,"_monsterinsights_skip_tracking":false,"_monsterinsights_sitenote_active":false,"_monsterinsights_sitenote_note":"","_monsterinsights_sitenote_category":0},"product_brand":[],"product_cat":[103],"product_tag":[],"class_list":{"0":"post-133273","1":"product","2":"type-product","3":"status-publish","4":"has-post-thumbnail","6":"product_cat-cuina","8":"first","9":"instock","10":"taxable","11":"shipping-taxable","12":"purchasable","13":"product-type-simple"},"acf":{"autor":"L\u00d6KKI","codart":"841775717","libros-coleccion":"","ediciones":"1","encuadernacion":"Carton\u00e9","fecha_de_publicacion":"01\/06\/2019","novedad":"1","paginas":"160","subtitulo":"RECETAS DE BEBIDAS BUENAS PARA LA SALUD","orden":"0","portada":"0","idioma":"spa","editorial":[{"ID":147554,"post_author":"3","post_date":"2022-10-14 11:51:27","post_date_gmt":"2022-10-14 09:51:27","post_content":"","post_title":"BLUME (Naturart)","post_excerpt":"","post_status":"publish","comment_status":"closed","ping_status":"closed","post_password":"","post_name":"blume-naturart","to_ping":"","pinged":"","post_modified":"2022-10-14 11:51:27","post_modified_gmt":"2022-10-14 09:51:27","post_content_filtered":"","post_parent":0,"guid":"http:\/\/dev.claret.cat\/editorial\/blume-naturart\/","menu_order":0,"post_type":"editorial","post_mime_type":"","comment_count":"0","filter":"raw"}],"autores-libros":[{"ID":162408,"post_author":"3","post_date":"2022-10-14 17:30:47","post_date_gmt":"2022-10-14 15:30:47","post_content":"","post_title":"L\u00d6KKI","post_excerpt":"","post_status":"publish","comment_status":"closed","ping_status":"closed","post_password":"","post_name":"lokki","to_ping":"","pinged":"","post_modified":"2022-10-14 17:30:47","post_modified_gmt":"2022-10-14 15:30:47","post_content_filtered":"","post_parent":0,"guid":"http:\/\/dev.claret.cat\/autor\/lokki\/","menu_order":0,"post_type":"autor","post_mime_type":"","comment_count":"0","filter":"raw"}]},"aioseo_notices":[],"_links":{"self":[{"href":"https:\/\/www.claret.cat\/es\/wp-json\/wp\/v2\/product\/133273","targetHints":{"allow":["GET"]}}],"collection":[{"href":"https:\/\/www.claret.cat\/es\/wp-json\/wp\/v2\/product"}],"about":[{"href":"https:\/\/www.claret.cat\/es\/wp-json\/wp\/v2\/types\/product"}],"wp:featuredmedia":[{"embeddable":true,"href":"https:\/\/www.claret.cat\/es\/wp-json\/wp\/v2\/media\/133274"}],"wp:attachment":[{"href":"https:\/\/www.claret.cat\/es\/wp-json\/wp\/v2\/media?parent=133273"}],"wp:term":[{"taxonomy":"product_brand","embeddable":true,"href":"https:\/\/www.claret.cat\/es\/wp-json\/wp\/v2\/product_brand?post=133273"},{"taxonomy":"product_cat","embeddable":true,"href":"https:\/\/www.claret.cat\/es\/wp-json\/wp\/v2\/product_cat?post=133273"},{"taxonomy":"product_tag","embeddable":true,"href":"https:\/\/www.claret.cat\/es\/wp-json\/wp\/v2\/product_tag?post=133273"}],"curies":[{"name":"wp","href":"https:\/\/api.w.org\/{rel}","templated":true}]}}