{"id":133312,"date":"2022-10-13T00:57:47","date_gmt":"2022-10-12T22:57:47","guid":{"rendered":"http:\/\/dev.claret.cat\/producte\/los-elefantes-pueden-recordar\/"},"modified":"2025-12-12T13:35:44","modified_gmt":"2025-12-12T12:35:44","slug":"los-elefantes-pueden-recordar-9788408213871","status":"publish","type":"product","link":"https:\/\/www.claret.cat\/es\/libro\/los-elefantes-pueden-recordar-9788408213871\/","title":{"rendered":"LOS ELEFANTES PUEDEN RECORDAR"},"content":{"rendered":"<p>H\u00e9rcules Poirot contempla las rocas desde lo alto de un acantilado. Este fue, hace mucho tiempo, el escenario de un descubrimiento siniestro: los cuerpos sin vida del matrimonio Ravenscroft fueron hallados junto al arma del crimen, un rev\u00f3lver. <br \/>\u00bfQui\u00e9n mat\u00f3 a qui\u00e9n? \u00bfFue un pacto suicida? \u00bfUn crimen pasional? \u00bfO un asesinato a sangre fr\u00eda? Poirot indaga en el pasado y descubre que \u00ablos viejos pecados tienen largas sombras\u00bb.<\/p>\n","protected":false},"excerpt":{"rendered":"<p>CHRISTIE, AGATHA<\/p>\n","protected":false},"featured_media":133313,"template":"","meta":{"_acf_changed":false,"om_disable_all_campaigns":false,"rs_blank_template":"","rs_page_bg_color":"","slide_template_v7":"","inline_featured_image":false,"_monsterinsights_skip_tracking":false,"_monsterinsights_sitenote_active":false,"_monsterinsights_sitenote_note":"","_monsterinsights_sitenote_category":0},"product_brand":[],"product_cat":[87,353],"product_tag":[],"class_list":{"0":"post-133312","1":"product","2":"type-product","3":"status-publish","4":"has-post-thumbnail","6":"product_cat-literatura","7":"product_cat-literatura-2_humanidades","9":"first","10":"instock","11":"taxable","12":"shipping-taxable","13":"purchasable","14":"product-type-simple"},"acf":{"editorial":[{"ID":6149,"post_author":"3","post_date":"2022-07-28 17:45:56","post_date_gmt":"2022-07-28 15:45:56","post_content":"","post_title":"BOOKET","post_excerpt":"","post_status":"publish","comment_status":"closed","ping_status":"closed","post_password":"","post_name":"booket","to_ping":"","pinged":"","post_modified":"2022-07-28 17:45:56","post_modified_gmt":"2022-07-28 15:45:56","post_content_filtered":"","post_parent":0,"guid":"http:\/\/dev.claret.cat\/editorial\/booket\/","menu_order":0,"post_type":"editorial","post_mime_type":"","comment_count":"0","filter":"raw"}],"autores-libros":[{"ID":5205,"post_author":"3","post_date":"2022-07-28 17:17:01","post_date_gmt":"2022-07-28 15:17:01","post_content":"","post_title":"AGATHA CHRISTIE","post_excerpt":"","post_status":"publish","comment_status":"closed","ping_status":"closed","post_password":"","post_name":"agatha-christie","to_ping":"","pinged":"","post_modified":"2022-07-28 17:17:01","post_modified_gmt":"2022-07-28 15:17:01","post_content_filtered":"","post_parent":0,"guid":"http:\/\/dev.claret.cat\/autor\/agatha-christie\/","menu_order":0,"post_type":"autor","post_mime_type":"","comment_count":"0","filter":"raw"}],"autor":"CHRISTIE, AGATHA","codart":"840821387","libros-coleccion":"Biblioteca Agatha Christie","ediciones":"1","encuadernacion":"R\u00fastica","fecha_de_publicacion":"01\/07\/2019","novedad":"1","paginas":"224","subtitulo":"","orden":"0","portada":"0","idioma":"spa","booktrailer":"","resenas":""},"aioseo_notices":[],"_links":{"self":[{"href":"https:\/\/www.claret.cat\/es\/wp-json\/wp\/v2\/product\/133312","targetHints":{"allow":["GET"]}}],"collection":[{"href":"https:\/\/www.claret.cat\/es\/wp-json\/wp\/v2\/product"}],"about":[{"href":"https:\/\/www.claret.cat\/es\/wp-json\/wp\/v2\/types\/product"}],"wp:featuredmedia":[{"embeddable":true,"href":"https:\/\/www.claret.cat\/es\/wp-json\/wp\/v2\/media\/133313"}],"wp:attachment":[{"href":"https:\/\/www.claret.cat\/es\/wp-json\/wp\/v2\/media?parent=133312"}],"wp:term":[{"taxonomy":"product_brand","embeddable":true,"href":"https:\/\/www.claret.cat\/es\/wp-json\/wp\/v2\/product_brand?post=133312"},{"taxonomy":"product_cat","embeddable":true,"href":"https:\/\/www.claret.cat\/es\/wp-json\/wp\/v2\/product_cat?post=133312"},{"taxonomy":"product_tag","embeddable":true,"href":"https:\/\/www.claret.cat\/es\/wp-json\/wp\/v2\/product_tag?post=133312"}],"curies":[{"name":"wp","href":"https:\/\/api.w.org\/{rel}","templated":true}]}}