{"id":133333,"date":"2022-10-13T00:58:06","date_gmt":"2022-10-12T22:58:06","guid":{"rendered":"http:\/\/dev.claret.cat\/producte\/el-pianista-cec\/"},"modified":"2023-01-28T10:47:57","modified_gmt":"2023-01-28T09:47:57","slug":"el-pianista-cec-9788413031040","status":"publish","type":"product","link":"https:\/\/www.claret.cat\/es\/libro\/el-pianista-cec-9788413031040\/","title":{"rendered":"EL PIANISTA CEC"},"content":{"rendered":"<p>Una novel\u00b7la que ens apropa a la hist\u00f2ria del Don Juan, el primer creuer amb bandera espanyola que va navegar pel Mediterrani als anys 90. La veu del narrador \u00e9s la del pianista de bord, un jove acabat de sortir del conservatori que anir\u00e0 descobrint com enfrontar-se a la vida, m\u00e9s enll\u00e0 d&#8217;aprendre a tocar boleros i can\u00e7ons de moda. Una hist\u00f2ria sobre el mar i la m\u00fasica, per\u00f2 tamb\u00e9 sobre la misteriosa cantant de l&#8217;orquestra del creuer, en la que les aventures als ports de Marsella, Cartagena o Mallorca es barregen amb els relats d&#8217;un vell mestre que li parlava de Mozart, de Debussy i de Beethoven. El piano del vaixell es converteix en el personatge principal sobre el que gira una hist\u00f2ria de creixement, amistat i m\u00fasica.<\/p>\n","protected":false},"excerpt":{"rendered":"<p>PUERTAS ESTEVE, DAVID<\/p>\n","protected":false},"featured_media":133334,"template":"","meta":{"_acf_changed":false,"om_disable_all_campaigns":false,"rs_blank_template":"","rs_page_bg_color":"","slide_template_v7":"","inline_featured_image":false,"_monsterinsights_skip_tracking":false,"_monsterinsights_sitenote_active":false,"_monsterinsights_sitenote_note":"","_monsterinsights_sitenote_category":0},"product_brand":[],"product_cat":[87],"product_tag":[],"class_list":{"0":"post-133333","1":"product","2":"type-product","3":"status-publish","4":"has-post-thumbnail","6":"product_cat-literatura","8":"first","9":"instock","10":"taxable","11":"shipping-taxable","12":"purchasable","13":"product-type-simple"},"acf":{"editorial":[{"ID":6322,"post_author":"3","post_date":"2022-07-28 17:49:42","post_date_gmt":"2022-07-28 15:49:42","post_content":"","post_title":"PAG\u00c8S EDITORS","post_excerpt":"","post_status":"publish","comment_status":"closed","ping_status":"closed","post_password":"","post_name":"pages-editors","to_ping":"","pinged":"","post_modified":"2022-07-28 17:49:42","post_modified_gmt":"2022-07-28 15:49:42","post_content_filtered":"","post_parent":0,"guid":"http:\/\/dev.claret.cat\/editorial\/pages-editors\/","menu_order":0,"post_type":"editorial","post_mime_type":"","comment_count":"0","filter":"raw"}],"autores-libros":[{"ID":153929,"post_author":"3","post_date":"2022-10-14 15:00:41","post_date_gmt":"2022-10-14 13:00:41","post_content":"","post_title":"DAVID PUERTAS ESTEVE","post_excerpt":"","post_status":"publish","comment_status":"closed","ping_status":"closed","post_password":"","post_name":"david-puertas-esteve","to_ping":"","pinged":"","post_modified":"2022-10-14 15:00:41","post_modified_gmt":"2022-10-14 13:00:41","post_content_filtered":"","post_parent":0,"guid":"http:\/\/dev.claret.cat\/autor\/david-puertas-esteve\/","menu_order":0,"post_type":"autor","post_mime_type":"","comment_count":"0","filter":"raw"}],"autor":"PUERTAS ESTEVE, DAVID","codart":"841303104","libros-coleccion":"Lo Marraco","ediciones":"1","encuadernacion":"R\u00fastica","fecha_de_publicacion":"01\/06\/2019","novedad":"1","paginas":"168","subtitulo":"","orden":"0","portada":"0","idioma":"cat"},"aioseo_notices":[],"_links":{"self":[{"href":"https:\/\/www.claret.cat\/es\/wp-json\/wp\/v2\/product\/133333","targetHints":{"allow":["GET"]}}],"collection":[{"href":"https:\/\/www.claret.cat\/es\/wp-json\/wp\/v2\/product"}],"about":[{"href":"https:\/\/www.claret.cat\/es\/wp-json\/wp\/v2\/types\/product"}],"wp:featuredmedia":[{"embeddable":true,"href":"https:\/\/www.claret.cat\/es\/wp-json\/wp\/v2\/media\/133334"}],"wp:attachment":[{"href":"https:\/\/www.claret.cat\/es\/wp-json\/wp\/v2\/media?parent=133333"}],"wp:term":[{"taxonomy":"product_brand","embeddable":true,"href":"https:\/\/www.claret.cat\/es\/wp-json\/wp\/v2\/product_brand?post=133333"},{"taxonomy":"product_cat","embeddable":true,"href":"https:\/\/www.claret.cat\/es\/wp-json\/wp\/v2\/product_cat?post=133333"},{"taxonomy":"product_tag","embeddable":true,"href":"https:\/\/www.claret.cat\/es\/wp-json\/wp\/v2\/product_tag?post=133333"}],"curies":[{"name":"wp","href":"https:\/\/api.w.org\/{rel}","templated":true}]}}