{"id":133360,"date":"2022-10-13T00:58:30","date_gmt":"2022-10-12T22:58:30","guid":{"rendered":"http:\/\/dev.claret.cat\/producte\/educar-y-evangelizar-en-el-tiempo-libre\/"},"modified":"2024-05-23T06:06:13","modified_gmt":"2024-05-23T04:06:13","slug":"educar-y-evangelizar-en-el-tiempo-libre-9788490239520","status":"publish","type":"product","link":"https:\/\/www.claret.cat\/es\/libro\/educar-y-evangelizar-en-el-tiempo-libre-9788490239520\/","title":{"rendered":"EDUCAR Y EVANGELIZAR EN EL TIEMPO LIBRE"},"content":{"rendered":"<p>Es dif\u00edcil encontrar publicaciones que profundicen y estructuren la acci\u00f3n pastoral en el contexto del Tiempo Libre, pese a que muchas iniciativas diocesanas o de Congregaciones e Institutos se desarrollen en ese entorno. Se nos ofrecen aqu\u00ed una serie de criterios y principios de Pastoral Juvenil aplicados al \u00e1mbito del Tiempo Libre como espacio de intervenci\u00f3n educativa y de acci\u00f3n pastoral, con sus propias especificidades, pero imbricado con procesos de personalizaci\u00f3n de la fe. Al final de cada cap\u00edtulo el lector podr\u00e1 encontrar una bibliograf\u00eda de referencia y una serie de preguntas que invitan a la meditaci\u00f3n personal o en grupo. Estos dos elementos dan a la obra un car\u00e1cter de instrumento de reflexi\u00f3n para provocar el di\u00e1logo y abrir caminos nuevos. Es un libro manual para cuantos est\u00e1n entregados en esta labor, bien sea en trabajos de direcci\u00f3n o coordinaci\u00f3n, o en la tarea directa con los j\u00f3venes.<\/p>\n","protected":false},"excerpt":{"rendered":"<p>GARC\u00cdA MOURELO, SANTIAGO<\/p>\n","protected":false},"featured_media":359573,"template":"","meta":{"_acf_changed":false,"om_disable_all_campaigns":false,"rs_blank_template":"","rs_page_bg_color":"","slide_template_v7":"","inline_featured_image":false,"_monsterinsights_skip_tracking":false,"_monsterinsights_sitenote_active":false,"_monsterinsights_sitenote_note":"","_monsterinsights_sitenote_category":0},"product_brand":[],"product_cat":[92,542],"product_tag":[],"class_list":{"0":"post-133360","1":"product","2":"type-product","3":"status-publish","4":"has-post-thumbnail","6":"product_cat-vida-religiosa","7":"product_cat-vida-religiosa-1_espiritualidad-spa","9":"first","10":"instock","11":"taxable","12":"shipping-taxable","13":"purchasable","14":"product-type-simple"},"acf":{"editorial":[{"ID":6155,"post_author":"3","post_date":"2022-07-28 17:46:04","post_date_gmt":"2022-07-28 15:46:04","post_content":"","post_title":"Central Catequ\u00edstica Salesiana","post_excerpt":"","post_status":"publish","comment_status":"closed","ping_status":"closed","post_password":"","post_name":"central-catequistica-salesiana","to_ping":"","pinged":"","post_modified":"2022-07-28 17:46:04","post_modified_gmt":"2022-07-28 15:46:04","post_content_filtered":"","post_parent":0,"guid":"http:\/\/dev.claret.cat\/editorial\/central-catequistica-salesiana\/","menu_order":0,"post_type":"editorial","post_mime_type":"","comment_count":"0","filter":"raw"}],"autor":"GARC\u00cdA MOURELO, SANTIAGO","codart":"849023952","libros-coleccion":"Agentes PJ","ediciones":"1","encuadernacion":"R\u00fastica","fecha_de_publicacion":"10\/07\/2019","novedad":"1","paginas":"104","subtitulo":"CRITERIOS DE APLICACI\u00d3N PR\u00c1CTICA","orden":"0","portada":"0","idioma":"spa","autores-libros":[{"ID":169045,"post_author":"3","post_date":"2022-10-14 22:24:02","post_date_gmt":"2022-10-14 20:24:02","post_content":"","post_title":"SANTIAGO GARC\u00cdA MOURELO","post_excerpt":"","post_status":"publish","comment_status":"closed","ping_status":"closed","post_password":"","post_name":"santiago-garcia-mourelo","to_ping":"","pinged":"","post_modified":"2022-10-14 22:24:02","post_modified_gmt":"2022-10-14 20:24:02","post_content_filtered":"","post_parent":0,"guid":"http:\/\/dev.claret.cat\/autor\/santiago-garcia-mourelo\/","menu_order":0,"post_type":"autor","post_mime_type":"","comment_count":"0","filter":"raw"}]},"aioseo_notices":[],"_links":{"self":[{"href":"https:\/\/www.claret.cat\/es\/wp-json\/wp\/v2\/product\/133360","targetHints":{"allow":["GET"]}}],"collection":[{"href":"https:\/\/www.claret.cat\/es\/wp-json\/wp\/v2\/product"}],"about":[{"href":"https:\/\/www.claret.cat\/es\/wp-json\/wp\/v2\/types\/product"}],"wp:featuredmedia":[{"embeddable":true,"href":"https:\/\/www.claret.cat\/es\/wp-json\/wp\/v2\/media\/359573"}],"wp:attachment":[{"href":"https:\/\/www.claret.cat\/es\/wp-json\/wp\/v2\/media?parent=133360"}],"wp:term":[{"taxonomy":"product_brand","embeddable":true,"href":"https:\/\/www.claret.cat\/es\/wp-json\/wp\/v2\/product_brand?post=133360"},{"taxonomy":"product_cat","embeddable":true,"href":"https:\/\/www.claret.cat\/es\/wp-json\/wp\/v2\/product_cat?post=133360"},{"taxonomy":"product_tag","embeddable":true,"href":"https:\/\/www.claret.cat\/es\/wp-json\/wp\/v2\/product_tag?post=133360"}],"curies":[{"name":"wp","href":"https:\/\/api.w.org\/{rel}","templated":true}]}}