{"id":133372,"date":"2022-10-13T00:58:41","date_gmt":"2022-10-12T22:58:41","guid":{"rendered":"http:\/\/dev.claret.cat\/producte\/cristo-vive-christus-vivit\/"},"modified":"2024-05-02T05:58:35","modified_gmt":"2024-05-02T03:58:35","slug":"cristo-vive-christus-vivit-9788428834209","status":"publish","type":"product","link":"https:\/\/www.claret.cat\/es\/libro\/cristo-vive-christus-vivit-9788428834209\/","title":{"rendered":"CRISTO VIVE, CHRISTUS VIVIT"},"content":{"rendered":"<p>Texto integro de la exhortacion postsinodal de Francisco con claves y propuestas de trabajo<br \/>Este libro ofrece claves generales para situar la exhortaci\u00f3n apost\u00f3lica postsinodal &#8216;Cristo vive&#8217; (&#8216;Chritus vivit&#8217;), firmada por el papa Francisco despu\u00e9s del S\u00ednodo de los Obispos celebrado en octubre de 2018 y dedicado a \u2018La fe, los j\u00f3venes y el discernimiento vocacional\u2019. Tambi\u00e9n analizamos las claves b\u00edblicas y presentamos el retrato de los j\u00f3venes que nos ofrece.<br \/>A la vez, entresecamos las caracter\u00edsticas de la pastoral juvenil del futuro y presentamos las claves m\u00e1s significativas del compromiso social de los j\u00f3venes. Y ofrecemos tambi\u00e9n propuestas de trabajo espec\u00edficas para poder trabajar, tanto personalmente como en grupo, a partir del contenido de cada uno de los nueve cap\u00edtulos.<br \/>\u201cAnimo especialmente a los j\u00f3venes a asomarse a estas p\u00e1ginas \u2013dice en el pr\u00f3logo el obispo Carlos Escribano, responsable del Departamento de Juventud de la Conferencia Episcopal Espa\u00f1ola\u2013 y a descubrir la riqueza de un documento que el papa ha escrito para ellos- Y con los j\u00f3venes, animo a todo el Pueblo de Dios a trabajar tambi\u00e9n esta exhortaci\u00f3n, a descubrir su riqueza y a llevarla a la pr\u00e1ctica\u201d.<br \/>La exhortaci\u00f3n se trabaja de manera m\u00e1s completa con el libro &#8216;Jes\u00fas, siempre joven&#8217;, que es una gu\u00eda para animadores de pastoral juvenil; y con el cuadr\u00edptico &#8216;Jes\u00fas, joven como t\u00fa&#8217;.<\/p>\n","protected":false},"excerpt":{"rendered":"<p>OTERO, HERMINIO<\/p>\n","protected":false},"featured_media":337937,"template":"","meta":{"_acf_changed":false,"om_disable_all_campaigns":false,"rs_blank_template":"","rs_page_bg_color":"","slide_template_v7":"","inline_featured_image":false,"_monsterinsights_skip_tracking":false,"_monsterinsights_sitenote_active":false,"_monsterinsights_sitenote_note":"","_monsterinsights_sitenote_category":0},"product_brand":[],"product_cat":[78,344],"product_tag":[],"class_list":{"0":"post-133372","1":"product","2":"type-product","3":"status-publish","4":"has-post-thumbnail","6":"product_cat-pastoral","7":"product_cat-pastoral-1_espiritualidad","9":"first","10":"instock","11":"taxable","12":"shipping-taxable","13":"purchasable","14":"product-type-simple"},"acf":{"editorial":[{"ID":6335,"post_author":"3","post_date":"2022-07-28 17:49:59","post_date_gmt":"2022-07-28 15:49:59","post_content":"","post_title":"PPC altres","post_excerpt":"","post_status":"publish","comment_status":"closed","ping_status":"closed","post_password":"","post_name":"ppc-altres","to_ping":"","pinged":"","post_modified":"2022-07-28 17:49:59","post_modified_gmt":"2022-07-28 15:49:59","post_content_filtered":"","post_parent":0,"guid":"http:\/\/dev.claret.cat\/editorial\/ppc-altres\/","menu_order":0,"post_type":"editorial","post_mime_type":"","comment_count":"0","filter":"raw"}],"autores-libros":[{"ID":5538,"post_author":"3","post_date":"2022-07-28 17:26:08","post_date_gmt":"2022-07-28 15:26:08","post_content":"","post_title":"HERMINIO OTERO","post_excerpt":"","post_status":"publish","comment_status":"closed","ping_status":"closed","post_password":"","post_name":"herminio-otero","to_ping":"","pinged":"","post_modified":"2022-07-28 17:26:08","post_modified_gmt":"2022-07-28 15:26:08","post_content_filtered":"","post_parent":0,"guid":"http:\/\/dev.claret.cat\/autor\/herminio-otero\/","menu_order":0,"post_type":"autor","post_mime_type":"","comment_count":"0","filter":"raw"}],"autor":"OTERO, HERMINIO","codart":"842883420","libros-coleccion":"","ediciones":"1","encuadernacion":"R\u00fastica","fecha_de_publicacion":"11\/07\/2019","novedad":"1","paginas":"208","subtitulo":"CARTA A LOS J\u00d3VENES Y A TODO EL PUEBLO DE DIOS - CON CLAVES Y PROPUESTAS DE TRABAJO","orden":"0","portada":"0","idioma":"spa"},"aioseo_notices":[],"_links":{"self":[{"href":"https:\/\/www.claret.cat\/es\/wp-json\/wp\/v2\/product\/133372","targetHints":{"allow":["GET"]}}],"collection":[{"href":"https:\/\/www.claret.cat\/es\/wp-json\/wp\/v2\/product"}],"about":[{"href":"https:\/\/www.claret.cat\/es\/wp-json\/wp\/v2\/types\/product"}],"wp:featuredmedia":[{"embeddable":true,"href":"https:\/\/www.claret.cat\/es\/wp-json\/wp\/v2\/media\/337937"}],"wp:attachment":[{"href":"https:\/\/www.claret.cat\/es\/wp-json\/wp\/v2\/media?parent=133372"}],"wp:term":[{"taxonomy":"product_brand","embeddable":true,"href":"https:\/\/www.claret.cat\/es\/wp-json\/wp\/v2\/product_brand?post=133372"},{"taxonomy":"product_cat","embeddable":true,"href":"https:\/\/www.claret.cat\/es\/wp-json\/wp\/v2\/product_cat?post=133372"},{"taxonomy":"product_tag","embeddable":true,"href":"https:\/\/www.claret.cat\/es\/wp-json\/wp\/v2\/product_tag?post=133372"}],"curies":[{"name":"wp","href":"https:\/\/api.w.org\/{rel}","templated":true}]}}