{"id":133378,"date":"2022-10-13T00:58:47","date_gmt":"2022-10-12T22:58:47","guid":{"rendered":"http:\/\/dev.claret.cat\/producte\/los-girasoles-ciegos\/"},"modified":"2023-01-28T21:33:51","modified_gmt":"2023-01-28T20:33:51","slug":"los-girasoles-ciegos-9788433902207","status":"publish","type":"product","link":"https:\/\/www.claret.cat\/es\/libro\/los-girasoles-ciegos-9788433902207\/","title":{"rendered":"LOS GIRASOLES CIEGOS"},"content":{"rendered":"<p>Un girasol ciego es un girasol que no busca el sol, un girasol inm\u00f3vil, un girasol \u2013podr\u00eda decirse\u2013 derrotado. Y la certeza de la derrota, de ese va\u00adc\u00edo que atenaza tanto a los vencidos como a los vencedores de la guerra, es lo que anuda las cuatro historias de Los girasoles ciegos, que se sit\u00faan en la inmediata posguerra espa\u00f1ola: un capit\u00e1n del ej\u00e9rcito franquista se rebela contra la avaricia de muerte y se rinde al enemigo el \u00faltimo d\u00eda de la contienda; un biso\u00f1o aprendiz de poeta, huido a la monta\u00f1a con su novia embarazada, afronta all\u00ed el sufrimiento atroz que lo har\u00e1 madurar demasiado tarde; un preso renuncia a la argucia de Sherezade que le ha permitido demorar su condena a muerte; un di\u00e1cono obsesionado con la mujer de un republicano oculto desencadena con su lascivia la desgracia de aquella a quien pretend\u00eda amar.<br \/> Pocas veces un \u00e9xito tan inesperado ha sido tan justo como en este emocionante libro de Alberto M\u00e9ndez. M\u00e1s all\u00e1 de su tupida pero n\u00edti\u00adda prosa, del virtuosismo de su estructura o de su fuerza metaf\u00f3rica y po\u00e9tica, sobrecoge la impecable precisi\u00f3n con que sus cuatro historias capturan un dolor inasible y lo exponen sin una palabra de m\u00e1s.<br \/> Marcos Giralt Torrente<br \/> Ilustraci\u00f3n de la cubierta por\u00a0Sara Morante<\/p>\n","protected":false},"excerpt":{"rendered":"<p>M\u00c9NDEZ, ALBERTO<\/p>\n","protected":false},"featured_media":133379,"template":"","meta":{"_acf_changed":false,"om_disable_all_campaigns":false,"rs_blank_template":"","rs_page_bg_color":"","slide_template_v7":"","inline_featured_image":false,"_monsterinsights_skip_tracking":false,"_monsterinsights_sitenote_active":false,"_monsterinsights_sitenote_note":"","_monsterinsights_sitenote_category":0},"product_brand":[],"product_cat":[87,353],"product_tag":[],"class_list":{"0":"post-133378","1":"product","2":"type-product","3":"status-publish","4":"has-post-thumbnail","6":"product_cat-literatura","7":"product_cat-literatura-2_humanidades","9":"first","10":"outofstock","11":"taxable","12":"shipping-taxable","13":"purchasable","14":"product-type-simple"},"acf":{"editorial":[{"ID":6219,"post_author":"3","post_date":"2022-07-28 17:47:26","post_date_gmt":"2022-07-28 15:47:26","post_content":"","post_title":"Editorial Anagrama S.A.","post_excerpt":"","post_status":"publish","comment_status":"closed","ping_status":"closed","post_password":"","post_name":"editorial-anagrama-s-a","to_ping":"","pinged":"","post_modified":"2022-07-28 17:47:26","post_modified_gmt":"2022-07-28 15:47:26","post_content_filtered":"","post_parent":0,"guid":"http:\/\/dev.claret.cat\/editorial\/editorial-anagrama-s-a\/","menu_order":0,"post_type":"editorial","post_mime_type":"","comment_count":"0","filter":"raw"}],"autor":"M\u00c9NDEZ, ALBERTO","codart":"843390220","libros-coleccion":"CM50","ediciones":"1","encuadernacion":"R\u00fastica","fecha_de_publicacion":"01\/04\/2019","novedad":"1","paginas":"160","subtitulo":"","orden":"0","portada":"0","idioma":"spa","autores-libros":[{"ID":149508,"post_author":"3","post_date":"2022-10-14 14:25:26","post_date_gmt":"2022-10-14 12:25:26","post_content":"","post_title":"ALBERTO M\u00c9NDEZ","post_excerpt":"","post_status":"publish","comment_status":"closed","ping_status":"closed","post_password":"","post_name":"alberto-mendez","to_ping":"","pinged":"","post_modified":"2022-10-14 14:25:26","post_modified_gmt":"2022-10-14 12:25:26","post_content_filtered":"","post_parent":0,"guid":"http:\/\/dev.claret.cat\/autor\/alberto-mendez\/","menu_order":0,"post_type":"autor","post_mime_type":"","comment_count":"0","filter":"raw"}]},"aioseo_notices":[],"_links":{"self":[{"href":"https:\/\/www.claret.cat\/es\/wp-json\/wp\/v2\/product\/133378","targetHints":{"allow":["GET"]}}],"collection":[{"href":"https:\/\/www.claret.cat\/es\/wp-json\/wp\/v2\/product"}],"about":[{"href":"https:\/\/www.claret.cat\/es\/wp-json\/wp\/v2\/types\/product"}],"wp:featuredmedia":[{"embeddable":true,"href":"https:\/\/www.claret.cat\/es\/wp-json\/wp\/v2\/media\/133379"}],"wp:attachment":[{"href":"https:\/\/www.claret.cat\/es\/wp-json\/wp\/v2\/media?parent=133378"}],"wp:term":[{"taxonomy":"product_brand","embeddable":true,"href":"https:\/\/www.claret.cat\/es\/wp-json\/wp\/v2\/product_brand?post=133378"},{"taxonomy":"product_cat","embeddable":true,"href":"https:\/\/www.claret.cat\/es\/wp-json\/wp\/v2\/product_cat?post=133378"},{"taxonomy":"product_tag","embeddable":true,"href":"https:\/\/www.claret.cat\/es\/wp-json\/wp\/v2\/product_tag?post=133378"}],"curies":[{"name":"wp","href":"https:\/\/api.w.org\/{rel}","templated":true}]}}