{"id":133453,"date":"2022-10-13T00:59:53","date_gmt":"2022-10-12T22:59:53","guid":{"rendered":"http:\/\/dev.claret.cat\/producte\/como-una-novela\/"},"modified":"2023-01-28T07:33:41","modified_gmt":"2023-01-28T06:33:41","slug":"como-una-novela-9788433902283","status":"publish","type":"product","link":"https:\/\/www.claret.cat\/es\/libro\/como-una-novela-9788433902283\/","title":{"rendered":"COMO UNA NOVELA"},"content":{"rendered":"<p>Es casi imposible no sentirse interpelado por este ensayo de Daniel Pennac, convertido en un cl\u00e1sico. Lejos de toda grandilocuencia y del sentimiento de superioridad que suele hacer de profesores, padres y lectores figuras antip\u00e1ticas y medio rid\u00edculas, el autor pone en escena el amor por leer pero sobre todo el desamor, porque los verdaderos protagonistas de este libro son los adolescentes, angustiados ante los intimidantes mamotretos de las lecturas obligatorias.<br \/> Con la claridad de quien ha pensado largamente en el asunto y con un conocimiento preciso perceptible en cada frase de las dificultades reales que entra\u00f1a la ense\u00f1anza de la literatura, Pennac formula pro-puestas de rara sensatez. No hay aqu\u00ed sermones ni moralina literatosa, sino una feroz y amable autocr\u00edtica, poco habitual entre los supuestos promotores de la lectura.\u00a0\u00a0\u00a0<br \/> Aunque fue publicado originalmente en 1992, cuando los enemigos de la literatura parec\u00edan ser el cine y la televisi\u00f3n, este hermoso libro no solo mantiene su vigencia sino que parece particularmente adecuado para enfrentar el presente.<br \/> Alejandro Zambra<br \/> Ilustraci\u00f3n de cubierta<br \/> Carmen M. C\u00e1ceres<\/p>\n","protected":false},"excerpt":{"rendered":"<p>PENNAC, DANIEL<\/p>\n","protected":false},"featured_media":133454,"template":"","meta":{"_acf_changed":false,"om_disable_all_campaigns":false,"rs_blank_template":"","rs_page_bg_color":"","slide_template_v7":"","inline_featured_image":false,"_monsterinsights_skip_tracking":false,"_monsterinsights_sitenote_active":false,"_monsterinsights_sitenote_note":"","_monsterinsights_sitenote_category":0},"product_brand":[],"product_cat":[87],"product_tag":[],"class_list":{"0":"post-133453","1":"product","2":"type-product","3":"status-publish","4":"has-post-thumbnail","6":"product_cat-literatura","8":"first","9":"instock","10":"taxable","11":"shipping-taxable","12":"purchasable","13":"product-type-simple"},"acf":{"editorial":[{"ID":6219,"post_author":"3","post_date":"2022-07-28 17:47:26","post_date_gmt":"2022-07-28 15:47:26","post_content":"","post_title":"Editorial Anagrama S.A.","post_excerpt":"","post_status":"publish","comment_status":"closed","ping_status":"closed","post_password":"","post_name":"editorial-anagrama-s-a","to_ping":"","pinged":"","post_modified":"2022-07-28 17:47:26","post_modified_gmt":"2022-07-28 15:47:26","post_content_filtered":"","post_parent":0,"guid":"http:\/\/dev.claret.cat\/editorial\/editorial-anagrama-s-a\/","menu_order":0,"post_type":"editorial","post_mime_type":"","comment_count":"0","filter":"raw"}],"autor":"PENNAC, DANIEL","codart":"843390228","libros-coleccion":"COMPACTOS 50","ediciones":"1","encuadernacion":"R\u00fastica","fecha_de_publicacion":"01\/07\/2019","novedad":"1","paginas":"198","subtitulo":"","orden":"0","portada":"0","idioma":"spa","autores-libros":[{"ID":153626,"post_author":"3","post_date":"2022-10-14 14:58:14","post_date_gmt":"2022-10-14 12:58:14","post_content":"","post_title":"DANIEL PENNAC","post_excerpt":"","post_status":"publish","comment_status":"closed","ping_status":"closed","post_password":"","post_name":"daniel-pennac","to_ping":"","pinged":"","post_modified":"2022-10-14 14:58:14","post_modified_gmt":"2022-10-14 12:58:14","post_content_filtered":"","post_parent":0,"guid":"http:\/\/dev.claret.cat\/autor\/daniel-pennac\/","menu_order":0,"post_type":"autor","post_mime_type":"","comment_count":"0","filter":"raw"}]},"aioseo_notices":[],"_links":{"self":[{"href":"https:\/\/www.claret.cat\/es\/wp-json\/wp\/v2\/product\/133453","targetHints":{"allow":["GET"]}}],"collection":[{"href":"https:\/\/www.claret.cat\/es\/wp-json\/wp\/v2\/product"}],"about":[{"href":"https:\/\/www.claret.cat\/es\/wp-json\/wp\/v2\/types\/product"}],"wp:featuredmedia":[{"embeddable":true,"href":"https:\/\/www.claret.cat\/es\/wp-json\/wp\/v2\/media\/133454"}],"wp:attachment":[{"href":"https:\/\/www.claret.cat\/es\/wp-json\/wp\/v2\/media?parent=133453"}],"wp:term":[{"taxonomy":"product_brand","embeddable":true,"href":"https:\/\/www.claret.cat\/es\/wp-json\/wp\/v2\/product_brand?post=133453"},{"taxonomy":"product_cat","embeddable":true,"href":"https:\/\/www.claret.cat\/es\/wp-json\/wp\/v2\/product_cat?post=133453"},{"taxonomy":"product_tag","embeddable":true,"href":"https:\/\/www.claret.cat\/es\/wp-json\/wp\/v2\/product_tag?post=133453"}],"curies":[{"name":"wp","href":"https:\/\/api.w.org\/{rel}","templated":true}]}}