{"id":133468,"date":"2022-10-13T01:00:07","date_gmt":"2022-10-12T23:00:07","guid":{"rendered":"http:\/\/dev.claret.cat\/producte\/judici-a-la-democracia\/"},"modified":"2023-01-28T11:25:28","modified_gmt":"2023-01-28T10:25:28","slug":"judici-a-la-democracia-9788417188955","status":"publish","type":"product","link":"https:\/\/www.claret.cat\/es\/libro\/judici-a-la-democracia-9788417188955\/","title":{"rendered":"JUDICI A LA DEMOCR\u00c0CIA"},"content":{"rendered":"<p>Se n\u2019ha dit de moltes formes: \u201cjudici a la democr\u00e0cia\u201d, \u201cjudici al proc\u00e9s\u201d, \u201cjudici de la vergonya\u201d&#8230; La causa especial 20907\/2017, per la qual s\u2019han jutjat els actes del Govern de la Generalitat entorn al Primer d\u2019Octubre, \u00e9s possiblement la m\u00e9s transcendental pol\u00edticament de la hist\u00f2ria de Catalunya. La judicialitzaci\u00f3 de la vida pol\u00edtica catalana va arribar al seu punt \u00e0lgid durant aquelles setmanes i el que s\u2019hi va viure quedar\u00e0 gravat a la mem\u00f2ria de moltes generacions. Aquesta obra deixa const\u00e0ncia de les frases m\u00e9s significatives del judici i il\u00b7lustra els rostres de dignitat dels presos pol\u00edtics catalans (i els d\u2019alguns testimonis) al llarg d\u2019aquelles jornades maratonianes. <br \/>\u00abLlegint el que comen\u00e7areu a llegir ara trobareu molts detalls que, en la vor\u00e0gine del dia a dia de les interminables sessions del judici, se m&#8217;havien o se&#8217;ns havien escapat. Aqu\u00ed tenim una mena de guia que ens servir\u00e0 per refrescar la mem\u00f2ria i calcular la dist\u00e0ncia que hi ha entre la realitat, que tots hem vist, i la \u00abveritat jur\u00eddica\u00bb, que \u00e9s la veritat que construir\u00e0 el Tribunal per arribar a una conclusi\u00f3 jur\u00eddica amb la qual condemnar\u00e0 o absoldr\u00e0.\u00bb<\/p>\n","protected":false},"excerpt":{"rendered":"<p>BOYE, GONZALO \/ AA.VV<\/p>\n","protected":false},"featured_media":133469,"template":"","meta":{"_acf_changed":false,"om_disable_all_campaigns":false,"rs_blank_template":"","rs_page_bg_color":"","slide_template_v7":"","inline_featured_image":false,"_monsterinsights_skip_tracking":false,"_monsterinsights_sitenote_active":false,"_monsterinsights_sitenote_note":"","_monsterinsights_sitenote_category":0},"product_brand":[],"product_cat":[16],"product_tag":[],"class_list":{"0":"post-133468","1":"product","2":"type-product","3":"status-publish","4":"has-post-thumbnail","6":"product_cat-sense-categoria","8":"first","9":"instock","10":"taxable","11":"shipping-taxable","12":"purchasable","13":"product-type-simple"},"acf":{"editorial":[{"ID":6222,"post_author":"3","post_date":"2022-07-28 17:47:31","post_date_gmt":"2022-07-28 15:47:31","post_content":"","post_title":"Editorial Comanegra","post_excerpt":"","post_status":"publish","comment_status":"closed","ping_status":"closed","post_password":"","post_name":"editorial-comanegra","to_ping":"","pinged":"","post_modified":"2022-07-28 17:47:31","post_modified_gmt":"2022-07-28 15:47:31","post_content_filtered":"","post_parent":0,"guid":"http:\/\/dev.claret.cat\/editorial\/editorial-comanegra\/","menu_order":0,"post_type":"editorial","post_mime_type":"","comment_count":"0","filter":"raw"}],"autores-libros":[{"ID":5198,"post_author":"3","post_date":"2022-07-28 17:16:52","post_date_gmt":"2022-07-28 15:16:52","post_content":"","post_title":"AA.VV","post_excerpt":"","post_status":"publish","comment_status":"closed","ping_status":"closed","post_password":"","post_name":"aa-vv-2","to_ping":"","pinged":"","post_modified":"2022-07-28 17:16:52","post_modified_gmt":"2022-07-28 15:16:52","post_content_filtered":"","post_parent":0,"guid":"http:\/\/dev.claret.cat\/autor\/aa-vv-2\/","menu_order":0,"post_type":"autor","post_mime_type":"","comment_count":"0","filter":"raw"},{"ID":157039,"post_author":"3","post_date":"2022-10-14 15:25:38","post_date_gmt":"2022-10-14 13:25:38","post_content":"","post_title":"GONZALO BOYE","post_excerpt":"","post_status":"publish","comment_status":"closed","ping_status":"closed","post_password":"","post_name":"gonzalo-boye","to_ping":"","pinged":"","post_modified":"2022-10-14 15:25:38","post_modified_gmt":"2022-10-14 13:25:38","post_content_filtered":"","post_parent":0,"guid":"http:\/\/dev.claret.cat\/autor\/gonzalo-boye\/","menu_order":0,"post_type":"autor","post_mime_type":"","comment_count":"0","filter":"raw"}],"autor":"BOYE, GONZALO \/ AA.VV","codart":"841718895","libros-coleccion":"","ediciones":"1","encuadernacion":"R\u00fastica","fecha_de_publicacion":"01\/07\/2019","novedad":"1","paginas":"132","subtitulo":"FRASES PER A LA HIST\u00d2RIA","orden":"0","portada":"0","idioma":"cat"},"aioseo_notices":[],"_links":{"self":[{"href":"https:\/\/www.claret.cat\/es\/wp-json\/wp\/v2\/product\/133468","targetHints":{"allow":["GET"]}}],"collection":[{"href":"https:\/\/www.claret.cat\/es\/wp-json\/wp\/v2\/product"}],"about":[{"href":"https:\/\/www.claret.cat\/es\/wp-json\/wp\/v2\/types\/product"}],"wp:featuredmedia":[{"embeddable":true,"href":"https:\/\/www.claret.cat\/es\/wp-json\/wp\/v2\/media\/133469"}],"wp:attachment":[{"href":"https:\/\/www.claret.cat\/es\/wp-json\/wp\/v2\/media?parent=133468"}],"wp:term":[{"taxonomy":"product_brand","embeddable":true,"href":"https:\/\/www.claret.cat\/es\/wp-json\/wp\/v2\/product_brand?post=133468"},{"taxonomy":"product_cat","embeddable":true,"href":"https:\/\/www.claret.cat\/es\/wp-json\/wp\/v2\/product_cat?post=133468"},{"taxonomy":"product_tag","embeddable":true,"href":"https:\/\/www.claret.cat\/es\/wp-json\/wp\/v2\/product_tag?post=133468"}],"curies":[{"name":"wp","href":"https:\/\/api.w.org\/{rel}","templated":true}]}}