{"id":133570,"date":"2022-10-13T01:01:38","date_gmt":"2022-10-12T23:01:38","guid":{"rendered":"http:\/\/dev.claret.cat\/producte\/polican-3-historia-de-dos-mininos\/"},"modified":"2026-02-27T19:20:21","modified_gmt":"2026-02-27T18:20:21","slug":"polican-3-historia-de-dos-mininos-9788491820246","status":"publish","type":"product","link":"https:\/\/www.claret.cat\/es\/libro\/polican-3-historia-de-dos-mininos-9788491820246\/","title":{"rendered":"POLIC\u00c1N 3: HISTORIA DE DOS MININOS"},"content":{"rendered":"<p>Jorge y Berto tienen una profesora nueva: Maripi Llina. Y mola bastante, aunque les hace leer unos libracos gord\u00edsimos, maduros y profundos&#8230; que, en el fondo, no est\u00e1n tan mal. Inspirados por &#8216;Historia de dos ciudades&#8217;, de Charles Dickens, nuestros dos comiqueros favoritos han creado un nuevo tebeo de Polic\u00e1n: una historia de opresi\u00f3n, redenci\u00f3n, resurrecci\u00f3n y esperanza(ci\u00f3n). Con todos ustedes, \u00a1&#8217;Historia de dos mininos&#8217;!<\/p>\n","protected":false},"excerpt":{"rendered":"<p>PILKEY, DAV<\/p>\n","protected":false},"featured_media":133571,"template":"","meta":{"_acf_changed":false,"om_disable_all_campaigns":false,"rs_blank_template":"","rs_page_bg_color":"","slide_template_v7":"","inline_featured_image":false,"_monsterinsights_skip_tracking":false,"_monsterinsights_sitenote_active":false,"_monsterinsights_sitenote_note":"","_monsterinsights_sitenote_category":0},"product_brand":[],"product_cat":[86,352],"product_tag":[],"class_list":{"0":"post-133570","1":"product","2":"type-product","3":"status-publish","4":"has-post-thumbnail","6":"product_cat-infantil","7":"product_cat-infantil-3_infantil-juvenil-spa","9":"first","10":"instock","11":"taxable","12":"shipping-taxable","13":"purchasable","14":"product-type-simple"},"acf":{"editorial":[{"ID":147854,"post_author":"3","post_date":"2022-10-14 11:53:43","post_date_gmt":"2022-10-14 09:53:43","post_content":"","post_title":"EDICIONES SM","post_excerpt":"","post_status":"publish","comment_status":"closed","ping_status":"closed","post_password":"","post_name":"ediciones-sm","to_ping":"","pinged":"","post_modified":"2022-10-14 11:53:43","post_modified_gmt":"2022-10-14 09:53:43","post_content_filtered":"","post_parent":0,"guid":"http:\/\/dev.claret.cat\/editorial\/ediciones-sm\/","menu_order":0,"post_type":"editorial","post_mime_type":"","comment_count":"0","filter":"raw"}],"autor":"PILKEY, DAV","codart":"849182024","libros-coleccion":"Capit\u00e1n Calzoncillos","ediciones":"1","encuadernacion":"R\u00fastica","fecha_de_publicacion":"01\/07\/2019","novedad":"1","paginas":"256","subtitulo":"","orden":"0","portada":"0","idioma":"spa","autores-libros":[{"ID":153712,"post_author":"3","post_date":"2022-10-14 14:58:56","post_date_gmt":"2022-10-14 12:58:56","post_content":"","post_title":"DAV PILKEY","post_excerpt":"","post_status":"publish","comment_status":"closed","ping_status":"closed","post_password":"","post_name":"dav-pilkey","to_ping":"","pinged":"","post_modified":"2022-10-14 14:58:56","post_modified_gmt":"2022-10-14 12:58:56","post_content_filtered":"","post_parent":0,"guid":"http:\/\/dev.claret.cat\/autor\/dav-pilkey\/","menu_order":0,"post_type":"autor","post_mime_type":"","comment_count":"0","filter":"raw"}],"booktrailer":"","resenas":""},"aioseo_notices":[],"_links":{"self":[{"href":"https:\/\/www.claret.cat\/es\/wp-json\/wp\/v2\/product\/133570","targetHints":{"allow":["GET"]}}],"collection":[{"href":"https:\/\/www.claret.cat\/es\/wp-json\/wp\/v2\/product"}],"about":[{"href":"https:\/\/www.claret.cat\/es\/wp-json\/wp\/v2\/types\/product"}],"wp:featuredmedia":[{"embeddable":true,"href":"https:\/\/www.claret.cat\/es\/wp-json\/wp\/v2\/media\/133571"}],"wp:attachment":[{"href":"https:\/\/www.claret.cat\/es\/wp-json\/wp\/v2\/media?parent=133570"}],"wp:term":[{"taxonomy":"product_brand","embeddable":true,"href":"https:\/\/www.claret.cat\/es\/wp-json\/wp\/v2\/product_brand?post=133570"},{"taxonomy":"product_cat","embeddable":true,"href":"https:\/\/www.claret.cat\/es\/wp-json\/wp\/v2\/product_cat?post=133570"},{"taxonomy":"product_tag","embeddable":true,"href":"https:\/\/www.claret.cat\/es\/wp-json\/wp\/v2\/product_tag?post=133570"}],"curies":[{"name":"wp","href":"https:\/\/api.w.org\/{rel}","templated":true}]}}