{"id":133576,"date":"2022-10-13T01:01:44","date_gmt":"2022-10-12T23:01:44","guid":{"rendered":"http:\/\/dev.claret.cat\/producte\/creepypastas\/"},"modified":"2023-01-28T10:28:51","modified_gmt":"2023-01-28T09:28:51","slug":"creepypastas-9788491825647","status":"publish","type":"product","link":"https:\/\/www.claret.cat\/es\/libro\/creepypastas-9788491825647\/","title":{"rendered":"CREEPYPASTAS"},"content":{"rendered":"<p>Tal vez hayas ido a un lugar al que no debiste ir.Puede que hayas hecho algo que no debiste hacer. Quiz\u00e1 te est\u00e9 acechando algo que no es normal. Si es as\u00ed, deber\u00edas saber algunas de las cosas que cuenta este libro. Porque su autor ha estado ah\u00ed. S\u00ed, ah\u00ed: en ese lugar del que pocos vuelven. Estas son sus principales advertencias. Evita los espejos. Evita la oscuridad. De los espejos que hay en lugares oscuros, ni hablamos.Si ves algo que otros no ven, huye. Si escuchas c\u00e1nticos siniestros, no vayas hacia ellos. Piensa dos veces si debes visitar ese manicomio abandonado. Piensa dos veces si quieres nadar de noche en ese lago oscuro en mitad del bosque. Cuando viajes, inf\u00f3rmate de las leyendas locales. Si tu televisi\u00f3n muestra est\u00e1tica, ajusta la sintonizaci\u00f3n. Y recuerda: la est\u00e1tica YA NO ES NORMAL.Ten en cuenta que, si parpadeas, el monstruo desaparecer\u00e1. Y pasar\u00e1 a estar detr\u00e1s de ti. Nunca leas libros con historias terror\u00edficas y ciertas. Podr\u00edas no volver a ser la misma persona. Podr\u00edas no volver.<\/p>\n","protected":false},"excerpt":{"rendered":"<p>HIJO, TOM\u00c1S<\/p>\n","protected":false},"featured_media":133577,"template":"","meta":{"_acf_changed":false,"om_disable_all_campaigns":false,"rs_blank_template":"","rs_page_bg_color":"","slide_template_v7":"","inline_featured_image":false,"_monsterinsights_skip_tracking":false,"_monsterinsights_sitenote_active":false,"_monsterinsights_sitenote_note":"","_monsterinsights_sitenote_category":0},"product_brand":[],"product_cat":[86],"product_tag":[],"class_list":{"0":"post-133576","1":"product","2":"type-product","3":"status-publish","4":"has-post-thumbnail","6":"product_cat-infantil","8":"first","9":"instock","10":"taxable","11":"shipping-taxable","12":"purchasable","13":"product-type-simple"},"acf":{"editorial":[{"ID":147854,"post_author":"3","post_date":"2022-10-14 11:53:43","post_date_gmt":"2022-10-14 09:53:43","post_content":"","post_title":"EDICIONES SM","post_excerpt":"","post_status":"publish","comment_status":"closed","ping_status":"closed","post_password":"","post_name":"ediciones-sm","to_ping":"","pinged":"","post_modified":"2022-10-14 11:53:43","post_modified_gmt":"2022-10-14 09:53:43","post_content_filtered":"","post_parent":0,"guid":"http:\/\/dev.claret.cat\/editorial\/ediciones-sm\/","menu_order":0,"post_type":"editorial","post_mime_type":"","comment_count":"0","filter":"raw"}],"autor":"HIJO, TOM\u00c1S","codart":"849182564","libros-coleccion":"","ediciones":"1","encuadernacion":"R\u00fastica","fecha_de_publicacion":"01\/07\/2019","novedad":"1","paginas":"150","subtitulo":"","orden":"0","portada":"0","idioma":"spa","autores-libros":[{"ID":170502,"post_author":"3","post_date":"2022-10-14 22:35:51","post_date_gmt":"2022-10-14 20:35:51","post_content":"","post_title":"TOM\u00c1S HIJO","post_excerpt":"","post_status":"publish","comment_status":"closed","ping_status":"closed","post_password":"","post_name":"tomas-hijo","to_ping":"","pinged":"","post_modified":"2022-10-14 22:35:51","post_modified_gmt":"2022-10-14 20:35:51","post_content_filtered":"","post_parent":0,"guid":"http:\/\/dev.claret.cat\/autor\/tomas-hijo\/","menu_order":0,"post_type":"autor","post_mime_type":"","comment_count":"0","filter":"raw"}]},"aioseo_notices":[],"_links":{"self":[{"href":"https:\/\/www.claret.cat\/es\/wp-json\/wp\/v2\/product\/133576","targetHints":{"allow":["GET"]}}],"collection":[{"href":"https:\/\/www.claret.cat\/es\/wp-json\/wp\/v2\/product"}],"about":[{"href":"https:\/\/www.claret.cat\/es\/wp-json\/wp\/v2\/types\/product"}],"wp:featuredmedia":[{"embeddable":true,"href":"https:\/\/www.claret.cat\/es\/wp-json\/wp\/v2\/media\/133577"}],"wp:attachment":[{"href":"https:\/\/www.claret.cat\/es\/wp-json\/wp\/v2\/media?parent=133576"}],"wp:term":[{"taxonomy":"product_brand","embeddable":true,"href":"https:\/\/www.claret.cat\/es\/wp-json\/wp\/v2\/product_brand?post=133576"},{"taxonomy":"product_cat","embeddable":true,"href":"https:\/\/www.claret.cat\/es\/wp-json\/wp\/v2\/product_cat?post=133576"},{"taxonomy":"product_tag","embeddable":true,"href":"https:\/\/www.claret.cat\/es\/wp-json\/wp\/v2\/product_tag?post=133576"}],"curies":[{"name":"wp","href":"https:\/\/api.w.org\/{rel}","templated":true}]}}