{"id":133615,"date":"2022-10-13T01:02:21","date_gmt":"2022-10-12T23:02:21","guid":{"rendered":"http:\/\/dev.claret.cat\/producte\/aventuras-en-el-museo-del-prado\/"},"modified":"2023-01-28T22:28:02","modified_gmt":"2023-01-28T21:28:02","slug":"aventuras-en-el-museo-del-prado-9788469626832","status":"publish","type":"product","link":"https:\/\/www.claret.cat\/es\/libro\/aventuras-en-el-museo-del-prado-9788469626832\/","title":{"rendered":"AVENTURAS EN EL MUSEO DEL PRADO"},"content":{"rendered":"<p>Un precioso libro de cuentos cortos centrado en los cuadros protagonizados por ni\u00f1os m\u00e1s famosos del Museo del Prado, uno de los museos m\u00e1s importantes del mundo.<\/p>\n","protected":false},"excerpt":{"rendered":"<p>L\u00d3PEZ NARV\u00c1EZ, CONCHA \/ SALMER\u00d3N L\u00d3PEZ, RAFAEL<\/p>\n","protected":false},"featured_media":133616,"template":"","meta":{"_acf_changed":false,"om_disable_all_campaigns":false,"rs_blank_template":"","rs_page_bg_color":"","slide_template_v7":"","inline_featured_image":false,"_monsterinsights_skip_tracking":false,"_monsterinsights_sitenote_active":false,"_monsterinsights_sitenote_note":"","_monsterinsights_sitenote_category":0},"product_brand":[],"product_cat":[110,86],"product_tag":[],"class_list":{"0":"post-133615","1":"product","2":"type-product","3":"status-publish","4":"has-post-thumbnail","6":"product_cat-art","7":"product_cat-infantil","9":"first","10":"instock","11":"taxable","12":"shipping-taxable","13":"purchasable","14":"product-type-simple"},"acf":{"autor":"L\u00d3PEZ NARV\u00c1EZ, CONCHA \/ SALMER\u00d3N L\u00d3PEZ, RAFAEL","codart":"846962683","libros-coleccion":"Castellano - A Partir De 6 A\u00f1os - Cuento","ediciones":"1","encuadernacion":"Carton\u00e9","fecha_de_publicacion":"01\/07\/2019","novedad":"1","paginas":"152","subtitulo":"","orden":"0","portada":"0","idioma":"spa","editorial":[{"ID":147936,"post_author":"3","post_date":"2022-10-14 11:54:22","post_date_gmt":"2022-10-14 09:54:22","post_content":"","post_title":"Editorial Bru\u00f1o","post_excerpt":"","post_status":"publish","comment_status":"closed","ping_status":"closed","post_password":"","post_name":"editorial-bruno","to_ping":"","pinged":"","post_modified":"2022-10-14 11:54:22","post_modified_gmt":"2022-10-14 09:54:22","post_content_filtered":"","post_parent":0,"guid":"http:\/\/dev.claret.cat\/editorial\/editorial-bruno\/","menu_order":0,"post_type":"editorial","post_mime_type":"","comment_count":"0","filter":"raw"}],"autores-libros":[{"ID":153195,"post_author":"3","post_date":"2022-10-14 14:54:49","post_date_gmt":"2022-10-14 12:54:49","post_content":"","post_title":"CONCHA LOPEZ NARVAEZ","post_excerpt":"","post_status":"publish","comment_status":"closed","ping_status":"closed","post_password":"","post_name":"concha-lopez-narvaez","to_ping":"","pinged":"","post_modified":"2022-10-14 14:54:49","post_modified_gmt":"2022-10-14 12:54:49","post_content_filtered":"","post_parent":0,"guid":"http:\/\/dev.claret.cat\/autor\/concha-lopez-narvaez\/","menu_order":0,"post_type":"autor","post_mime_type":"","comment_count":"0","filter":"raw"},{"ID":167615,"post_author":"3","post_date":"2022-10-14 18:12:37","post_date_gmt":"2022-10-14 16:12:37","post_content":"","post_title":"RAFAEL SALMER\u00d3N L\u00d3PEZ","post_excerpt":"","post_status":"publish","comment_status":"closed","ping_status":"closed","post_password":"","post_name":"rafael-salmeron-lopez","to_ping":"","pinged":"","post_modified":"2022-10-14 18:12:37","post_modified_gmt":"2022-10-14 16:12:37","post_content_filtered":"","post_parent":0,"guid":"http:\/\/dev.claret.cat\/autor\/rafael-salmeron-lopez\/","menu_order":0,"post_type":"autor","post_mime_type":"","comment_count":"0","filter":"raw"}]},"aioseo_notices":[],"_links":{"self":[{"href":"https:\/\/www.claret.cat\/es\/wp-json\/wp\/v2\/product\/133615","targetHints":{"allow":["GET"]}}],"collection":[{"href":"https:\/\/www.claret.cat\/es\/wp-json\/wp\/v2\/product"}],"about":[{"href":"https:\/\/www.claret.cat\/es\/wp-json\/wp\/v2\/types\/product"}],"wp:featuredmedia":[{"embeddable":true,"href":"https:\/\/www.claret.cat\/es\/wp-json\/wp\/v2\/media\/133616"}],"wp:attachment":[{"href":"https:\/\/www.claret.cat\/es\/wp-json\/wp\/v2\/media?parent=133615"}],"wp:term":[{"taxonomy":"product_brand","embeddable":true,"href":"https:\/\/www.claret.cat\/es\/wp-json\/wp\/v2\/product_brand?post=133615"},{"taxonomy":"product_cat","embeddable":true,"href":"https:\/\/www.claret.cat\/es\/wp-json\/wp\/v2\/product_cat?post=133615"},{"taxonomy":"product_tag","embeddable":true,"href":"https:\/\/www.claret.cat\/es\/wp-json\/wp\/v2\/product_tag?post=133615"}],"curies":[{"name":"wp","href":"https:\/\/api.w.org\/{rel}","templated":true}]}}