{"id":133636,"date":"2022-10-13T01:02:40","date_gmt":"2022-10-12T23:02:40","guid":{"rendered":"http:\/\/dev.claret.cat\/producte\/ho-tornarem-a-fer\/"},"modified":"2025-01-31T14:11:22","modified_gmt":"2025-01-31T13:11:22","slug":"ho-tornarem-a-fer-9788417804206","status":"publish","type":"product","link":"https:\/\/www.claret.cat\/es\/libro\/ho-tornarem-a-fer-9788417804206\/","title":{"rendered":"HO TORNAREM A FER"},"content":{"rendered":"<p>Quan t\u2019han pres la llibertat fruit d\u2019una injust\u00edcia, qu\u00e8 et queda? La possibilitat d\u2019obeir la pr\u00f2pia consci\u00e8ncia i no caure en la resignaci\u00f3 ni en la frustraci\u00f3. Ni com a persona ni com a poble. En Jordi Cuixart, el president d\u2019\u00d2mnium Cultural, ha decidit transformar la tristesa i la grisor d\u2019una cel\u00b7la en el millor altaveu de la lluita compartida per l\u2019autodeterminaci\u00f3 i els drets humans. Ens convida a no defallir, a protestar, a escoltar&#8230; i a la mobilitzaci\u00f3 permanent noviolenta. Ho tornarem a fer \u00e9s un manifest personal i col\u00b7lectiu, meditat despr\u00e9s de m\u00e9s de 20 mesos a la pres\u00f3 i 52 sessions al Judici a la Democr\u00e0cia del Tribunal Suprem, on ens commina a perdre la por i a exercir a consci\u00e8ncia les llibertats fonamentals amena\u00e7ades a Catalunya i arreu del m\u00f3n.<\/p>\n","protected":false},"excerpt":{"rendered":"<p>CUIXART, JORDI<\/p>\n","protected":false},"featured_media":133637,"template":"","meta":{"_acf_changed":false,"om_disable_all_campaigns":false,"rs_blank_template":"","rs_page_bg_color":"","slide_template_v7":"","inline_featured_image":false,"_monsterinsights_skip_tracking":false,"_monsterinsights_sitenote_active":false,"_monsterinsights_sitenote_note":"","_monsterinsights_sitenote_category":0},"product_brand":[],"product_cat":[90,540],"product_tag":[],"class_list":{"0":"post-133636","1":"product","2":"type-product","3":"status-publish","4":"has-post-thumbnail","6":"product_cat-altres","7":"product_cat-otros","9":"first","10":"instock","11":"taxable","12":"shipping-taxable","13":"purchasable","14":"product-type-simple"},"acf":{"autor":"CUIXART, JORDI","codart":"841780420","libros-coleccion":"Ara Idees","ediciones":"1","encuadernacion":"R\u00fastica","fecha_de_publicacion":"01\/06\/2019","novedad":"1","paginas":"96","subtitulo":"QUAN LA INJUST\u00cdCIA \u00c9S LA LLEI, LA DESOBEDI\u00c8NCIA CIVIL \u00c9S UN DRET","orden":"0","portada":"0","idioma":"cat","editorial":[{"ID":147453,"post_author":"3","post_date":"2022-10-14 11:50:42","post_date_gmt":"2022-10-14 09:50:42","post_content":"","post_title":"ARA LLIBRES","post_excerpt":"","post_status":"publish","comment_status":"closed","ping_status":"closed","post_password":"","post_name":"ara-llibres","to_ping":"","pinged":"","post_modified":"2022-10-14 11:50:42","post_modified_gmt":"2022-10-14 09:50:42","post_content_filtered":"","post_parent":0,"guid":"http:\/\/dev.claret.cat\/editorial\/ara-llibres\/","menu_order":0,"post_type":"editorial","post_mime_type":"","comment_count":"0","filter":"raw"}],"autores-libros":[{"ID":159880,"post_author":"3","post_date":"2022-10-14 15:48:29","post_date_gmt":"2022-10-14 13:48:29","post_content":"","post_title":"JORDI CUIXART","post_excerpt":"","post_status":"publish","comment_status":"closed","ping_status":"closed","post_password":"","post_name":"jordi-cuixart","to_ping":"","pinged":"","post_modified":"2022-10-14 15:48:29","post_modified_gmt":"2022-10-14 13:48:29","post_content_filtered":"","post_parent":0,"guid":"http:\/\/dev.claret.cat\/autor\/jordi-cuixart\/","menu_order":0,"post_type":"autor","post_mime_type":"","comment_count":"0","filter":"raw"}]},"aioseo_notices":[],"_links":{"self":[{"href":"https:\/\/www.claret.cat\/es\/wp-json\/wp\/v2\/product\/133636","targetHints":{"allow":["GET"]}}],"collection":[{"href":"https:\/\/www.claret.cat\/es\/wp-json\/wp\/v2\/product"}],"about":[{"href":"https:\/\/www.claret.cat\/es\/wp-json\/wp\/v2\/types\/product"}],"wp:featuredmedia":[{"embeddable":true,"href":"https:\/\/www.claret.cat\/es\/wp-json\/wp\/v2\/media\/133637"}],"wp:attachment":[{"href":"https:\/\/www.claret.cat\/es\/wp-json\/wp\/v2\/media?parent=133636"}],"wp:term":[{"taxonomy":"product_brand","embeddable":true,"href":"https:\/\/www.claret.cat\/es\/wp-json\/wp\/v2\/product_brand?post=133636"},{"taxonomy":"product_cat","embeddable":true,"href":"https:\/\/www.claret.cat\/es\/wp-json\/wp\/v2\/product_cat?post=133636"},{"taxonomy":"product_tag","embeddable":true,"href":"https:\/\/www.claret.cat\/es\/wp-json\/wp\/v2\/product_tag?post=133636"}],"curies":[{"name":"wp","href":"https:\/\/api.w.org\/{rel}","templated":true}]}}