{"id":133696,"date":"2022-10-13T08:22:56","date_gmt":"2022-10-13T06:22:56","guid":{"rendered":"http:\/\/dev.claret.cat\/producte\/el-meu-amic\/"},"modified":"2023-01-28T08:52:46","modified_gmt":"2023-01-28T07:52:46","slug":"el-meu-amic-9788417074791","status":"publish","type":"product","link":"https:\/\/www.claret.cat\/es\/libro\/el-meu-amic-9788417074791\/","title":{"rendered":"EL MEU AMIC"},"content":{"rendered":"<p>Hay un ni\u00f1o nuevo en el colegio de Archibaldo. Sam es diferente a los dem\u00e1s, juega a juegos distintos y dice cosas sorprendentes. \u00bfSer\u00e1 fastidioso no ser igual a los otros? Archibaldo lo descubrir\u00e1&#8230;<br \/>Sam no sabe jugar al pillapilla ni a muchos otros juegos populares entre los ni\u00f1os. \u00c9l observa el cielo y descubre a un drag\u00f3n chino. Piensa que la peonza de Archibaldo parece un cicl\u00f3n formidable? Archibaldo est\u00e1 un poco desconcertado con las cosas tan raras que dice Sam.<br \/>Un d\u00eda en el parque, Archibaldo mira a su alrededor y comprende que cada \u00e1rbol es \u00fanico y que, justamente por ello, el lugar resulta maravilloso.<br \/>As\u00ed, poco a poco, Sam y \u00e9l se hacen muy amigos y comparten el tiempo y las diferencias. Una nueva entrega de la saga de Archibaldo (Mi amor, Un amor de hermanita.<br \/>Lo que pap\u00e1 me ha dicho&#8230;) que ense\u00f1a de una forma po\u00e9tica y tierna que la diversidad hace la vida m\u00e1s rica e interesante.<br \/>Una lecci\u00f3n importante que los padres y profesores deben inculcar a los peque\u00f1os, mostr\u00e1ndoles que el rechazo y los prejuicios hacia lo que no conocen y lo que no es igual a uno, no sirven para crecer y ser mejores personas sino todo lo contrario.<br \/>La apertura, la tolerancia y la aceptaci\u00f3n, en cambio, hacen que el lugar que est\u00e1 dentro de cada uno de nosotros sea realmente maravilloso.<\/p>\n","protected":false},"excerpt":{"rendered":"<p>DESBORDES, ASTRID<\/p>\n","protected":false},"featured_media":133697,"template":"","meta":{"_acf_changed":false,"om_disable_all_campaigns":false,"rs_blank_template":"","rs_page_bg_color":"","slide_template_v7":"","inline_featured_image":false,"_monsterinsights_skip_tracking":false,"_monsterinsights_sitenote_active":false,"_monsterinsights_sitenote_note":"","_monsterinsights_sitenote_category":0},"product_brand":[],"product_cat":[86],"product_tag":[],"class_list":{"0":"post-133696","1":"product","2":"type-product","3":"status-publish","4":"has-post-thumbnail","6":"product_cat-infantil","8":"first","9":"instock","10":"taxable","11":"shipping-taxable","12":"purchasable","13":"product-type-simple"},"acf":{"autor":"DESBORDES, ASTRID","codart":"841707479","libros-coleccion":"Kokinos","ediciones":"1","encuadernacion":"Carton\u00e9","fecha_de_publicacion":"01\/04\/2019","novedad":"1","paginas":"38","subtitulo":"","orden":"0","portada":"0","idioma":"cat","editorial":[{"ID":147996,"post_author":"3","post_date":"2022-10-14 11:54:50","post_date_gmt":"2022-10-14 09:54:50","post_content":"","post_title":"Editorial K\u00f3kinos","post_excerpt":"","post_status":"publish","comment_status":"closed","ping_status":"closed","post_password":"","post_name":"editorial-kokinos","to_ping":"","pinged":"","post_modified":"2022-10-14 11:54:50","post_modified_gmt":"2022-10-14 09:54:50","post_content_filtered":"","post_parent":0,"guid":"http:\/\/dev.claret.cat\/editorial\/editorial-kokinos\/","menu_order":0,"post_type":"editorial","post_mime_type":"","comment_count":"0","filter":"raw"}],"autores-libros":[{"ID":151206,"post_author":"3","post_date":"2022-10-14 14:39:03","post_date_gmt":"2022-10-14 12:39:03","post_content":"","post_title":"ASTRID DESBORDES","post_excerpt":"","post_status":"publish","comment_status":"closed","ping_status":"closed","post_password":"","post_name":"astrid-desbordes","to_ping":"","pinged":"","post_modified":"2022-10-14 14:39:03","post_modified_gmt":"2022-10-14 12:39:03","post_content_filtered":"","post_parent":0,"guid":"http:\/\/dev.claret.cat\/autor\/astrid-desbordes\/","menu_order":0,"post_type":"autor","post_mime_type":"","comment_count":"0","filter":"raw"}]},"aioseo_notices":[],"_links":{"self":[{"href":"https:\/\/www.claret.cat\/es\/wp-json\/wp\/v2\/product\/133696","targetHints":{"allow":["GET"]}}],"collection":[{"href":"https:\/\/www.claret.cat\/es\/wp-json\/wp\/v2\/product"}],"about":[{"href":"https:\/\/www.claret.cat\/es\/wp-json\/wp\/v2\/types\/product"}],"wp:featuredmedia":[{"embeddable":true,"href":"https:\/\/www.claret.cat\/es\/wp-json\/wp\/v2\/media\/133697"}],"wp:attachment":[{"href":"https:\/\/www.claret.cat\/es\/wp-json\/wp\/v2\/media?parent=133696"}],"wp:term":[{"taxonomy":"product_brand","embeddable":true,"href":"https:\/\/www.claret.cat\/es\/wp-json\/wp\/v2\/product_brand?post=133696"},{"taxonomy":"product_cat","embeddable":true,"href":"https:\/\/www.claret.cat\/es\/wp-json\/wp\/v2\/product_cat?post=133696"},{"taxonomy":"product_tag","embeddable":true,"href":"https:\/\/www.claret.cat\/es\/wp-json\/wp\/v2\/product_tag?post=133696"}],"curies":[{"name":"wp","href":"https:\/\/api.w.org\/{rel}","templated":true}]}}