{"id":133711,"date":"2022-10-13T08:23:10","date_gmt":"2022-10-13T06:23:10","guid":{"rendered":"http:\/\/dev.claret.cat\/producte\/iliada-5\/"},"modified":"2023-01-28T08:10:02","modified_gmt":"2023-01-28T07:10:02","slug":"iliada-9788416948321","status":"publish","type":"product","link":"https:\/\/www.claret.cat\/es\/libro\/iliada-9788416948321\/","title":{"rendered":"IL\u00cdADA"},"content":{"rendered":"<p>La Il\u00edada \u00e9s el poema \u00e8pic m\u00e9s antic de la literatura grega i l&#8217;obra principal que va conformar la identitat dels grecs com a poble. Al costat de l&#8217;Odissea, ha influ\u00eft decisivament, al llarg dels segles, en la cultura occidental. La ira d&#8217;Aquil\u00b7leu contra Agam\u00e8mnon, els combats acarnissats entre aqueus i troians, la darrera trobada d&#8217;H\u00e8ctor i Andr\u00f2maca, els enganys i les inger\u00e8ncies dels d\u00e9us, la mort de P\u00e0trocle o la compassi\u00f3 del victori\u00f3s Aquil\u00b7leu davant les s\u00fapliques del vell Pr\u00edam s\u00f3n alguns dels episodis m\u00e9s impressionants i inoblidables de la guerra de Troia que han acompanyat els lectors i els oients de totes les \u00e8poques, i que trobareu en aquest volum gr\u00e0cies a l&#8217;espl\u00e8ndida traducci\u00f3 de Montserrat Ros.<\/p>\n","protected":false},"excerpt":{"rendered":"<p>HOMER<\/p>\n","protected":false},"featured_media":133712,"template":"","meta":{"_acf_changed":false,"om_disable_all_campaigns":false,"rs_blank_template":"","rs_page_bg_color":"","slide_template_v7":"","inline_featured_image":false,"_monsterinsights_skip_tracking":false,"_monsterinsights_sitenote_active":false,"_monsterinsights_sitenote_note":"","_monsterinsights_sitenote_category":0},"product_brand":[],"product_cat":[87],"product_tag":[],"class_list":{"0":"post-133711","1":"product","2":"type-product","3":"status-publish","4":"has-post-thumbnail","6":"product_cat-literatura","8":"first","9":"instock","10":"taxable","11":"shipping-taxable","12":"purchasable","13":"product-type-simple"},"acf":{"editorial":[{"ID":6112,"post_author":"3","post_date":"2022-07-28 17:45:09","post_date_gmt":"2022-07-28 15:45:09","post_content":"","post_title":"ADESIARA EDITORIAL","post_excerpt":"","post_status":"publish","comment_status":"closed","ping_status":"closed","post_password":"","post_name":"adesiara-editorial","to_ping":"","pinged":"","post_modified":"2022-07-28 17:45:09","post_modified_gmt":"2022-07-28 15:45:09","post_content_filtered":"","post_parent":0,"guid":"http:\/\/dev.claret.cat\/editorial\/adesiara-editorial\/","menu_order":0,"post_type":"editorial","post_mime_type":"","comment_count":"0","filter":"raw"}],"autores-libros":[{"ID":5542,"post_author":"3","post_date":"2022-07-28 17:26:13","post_date_gmt":"2022-07-28 15:26:13","post_content":"","post_title":"HOMER","post_excerpt":"","post_status":"publish","comment_status":"closed","ping_status":"closed","post_password":"","post_name":"homer","to_ping":"","pinged":"","post_modified":"2022-07-28 17:26:13","post_modified_gmt":"2022-07-28 15:26:13","post_content_filtered":"","post_parent":0,"guid":"http:\/\/dev.claret.cat\/autor\/homer\/","menu_order":0,"post_type":"autor","post_mime_type":"","comment_count":"0","filter":"raw"}],"autor":"HOMER","codart":"841694832","libros-coleccion":"Summa Aetatis","ediciones":"1","encuadernacion":"Carton\u00e9","fecha_de_publicacion":"01\/04\/2019","novedad":"1","paginas":"1168","subtitulo":"","orden":"0","portada":"0","idioma":"cat"},"aioseo_notices":[],"_links":{"self":[{"href":"https:\/\/www.claret.cat\/es\/wp-json\/wp\/v2\/product\/133711","targetHints":{"allow":["GET"]}}],"collection":[{"href":"https:\/\/www.claret.cat\/es\/wp-json\/wp\/v2\/product"}],"about":[{"href":"https:\/\/www.claret.cat\/es\/wp-json\/wp\/v2\/types\/product"}],"wp:featuredmedia":[{"embeddable":true,"href":"https:\/\/www.claret.cat\/es\/wp-json\/wp\/v2\/media\/133712"}],"wp:attachment":[{"href":"https:\/\/www.claret.cat\/es\/wp-json\/wp\/v2\/media?parent=133711"}],"wp:term":[{"taxonomy":"product_brand","embeddable":true,"href":"https:\/\/www.claret.cat\/es\/wp-json\/wp\/v2\/product_brand?post=133711"},{"taxonomy":"product_cat","embeddable":true,"href":"https:\/\/www.claret.cat\/es\/wp-json\/wp\/v2\/product_cat?post=133711"},{"taxonomy":"product_tag","embeddable":true,"href":"https:\/\/www.claret.cat\/es\/wp-json\/wp\/v2\/product_tag?post=133711"}],"curies":[{"name":"wp","href":"https:\/\/api.w.org\/{rel}","templated":true}]}}