{"id":133807,"date":"2022-10-13T08:24:36","date_gmt":"2022-10-13T06:24:36","guid":{"rendered":"http:\/\/dev.claret.cat\/producte\/defensores-de-la-fe\/"},"modified":"2025-02-06T12:22:39","modified_gmt":"2025-02-06T11:22:39","slug":"defensores-de-la-fe-9788417407568","status":"publish","type":"product","link":"https:\/\/www.claret.cat\/es\/libro\/defensores-de-la-fe-9788417407568\/","title":{"rendered":"DEFENSORES DE LA FE"},"content":{"rendered":"<p>La historia de la Iglesia est\u00e1 repleta de momentos de crisis y de tribulaci\u00f3n, como el auge de las herej\u00edas en los primeros siglos, la ruptura protestante o la expansi\u00f3n de las ideolog\u00edas modernas. No obstante, en esos momentos en que la existencia misma de la instituci\u00f3n parec\u00eda amenazada, surgieron personajes que la defendieron incluso con su vida. Sirvi\u00e9ndose del rigor del acad\u00e9mico y de la sencillez del divulgador, el padre Charles P. Connor sumerge al lector en los avatares vitales de figuras como san Atanasio, que combati\u00f3 vigorosamente la herej\u00eda arriana; san Juan Fisher, que defendi\u00f3 hasta el martirio la primac\u00eda papal; Hilaire Belloc, que puso su brillante formaci\u00f3n intelectual al servicio de la fe verdadera; o el cardenal Ratzinger, a quien ya en 2003 se percib\u00eda como alguien que, en tiempos de confusi\u00f3n y mentira, contribuy\u00f3 a avivar el esplendor de la verdad. Alejado en este sentido de los libros de historia convencionales, Defensores de la fe interpela personalmente a sus lectores. As\u00ed, ayudar\u00e1 al cat\u00f3lico a encontrarle sentido a su fe en un tiempo hostil, tan necesitado de m\u00e1rtires, y quiz\u00e1 le descubra al no creyente el aliento sobrenatural que ha impulsado a la Iglesia a lo largo de los siglos.<\/p>\n","protected":false},"excerpt":{"rendered":"<p>CHARLES P. CONNOR<\/p>\n","protected":false},"featured_media":133808,"template":"","meta":{"_acf_changed":false,"om_disable_all_campaigns":false,"rs_blank_template":"","rs_page_bg_color":"","slide_template_v7":"","inline_featured_image":false,"_monsterinsights_skip_tracking":false,"_monsterinsights_sitenote_active":false,"_monsterinsights_sitenote_note":"","_monsterinsights_sitenote_category":0},"product_brand":[],"product_cat":[543,93,345,79],"product_tag":[],"class_list":{"0":"post-133807","1":"product","2":"type-product","3":"status-publish","4":"has-post-thumbnail","6":"product_cat-eclesiologia-es","7":"product_cat-eclesiologia","8":"product_cat-espiritualidad","9":"product_cat-espiritualitat","11":"first","12":"instock","13":"taxable","14":"shipping-taxable","15":"purchasable","16":"product-type-simple"},"acf":{"autor":"CHARLES P. CONNOR","codart":"841740756","libros-coleccion":"","ediciones":"1","encuadernacion":"R\u00fastica","fecha_de_publicacion":"26\/04\/2019","novedad":"1","paginas":"259","subtitulo":"","orden":"0","portada":"0","idioma":"spa","editorial":[{"ID":148267,"post_author":"3","post_date":"2022-10-14 11:56:55","post_date_gmt":"2022-10-14 09:56:55","post_content":"","post_title":"HOMOLEGENS","post_excerpt":"","post_status":"publish","comment_status":"closed","ping_status":"closed","post_password":"","post_name":"homolegens","to_ping":"","pinged":"","post_modified":"2022-10-14 11:56:55","post_modified_gmt":"2022-10-14 09:56:55","post_content_filtered":"","post_parent":0,"guid":"http:\/\/dev.claret.cat\/editorial\/homolegens\/","menu_order":0,"post_type":"editorial","post_mime_type":"","comment_count":"0","filter":"raw"}],"autores-libros":[{"ID":152770,"post_author":"3","post_date":"2022-10-14 14:51:26","post_date_gmt":"2022-10-14 12:51:26","post_content":"","post_title":"CHARLES P. CONNOR","post_excerpt":"","post_status":"publish","comment_status":"closed","ping_status":"closed","post_password":"","post_name":"charles-p-connor","to_ping":"","pinged":"","post_modified":"2022-10-14 14:51:26","post_modified_gmt":"2022-10-14 12:51:26","post_content_filtered":"","post_parent":0,"guid":"http:\/\/dev.claret.cat\/autor\/charles-p-connor\/","menu_order":0,"post_type":"autor","post_mime_type":"","comment_count":"0","filter":"raw"}]},"aioseo_notices":[],"_links":{"self":[{"href":"https:\/\/www.claret.cat\/es\/wp-json\/wp\/v2\/product\/133807","targetHints":{"allow":["GET"]}}],"collection":[{"href":"https:\/\/www.claret.cat\/es\/wp-json\/wp\/v2\/product"}],"about":[{"href":"https:\/\/www.claret.cat\/es\/wp-json\/wp\/v2\/types\/product"}],"wp:featuredmedia":[{"embeddable":true,"href":"https:\/\/www.claret.cat\/es\/wp-json\/wp\/v2\/media\/133808"}],"wp:attachment":[{"href":"https:\/\/www.claret.cat\/es\/wp-json\/wp\/v2\/media?parent=133807"}],"wp:term":[{"taxonomy":"product_brand","embeddable":true,"href":"https:\/\/www.claret.cat\/es\/wp-json\/wp\/v2\/product_brand?post=133807"},{"taxonomy":"product_cat","embeddable":true,"href":"https:\/\/www.claret.cat\/es\/wp-json\/wp\/v2\/product_cat?post=133807"},{"taxonomy":"product_tag","embeddable":true,"href":"https:\/\/www.claret.cat\/es\/wp-json\/wp\/v2\/product_tag?post=133807"}],"curies":[{"name":"wp","href":"https:\/\/api.w.org\/{rel}","templated":true}]}}