{"id":133843,"date":"2022-10-13T08:25:10","date_gmt":"2022-10-13T06:25:10","guid":{"rendered":"http:\/\/dev.claret.cat\/producte\/pequeno-diccionario-visual-de-terminos-de-arte\/"},"modified":"2024-11-23T11:01:41","modified_gmt":"2024-11-23T10:01:41","slug":"pequeno-diccionario-visual-de-terminos-de-arte-9788437639987","status":"publish","type":"product","link":"https:\/\/www.claret.cat\/es\/libro\/pequeno-diccionario-visual-de-terminos-de-arte-9788437639987\/","title":{"rendered":"PEQUE\u00d1O DICCIONARIO VISUAL DE T\u00c9RMINOS DE ARTE"},"content":{"rendered":"<p>En este  &#8216; Peque\u00f1o diccionario visual &#8216;  el lector encontrar\u00e1 de forma sencilla, accesible <br \/> y manejable un conjunto de t\u00e9rminos relacionados con el arte y las disciplinas b\u00e1sicas que lo componen: arquitectura, pintura, escultura. Junto a las principales disciplinas mencionadas aparecen otras como la alfarer\u00eda, la cer\u00e1mica, la her\u00e1ldica, la gl\u00edptica, la orfebrer\u00eda, la ebanister\u00eda, la eboraria o el grabado. Las voces aparecen traducidas al ingl\u00e9s, franc\u00e9s, alem\u00e1n e italiano. <br \/> Este libro nos ayudar\u00e1 a comprender mejor el arte, las t\u00e9cnicas art\u00edsticas en sus distintas manifestaciones y servir\u00e1 como punto de partida para posteriores estudios y profundizar en los distintos significados de los vocablos que aqu\u00ed aparecen.<\/p>\n","protected":false},"excerpt":{"rendered":"<p>PLAZA ESCUDERO, LORENZO DE LA \/ MORALES G\u00d3MEZ, ADORACI\u00d3N \/ MART\u00cdNEZ MURILLO, JO<\/p>\n","protected":false},"featured_media":133844,"template":"","meta":{"_acf_changed":false,"om_disable_all_campaigns":false,"rs_blank_template":"","rs_page_bg_color":"","slide_template_v7":"","inline_featured_image":false,"_monsterinsights_skip_tracking":false,"_monsterinsights_sitenote_active":false,"_monsterinsights_sitenote_note":"","_monsterinsights_sitenote_category":0},"product_brand":[],"product_cat":[110,560],"product_tag":[],"class_list":{"0":"post-133843","1":"product","2":"type-product","3":"status-publish","4":"has-post-thumbnail","6":"product_cat-art","7":"product_cat-arte","9":"first","10":"instock","11":"taxable","12":"shipping-taxable","13":"purchasable","14":"product-type-simple"},"acf":{"autor":"PLAZA ESCUDERO, LORENZO DE LA \/ MORALES G\u00d3MEZ, ADORACI\u00d3N \/ MART\u00cdNEZ MURILLO, JO","codart":"843763998","libros-coleccion":"Cuadernos Arte C\u00e1tedra","ediciones":"1","encuadernacion":"Carton\u00e9","fecha_de_publicacion":"01\/04\/2019","novedad":"1","paginas":"288","subtitulo":"","orden":"0","portada":"0","idioma":"spa","editorial":[{"ID":147789,"post_author":"3","post_date":"2022-10-14 11:53:14","post_date_gmt":"2022-10-14 09:53:14","post_content":"","post_title":"EDICIONES CATEDRA","post_excerpt":"","post_status":"publish","comment_status":"closed","ping_status":"closed","post_password":"","post_name":"ediciones-catedra","to_ping":"","pinged":"","post_modified":"2022-10-14 11:53:14","post_modified_gmt":"2022-10-14 09:53:14","post_content_filtered":"","post_parent":0,"guid":"http:\/\/dev.claret.cat\/editorial\/ediciones-catedra\/","menu_order":0,"post_type":"editorial","post_mime_type":"","comment_count":"0","filter":"raw"}],"autores-libros":[{"ID":162477,"post_author":"3","post_date":"2022-10-14 17:31:20","post_date_gmt":"2022-10-14 15:31:20","post_content":"","post_title":"LORENZO DE LA PLAZA ESCUDERO","post_excerpt":"","post_status":"publish","comment_status":"closed","ping_status":"closed","post_password":"","post_name":"lorenzo-de-la-plaza-escudero","to_ping":"","pinged":"","post_modified":"2022-10-14 17:31:20","post_modified_gmt":"2022-10-14 15:31:20","post_content_filtered":"","post_parent":0,"guid":"http:\/\/dev.claret.cat\/autor\/lorenzo-de-la-plaza-escudero\/","menu_order":0,"post_type":"autor","post_mime_type":"","comment_count":"0","filter":"raw"},{"ID":149163,"post_author":"3","post_date":"2022-10-14 14:22:40","post_date_gmt":"2022-10-14 12:22:40","post_content":"","post_title":"ADORACI\u00d3N MORALES G\u00d3MEZ","post_excerpt":"","post_status":"publish","comment_status":"closed","ping_status":"closed","post_password":"","post_name":"adoracion-morales-gomez","to_ping":"","pinged":"","post_modified":"2022-10-14 14:22:40","post_modified_gmt":"2022-10-14 12:22:40","post_content_filtered":"","post_parent":0,"guid":"http:\/\/dev.claret.cat\/autor\/adoracion-morales-gomez\/","menu_order":0,"post_type":"autor","post_mime_type":"","comment_count":"0","filter":"raw"},{"ID":159220,"post_author":"3","post_date":"2022-10-14 15:43:04","post_date_gmt":"2022-10-14 13:43:04","post_content":"","post_title":"JO MART\u00cdNEZ MURILLO","post_excerpt":"","post_status":"publish","comment_status":"closed","ping_status":"closed","post_password":"","post_name":"jo-martinez-murillo","to_ping":"","pinged":"","post_modified":"2022-10-14 15:43:04","post_modified_gmt":"2022-10-14 13:43:04","post_content_filtered":"","post_parent":0,"guid":"http:\/\/dev.claret.cat\/autor\/jo-martinez-murillo\/","menu_order":0,"post_type":"autor","post_mime_type":"","comment_count":"0","filter":"raw"}]},"aioseo_notices":[],"_links":{"self":[{"href":"https:\/\/www.claret.cat\/es\/wp-json\/wp\/v2\/product\/133843","targetHints":{"allow":["GET"]}}],"collection":[{"href":"https:\/\/www.claret.cat\/es\/wp-json\/wp\/v2\/product"}],"about":[{"href":"https:\/\/www.claret.cat\/es\/wp-json\/wp\/v2\/types\/product"}],"wp:featuredmedia":[{"embeddable":true,"href":"https:\/\/www.claret.cat\/es\/wp-json\/wp\/v2\/media\/133844"}],"wp:attachment":[{"href":"https:\/\/www.claret.cat\/es\/wp-json\/wp\/v2\/media?parent=133843"}],"wp:term":[{"taxonomy":"product_brand","embeddable":true,"href":"https:\/\/www.claret.cat\/es\/wp-json\/wp\/v2\/product_brand?post=133843"},{"taxonomy":"product_cat","embeddable":true,"href":"https:\/\/www.claret.cat\/es\/wp-json\/wp\/v2\/product_cat?post=133843"},{"taxonomy":"product_tag","embeddable":true,"href":"https:\/\/www.claret.cat\/es\/wp-json\/wp\/v2\/product_tag?post=133843"}],"curies":[{"name":"wp","href":"https:\/\/api.w.org\/{rel}","templated":true}]}}