{"id":133918,"date":"2022-10-13T08:26:15","date_gmt":"2022-10-13T06:26:15","guid":{"rendered":"http:\/\/dev.claret.cat\/producte\/jacky-el-oso-de-tallac-y-otros-cuentos\/"},"modified":"2025-11-28T17:40:27","modified_gmt":"2025-11-28T16:40:27","slug":"jacky-el-oso-de-tallac-y-otros-cuentos-9788427216853","status":"publish","type":"product","link":"https:\/\/www.claret.cat\/es\/libro\/jacky-el-oso-de-tallac-y-otros-cuentos-9788427216853\/","title":{"rendered":"JACKY, EL OSO DE TALLAC, Y OTROS CUENTOS"},"content":{"rendered":"<p>&#8216;Jacky, Jacky, vagabundo y feliz est\u00e1 que se va por el mundo?&#8217; As\u00ed empieza la canci\u00f3n que nos introdujo en el mundo de Jacky y Nuca. Unos dibujos animados tiernos, divertidos e ic\u00f3nicos inspirados en la obra original de Ernest Thompson Seton. En Jacky, el oso de Tallac, el pionero conservacionista Seton narra la historia de Jacky y Jill, dos oseznos que, tras la muerte de su madre, pasan a manos de un granjero de las monta\u00f1as. El relato es una oda a la naturaleza, un retrato implacable del conflicto del hombre contra lo salvaje y, ante todo, la apasionante lucha de una bestia indomable por su libertad. Incluye las historias Jacky, el oso de Tallac, Tras la pista del ciervo y El oso Johnny. Las series de tu vida antes fueron libros.<\/p>\n","protected":false},"excerpt":{"rendered":"<p>THOMPSON SETON, ERNEST<\/p>\n","protected":false},"featured_media":1068993,"template":"","meta":{"_acf_changed":false,"om_disable_all_campaigns":false,"rs_blank_template":"","rs_page_bg_color":"","slide_template_v7":"","inline_featured_image":false,"_monsterinsights_skip_tracking":false,"_monsterinsights_sitenote_active":false,"_monsterinsights_sitenote_note":"","_monsterinsights_sitenote_category":0},"product_brand":[],"product_cat":[90,540],"product_tag":[],"class_list":{"0":"post-133918","1":"product","2":"type-product","3":"status-publish","4":"has-post-thumbnail","6":"product_cat-altres","7":"product_cat-otros","9":"first","10":"outofstock","11":"taxable","12":"shipping-taxable","13":"purchasable","14":"product-type-simple"},"acf":{"editorial":[{"ID":6346,"post_author":"3","post_date":"2022-07-28 17:50:13","post_date_gmt":"2022-07-28 15:50:13","post_content":"","post_title":"RBA Molino","post_excerpt":"","post_status":"publish","comment_status":"closed","ping_status":"closed","post_password":"","post_name":"rba-molino","to_ping":"","pinged":"","post_modified":"2022-07-28 17:50:13","post_modified_gmt":"2022-07-28 15:50:13","post_content_filtered":"","post_parent":0,"guid":"http:\/\/dev.claret.cat\/editorial\/rba-molino\/","menu_order":0,"post_type":"editorial","post_mime_type":"","comment_count":"0","filter":"raw"}],"autor":"THOMPSON SETON, ERNEST","codart":"842721685","libros-coleccion":"OTROS JUVENIL","ediciones":"1","encuadernacion":"Carton\u00e9","fecha_de_publicacion":"01\/04\/2019","novedad":"0","paginas":"329","subtitulo":"","orden":"0","portada":"0","idioma":"spa","autores-libros":[{"ID":155314,"post_author":"3","post_date":"2022-10-14 15:11:51","post_date_gmt":"2022-10-14 13:11:51","post_content":"","post_title":"ERNEST THOMPSON SETON","post_excerpt":"","post_status":"publish","comment_status":"closed","ping_status":"closed","post_password":"","post_name":"ernest-thompson-seton","to_ping":"","pinged":"","post_modified":"2022-10-14 15:11:51","post_modified_gmt":"2022-10-14 13:11:51","post_content_filtered":"","post_parent":0,"guid":"http:\/\/dev.claret.cat\/autor\/ernest-thompson-seton\/","menu_order":0,"post_type":"autor","post_mime_type":"","comment_count":"0","filter":"raw"}],"booktrailer":"","resenas":""},"aioseo_notices":[],"_links":{"self":[{"href":"https:\/\/www.claret.cat\/es\/wp-json\/wp\/v2\/product\/133918","targetHints":{"allow":["GET"]}}],"collection":[{"href":"https:\/\/www.claret.cat\/es\/wp-json\/wp\/v2\/product"}],"about":[{"href":"https:\/\/www.claret.cat\/es\/wp-json\/wp\/v2\/types\/product"}],"wp:featuredmedia":[{"embeddable":true,"href":"https:\/\/www.claret.cat\/es\/wp-json\/wp\/v2\/media\/1068993"}],"wp:attachment":[{"href":"https:\/\/www.claret.cat\/es\/wp-json\/wp\/v2\/media?parent=133918"}],"wp:term":[{"taxonomy":"product_brand","embeddable":true,"href":"https:\/\/www.claret.cat\/es\/wp-json\/wp\/v2\/product_brand?post=133918"},{"taxonomy":"product_cat","embeddable":true,"href":"https:\/\/www.claret.cat\/es\/wp-json\/wp\/v2\/product_cat?post=133918"},{"taxonomy":"product_tag","embeddable":true,"href":"https:\/\/www.claret.cat\/es\/wp-json\/wp\/v2\/product_tag?post=133918"}],"curies":[{"name":"wp","href":"https:\/\/api.w.org\/{rel}","templated":true}]}}