{"id":133921,"date":"2022-10-13T08:26:18","date_gmt":"2022-10-13T06:26:18","guid":{"rendered":"http:\/\/dev.claret.cat\/producte\/resuelve-el-misterio\/"},"modified":"2025-04-07T12:30:52","modified_gmt":"2025-04-07T10:30:52","slug":"resuelve-el-misterio-9788427214637","status":"publish","type":"product","link":"https:\/\/www.claret.cat\/es\/libro\/resuelve-el-misterio-9788427214637\/","title":{"rendered":"\u00a1RESUELVE EL MISTERIO!"},"content":{"rendered":"<p>Alguien quiere hacerse con el tesoro escondido de una exc\u00e9ntica millonaria. Pero la b\u00fasqueda del culpable se ve complicada por todo tipo de acertijos, enigmas, oscuros secretos y un mont\u00f3n de decisiones imposibles. Por si fuese poco, Carlos es el encargado de investigar lo ocurrido y no ha resuelto un misterio en su vida, as\u00ed que va a necesitar tu ayuda para resolver su primer caso. \u00bfPodr\u00e1s ayudarle a \u00e9l y a sus amigos a descubrir al culpable, encontrar el tesoro y salvar la agencia de detectives de su madre? T\u00fa DECIDES A QU\u00e9 SOSPECHOSOS INTERROGAR, QU\u00e9 PREGUNTAS HACER Y QU\u00e9 PISTAS SEGUIR<\/p>\n","protected":false},"excerpt":{"rendered":"<p>MAGAZINER LAUREN<\/p>\n","protected":false},"featured_media":133922,"template":"","meta":{"_acf_changed":false,"om_disable_all_campaigns":false,"rs_blank_template":"","rs_page_bg_color":"","slide_template_v7":"","inline_featured_image":false,"_monsterinsights_skip_tracking":false,"_monsterinsights_sitenote_active":false,"_monsterinsights_sitenote_note":"","_monsterinsights_sitenote_category":0},"product_brand":[],"product_cat":[90,540],"product_tag":[],"class_list":{"0":"post-133921","1":"product","2":"type-product","3":"status-publish","4":"has-post-thumbnail","6":"product_cat-altres","7":"product_cat-otros","9":"first","10":"instock","11":"taxable","12":"shipping-taxable","13":"purchasable","14":"product-type-simple"},"acf":{"editorial":[{"ID":6346,"post_author":"3","post_date":"2022-07-28 17:50:13","post_date_gmt":"2022-07-28 15:50:13","post_content":"","post_title":"RBA Molino","post_excerpt":"","post_status":"publish","comment_status":"closed","ping_status":"closed","post_password":"","post_name":"rba-molino","to_ping":"","pinged":"","post_modified":"2022-07-28 17:50:13","post_modified_gmt":"2022-07-28 15:50:13","post_content_filtered":"","post_parent":0,"guid":"http:\/\/dev.claret.cat\/editorial\/rba-molino\/","menu_order":0,"post_type":"editorial","post_mime_type":"","comment_count":"0","filter":"raw"}],"autor":"MAGAZINER LAUREN","codart":"842721463","libros-coleccion":"FICCI\u00d3N KIDS","ediciones":"1","encuadernacion":"Carton\u00e9","fecha_de_publicacion":"01\/04\/2019","novedad":"1","paginas":"431","subtitulo":"","orden":"0","portada":"0","idioma":"spa","autores-libros":[{"ID":162973,"post_author":"3","post_date":"2022-10-14 17:35:18","post_date_gmt":"2022-10-14 15:35:18","post_content":"","post_title":"MAGAZINER LAUREN","post_excerpt":"","post_status":"publish","comment_status":"closed","ping_status":"closed","post_password":"","post_name":"magaziner-lauren","to_ping":"","pinged":"","post_modified":"2022-10-14 17:35:18","post_modified_gmt":"2022-10-14 15:35:18","post_content_filtered":"","post_parent":0,"guid":"http:\/\/dev.claret.cat\/autor\/magaziner-lauren\/","menu_order":0,"post_type":"autor","post_mime_type":"","comment_count":"0","filter":"raw"}]},"aioseo_notices":[],"_links":{"self":[{"href":"https:\/\/www.claret.cat\/es\/wp-json\/wp\/v2\/product\/133921","targetHints":{"allow":["GET"]}}],"collection":[{"href":"https:\/\/www.claret.cat\/es\/wp-json\/wp\/v2\/product"}],"about":[{"href":"https:\/\/www.claret.cat\/es\/wp-json\/wp\/v2\/types\/product"}],"wp:featuredmedia":[{"embeddable":true,"href":"https:\/\/www.claret.cat\/es\/wp-json\/wp\/v2\/media\/133922"}],"wp:attachment":[{"href":"https:\/\/www.claret.cat\/es\/wp-json\/wp\/v2\/media?parent=133921"}],"wp:term":[{"taxonomy":"product_brand","embeddable":true,"href":"https:\/\/www.claret.cat\/es\/wp-json\/wp\/v2\/product_brand?post=133921"},{"taxonomy":"product_cat","embeddable":true,"href":"https:\/\/www.claret.cat\/es\/wp-json\/wp\/v2\/product_cat?post=133921"},{"taxonomy":"product_tag","embeddable":true,"href":"https:\/\/www.claret.cat\/es\/wp-json\/wp\/v2\/product_tag?post=133921"}],"curies":[{"name":"wp","href":"https:\/\/api.w.org\/{rel}","templated":true}]}}