{"id":133924,"date":"2022-10-13T08:26:21","date_gmt":"2022-10-13T06:26:21","guid":{"rendered":"http:\/\/dev.claret.cat\/producte\/los-5-detectives-6-misterio-en-la-casa-escondida\/"},"modified":"2025-04-07T13:01:16","modified_gmt":"2025-04-07T11:01:16","slug":"los-5-detectives-6-misterio-en-la-casa-escondida-9788427207844","status":"publish","type":"product","link":"https:\/\/www.claret.cat\/es\/libro\/los-5-detectives-6-misterio-en-la-casa-escondida-9788427207844\/","title":{"rendered":"LOS 5 DETECTIVES 6: MISTERIO EN LA CASA ESCONDIDA"},"content":{"rendered":"<p>Goon recibe en casa a su sobrino Ern de visita, un chico con una curiosa afici\u00f3n a la poes\u00eda. Tras una divertida confusi\u00f3n, Los cinco detectives deciden crear un misterio con pistas falsas para enga\u00f1ar a Ern, pero acaban encontrando un verdadero enigma. Los misteriosos casos de Los cinco detectives en una atractiva edici\u00f3n ilustrada.<\/p>\n","protected":false},"excerpt":{"rendered":"<p>BLYTON ENID<\/p>\n","protected":false},"featured_media":997040,"template":"","meta":{"_acf_changed":false,"om_disable_all_campaigns":false,"rs_blank_template":"","rs_page_bg_color":"","slide_template_v7":"","inline_featured_image":false,"_monsterinsights_skip_tracking":false,"_monsterinsights_sitenote_active":false,"_monsterinsights_sitenote_note":"","_monsterinsights_sitenote_category":0},"product_brand":[],"product_cat":[90,540],"product_tag":[],"class_list":{"0":"post-133924","1":"product","2":"type-product","3":"status-publish","4":"has-post-thumbnail","6":"product_cat-altres","7":"product_cat-otros","9":"first","10":"outofstock","11":"taxable","12":"shipping-taxable","13":"purchasable","14":"product-type-simple"},"acf":{"editorial":[{"ID":6346,"post_author":"3","post_date":"2022-07-28 17:50:13","post_date_gmt":"2022-07-28 15:50:13","post_content":"","post_title":"RBA Molino","post_excerpt":"","post_status":"publish","comment_status":"closed","ping_status":"closed","post_password":"","post_name":"rba-molino","to_ping":"","pinged":"","post_modified":"2022-07-28 17:50:13","post_modified_gmt":"2022-07-28 15:50:13","post_content_filtered":"","post_parent":0,"guid":"http:\/\/dev.claret.cat\/editorial\/rba-molino\/","menu_order":0,"post_type":"editorial","post_mime_type":"","comment_count":"0","filter":"raw"}],"autor":"BLYTON ENID","codart":"842720784","libros-coleccion":"INOLVIDABLES","ediciones":"1","encuadernacion":"Carton\u00e9","fecha_de_publicacion":"01\/04\/2019","novedad":"0","paginas":"229","subtitulo":"","orden":"0","portada":"0","idioma":"spa","autores-libros":[{"ID":151777,"post_author":"3","post_date":"2022-10-14 14:43:33","post_date_gmt":"2022-10-14 12:43:33","post_content":"","post_title":"BLYTON ENID","post_excerpt":"","post_status":"publish","comment_status":"closed","ping_status":"closed","post_password":"","post_name":"blyton-enid","to_ping":"","pinged":"","post_modified":"2022-10-14 14:43:33","post_modified_gmt":"2022-10-14 12:43:33","post_content_filtered":"","post_parent":0,"guid":"http:\/\/dev.claret.cat\/autor\/blyton-enid\/","menu_order":0,"post_type":"autor","post_mime_type":"","comment_count":"0","filter":"raw"}]},"aioseo_notices":[],"_links":{"self":[{"href":"https:\/\/www.claret.cat\/es\/wp-json\/wp\/v2\/product\/133924","targetHints":{"allow":["GET"]}}],"collection":[{"href":"https:\/\/www.claret.cat\/es\/wp-json\/wp\/v2\/product"}],"about":[{"href":"https:\/\/www.claret.cat\/es\/wp-json\/wp\/v2\/types\/product"}],"wp:featuredmedia":[{"embeddable":true,"href":"https:\/\/www.claret.cat\/es\/wp-json\/wp\/v2\/media\/997040"}],"wp:attachment":[{"href":"https:\/\/www.claret.cat\/es\/wp-json\/wp\/v2\/media?parent=133924"}],"wp:term":[{"taxonomy":"product_brand","embeddable":true,"href":"https:\/\/www.claret.cat\/es\/wp-json\/wp\/v2\/product_brand?post=133924"},{"taxonomy":"product_cat","embeddable":true,"href":"https:\/\/www.claret.cat\/es\/wp-json\/wp\/v2\/product_cat?post=133924"},{"taxonomy":"product_tag","embeddable":true,"href":"https:\/\/www.claret.cat\/es\/wp-json\/wp\/v2\/product_tag?post=133924"}],"curies":[{"name":"wp","href":"https:\/\/api.w.org\/{rel}","templated":true}]}}