{"id":134026,"date":"2022-10-13T08:27:54","date_gmt":"2022-10-13T06:27:54","guid":{"rendered":"http:\/\/dev.claret.cat\/producte\/huckleberry-finn\/"},"modified":"2026-04-09T10:45:34","modified_gmt":"2026-04-09T08:45:34","slug":"huckleberry-finn-9788446047193","status":"publish","type":"product","link":"https:\/\/www.claret.cat\/es\/libro\/huckleberry-finn-9788446047193\/","title":{"rendered":"HUCKLEBERRY FINN"},"content":{"rendered":"<p>Una edici\u00f3n hist\u00f3rica de un cl\u00e1sico estadounidense que pondr\u00e1 de relieve a\u00fan m\u00e1s la importancia de Twain para las generaciones venideras.<br \/>Este precioso volumen, presenta la novela tal como la escribi\u00f3 Mark Twain, ilustrada con las 175 ilustraciones originales de E. W. Kemble en sepia. Estas se complementan con curiosas fotograf\u00edas, dibujos, grabados, dibujos animados, mapas y otros dise\u00f1os de Kemble, algunos in\u00e9ditas, todo ello maravillosamente integrado en el texto para resaltar las complejidades de la fascinante obra de Twain. Huckleberry Finn. Edici\u00f3n anotada es una edici\u00f3n hist\u00f3rica de un cl\u00e1sico estadounidense que pondr\u00e1 de relieve a\u00fan m\u00e1s la importancia de Twain para las generaciones venideras.<br \/>En esta edici\u00f3n, los personajes de Hannibal, Misuri, cobran vida, como si el mismo Hearn estuviera manejando la balsa. Nos encontramos, entre otros, con la bondadosa viuda Douglas; la temida se\u00f1orita Watson; el esclavo fugitivo ilustrado Jim; un desfile interminable de ladrones, propietarios de esclavos y oportunistas; as\u00ed como a Tom Sawyer y la t\u00eda Sally, cuyo deseo de adoptar y \u00absivilizar\u00bb a Huck impulsa a este a huir al oeste americano. Del mismo modo, el r\u00edo Mississippi \u00abemerge como una fuerza viva, independientemente de los vanos intentos de los hombres por domesticarlo\u00bb. Hearn, al ilustrar temas literarios e hist\u00f3ricos nunca antes conocidos, demuestra que Huckleberry Finn hizo algo m\u00e1s que redefinir el \u00ablibro del chico malo\u00bb; galvaniz\u00f3 y transform\u00f3 la literatura mundial.<\/p>\n","protected":false},"excerpt":{"rendered":"<p>TWAIN, MARK<\/p>\n","protected":false},"featured_media":1095809,"template":"","meta":{"_acf_changed":false,"om_disable_all_campaigns":false,"rs_blank_template":"","rs_page_bg_color":"","slide_template_v7":"","inline_featured_image":false,"_monsterinsights_skip_tracking":false,"_monsterinsights_sitenote_active":false,"_monsterinsights_sitenote_note":"","_monsterinsights_sitenote_category":0},"product_brand":[],"product_cat":[87,353],"product_tag":[],"class_list":{"0":"post-134026","1":"product","2":"type-product","3":"status-publish","4":"has-post-thumbnail","6":"product_cat-literatura","7":"product_cat-literatura-2_humanidades","9":"first","10":"instock","11":"taxable","12":"shipping-taxable","13":"purchasable","14":"product-type-simple"},"acf":{"editorial":[{"ID":6115,"post_author":"3","post_date":"2022-07-28 17:45:13","post_date_gmt":"2022-07-28 15:45:13","post_content":"","post_title":"AKAL, EDICIONES S.A.","post_excerpt":"","post_status":"publish","comment_status":"closed","ping_status":"closed","post_password":"","post_name":"akal-ediciones-s-a","to_ping":"","pinged":"","post_modified":"2022-07-28 17:45:13","post_modified_gmt":"2022-07-28 15:45:13","post_content_filtered":"","post_parent":0,"guid":"http:\/\/dev.claret.cat\/editorial\/akal-ediciones-s-a\/","menu_order":0,"post_type":"editorial","post_mime_type":"","comment_count":"0","filter":"raw"}],"autor":"TWAIN, MARK","codart":"844604719","libros-coleccion":"","ediciones":"1","encuadernacion":"Carton\u00e9","fecha_de_publicacion":"15\/04\/2019","novedad":"1","paginas":"1500","subtitulo":"EDICI\u00d3N ANOTADA","orden":"0","portada":"0","idioma":"spa","autores-libros":[{"ID":164092,"post_author":"3","post_date":"2022-10-14 17:44:17","post_date_gmt":"2022-10-14 15:44:17","post_content":"","post_title":"MARK TWAIN","post_excerpt":"","post_status":"publish","comment_status":"closed","ping_status":"closed","post_password":"","post_name":"mark-twain","to_ping":"","pinged":"","post_modified":"2022-10-14 17:44:17","post_modified_gmt":"2022-10-14 15:44:17","post_content_filtered":"","post_parent":0,"guid":"http:\/\/dev.claret.cat\/autor\/mark-twain\/","menu_order":0,"post_type":"autor","post_mime_type":"","comment_count":"0","filter":"raw"}],"booktrailer":"","resenas":""},"aioseo_notices":[],"_links":{"self":[{"href":"https:\/\/www.claret.cat\/es\/wp-json\/wp\/v2\/product\/134026","targetHints":{"allow":["GET"]}}],"collection":[{"href":"https:\/\/www.claret.cat\/es\/wp-json\/wp\/v2\/product"}],"about":[{"href":"https:\/\/www.claret.cat\/es\/wp-json\/wp\/v2\/types\/product"}],"wp:featuredmedia":[{"embeddable":true,"href":"https:\/\/www.claret.cat\/es\/wp-json\/wp\/v2\/media\/1095809"}],"wp:attachment":[{"href":"https:\/\/www.claret.cat\/es\/wp-json\/wp\/v2\/media?parent=134026"}],"wp:term":[{"taxonomy":"product_brand","embeddable":true,"href":"https:\/\/www.claret.cat\/es\/wp-json\/wp\/v2\/product_brand?post=134026"},{"taxonomy":"product_cat","embeddable":true,"href":"https:\/\/www.claret.cat\/es\/wp-json\/wp\/v2\/product_cat?post=134026"},{"taxonomy":"product_tag","embeddable":true,"href":"https:\/\/www.claret.cat\/es\/wp-json\/wp\/v2\/product_tag?post=134026"}],"curies":[{"name":"wp","href":"https:\/\/api.w.org\/{rel}","templated":true}]}}