{"id":134116,"date":"2022-10-13T08:29:16","date_gmt":"2022-10-13T06:29:16","guid":{"rendered":"http:\/\/dev.claret.cat\/producte\/lula-luciernaga\/"},"modified":"2023-01-28T21:06:34","modified_gmt":"2023-01-28T20:06:34","slug":"lula-luciernaga","status":"publish","type":"product","link":"https:\/\/www.claret.cat\/es\/libro\/lula-luciernaga\/","title":{"rendered":"LULA LUCI\u00c9RNAGA"},"content":{"rendered":"<p>Libro de teatro para leer, representar, \u00a1y pas\u00e1rtelo en grande!Los animales del bosque est\u00e1n preparando una obra de teatro de lo m\u00e1s divertida. Pero en el \u00faltimo momento, Lula Luci\u00e9rnaga se cae y \u00a1pierde su luz!\u00bfQui\u00e9n va ahora a iluminar el teatro de sombras? Lula y sus amigos comienzan un viaje hasta el cielo y el mar para buscar una nueva luz, \u00a1y vivir mil aventuras!<\/p>\n","protected":false},"excerpt":{"rendered":"<p>GONZ\u00c1LEZ VILAR, CATALINA<\/p>\n","protected":false},"featured_media":134117,"template":"","meta":{"_acf_changed":false,"om_disable_all_campaigns":false,"rs_blank_template":"","rs_page_bg_color":"","slide_template_v7":"","inline_featured_image":false,"_monsterinsights_skip_tracking":false,"_monsterinsights_sitenote_active":false,"_monsterinsights_sitenote_note":"","_monsterinsights_sitenote_category":0},"product_brand":[],"product_cat":[86,352],"product_tag":[],"class_list":{"0":"post-134116","1":"product","2":"type-product","3":"status-publish","4":"has-post-thumbnail","6":"product_cat-infantil","7":"product_cat-infantil-3_infantil-juvenil-spa","9":"first","10":"instock","11":"taxable","12":"shipping-taxable","13":"purchasable","14":"product-type-simple"},"acf":{"autor":"GONZ\u00c1LEZ VILAR, CATALINA","codart":"849182533","libros-coleccion":"Barco de Vapor Blanca","ediciones":"1","encuadernacion":"R\u00fastica","fecha_de_publicacion":"13\/04\/2019","novedad":"1","paginas":"104","subtitulo":"","orden":"0","portada":"0","idioma":"spa","editorial":[{"ID":147854,"post_author":"3","post_date":"2022-10-14 11:53:43","post_date_gmt":"2022-10-14 09:53:43","post_content":"","post_title":"EDICIONES SM","post_excerpt":"","post_status":"publish","comment_status":"closed","ping_status":"closed","post_password":"","post_name":"ediciones-sm","to_ping":"","pinged":"","post_modified":"2022-10-14 11:53:43","post_modified_gmt":"2022-10-14 09:53:43","post_content_filtered":"","post_parent":0,"guid":"http:\/\/dev.claret.cat\/editorial\/ediciones-sm\/","menu_order":0,"post_type":"editorial","post_mime_type":"","comment_count":"0","filter":"raw"}],"autores-libros":[{"ID":152563,"post_author":"3","post_date":"2022-10-14 14:49:46","post_date_gmt":"2022-10-14 12:49:46","post_content":"","post_title":"CATALINA GONZ\u00c1LEZ VILAR","post_excerpt":"","post_status":"publish","comment_status":"closed","ping_status":"closed","post_password":"","post_name":"catalina-gonzalez-vilar","to_ping":"","pinged":"","post_modified":"2022-10-14 14:49:46","post_modified_gmt":"2022-10-14 12:49:46","post_content_filtered":"","post_parent":0,"guid":"http:\/\/dev.claret.cat\/autor\/catalina-gonzalez-vilar\/","menu_order":0,"post_type":"autor","post_mime_type":"","comment_count":"0","filter":"raw"}]},"aioseo_notices":[],"_links":{"self":[{"href":"https:\/\/www.claret.cat\/es\/wp-json\/wp\/v2\/product\/134116","targetHints":{"allow":["GET"]}}],"collection":[{"href":"https:\/\/www.claret.cat\/es\/wp-json\/wp\/v2\/product"}],"about":[{"href":"https:\/\/www.claret.cat\/es\/wp-json\/wp\/v2\/types\/product"}],"wp:featuredmedia":[{"embeddable":true,"href":"https:\/\/www.claret.cat\/es\/wp-json\/wp\/v2\/media\/134117"}],"wp:attachment":[{"href":"https:\/\/www.claret.cat\/es\/wp-json\/wp\/v2\/media?parent=134116"}],"wp:term":[{"taxonomy":"product_brand","embeddable":true,"href":"https:\/\/www.claret.cat\/es\/wp-json\/wp\/v2\/product_brand?post=134116"},{"taxonomy":"product_cat","embeddable":true,"href":"https:\/\/www.claret.cat\/es\/wp-json\/wp\/v2\/product_cat?post=134116"},{"taxonomy":"product_tag","embeddable":true,"href":"https:\/\/www.claret.cat\/es\/wp-json\/wp\/v2\/product_tag?post=134116"}],"curies":[{"name":"wp","href":"https:\/\/api.w.org\/{rel}","templated":true}]}}