{"id":134249,"date":"2022-10-13T08:31:19","date_gmt":"2022-10-13T06:31:19","guid":{"rendered":"http:\/\/dev.claret.cat\/producte\/breve-historia-de-la-economia\/"},"modified":"2025-06-03T13:11:46","modified_gmt":"2025-06-03T11:11:46","slug":"breve-historia-de-la-economia-9788413050263","status":"publish","type":"product","link":"https:\/\/www.claret.cat\/es\/libro\/breve-historia-de-la-economia-9788413050263\/","title":{"rendered":"BREVE HISTORIA DE LA ECONOM\u00cdA"},"content":{"rendered":"<p>Breve Historia de la Econom\u00eda ofrece un recorrido amplio por el desarrollo de la vida econ\u00f3mica, desde las rudimentarias herramientas prehist\u00f3ricas a la Globalizaci\u00f3n actual, pasando por la revoluci\u00f3n neol\u00edtica, el origen del Estado, la propiedad privada, el tributo y la divisi\u00f3n del trabajo, del comercio, los modos producci\u00f3n antiguo, esclavista, feudal, la transici\u00f3n mercantilista, el capitalismo y el socialismo. Toda la Historia humana interpretada desde las categor\u00edas econ\u00f3micas, relacionando las mismas con el momento hist\u00f3rico de su surgimiento y desarrollo posterior. De la moneda de oro a las transferencias bancarias por Internet, del arado de mano a la hidropon\u00eda, esta obra recorre la evoluci\u00f3n econ\u00f3mica del Hombre en el contexto pol\u00edtico de cada etapa hist\u00f3rica que la econom\u00eda experiment\u00f3.<\/p>\n","protected":false},"excerpt":{"rendered":"<p>ARMESILLA CONDE, SANTIAGO JAVIER<\/p>\n","protected":false},"featured_media":134250,"template":"","meta":{"_acf_changed":false,"om_disable_all_campaigns":false,"rs_blank_template":"","rs_page_bg_color":"","slide_template_v7":"","inline_featured_image":false,"_monsterinsights_skip_tracking":false,"_monsterinsights_sitenote_active":false,"_monsterinsights_sitenote_note":"","_monsterinsights_sitenote_category":0},"product_brand":[],"product_cat":[351,85],"product_tag":[],"class_list":{"0":"post-134249","1":"product","2":"type-product","3":"status-publish","4":"has-post-thumbnail","6":"product_cat-historia-2_humanidades","7":"product_cat-historia","9":"first","10":"instock","11":"taxable","12":"shipping-taxable","13":"purchasable","14":"product-type-simple"},"acf":{"editorial":[{"ID":6205,"post_author":"3","post_date":"2022-07-28 17:47:07","post_date_gmt":"2022-07-28 15:47:07","post_content":"","post_title":"EDICIONES NOWTILUS","post_excerpt":"","post_status":"publish","comment_status":"closed","ping_status":"closed","post_password":"","post_name":"ediciones-nowtilus","to_ping":"","pinged":"","post_modified":"2022-07-28 17:47:07","post_modified_gmt":"2022-07-28 15:47:07","post_content_filtered":"","post_parent":0,"guid":"http:\/\/dev.claret.cat\/editorial\/ediciones-nowtilus\/","menu_order":0,"post_type":"editorial","post_mime_type":"","comment_count":"0","filter":"raw"}],"autores-libros":[{"ID":169053,"post_author":"3","post_date":"2022-10-14 22:24:06","post_date_gmt":"2022-10-14 20:24:06","post_content":"","post_title":"SANTIAGO JAVIER ARMESILLA CONDE","post_excerpt":"","post_status":"publish","comment_status":"closed","ping_status":"closed","post_password":"","post_name":"santiago-javier-armesilla-conde","to_ping":"","pinged":"","post_modified":"2022-10-14 22:24:06","post_modified_gmt":"2022-10-14 20:24:06","post_content_filtered":"","post_parent":0,"guid":"http:\/\/dev.claret.cat\/autor\/santiago-javier-armesilla-conde\/","menu_order":0,"post_type":"autor","post_mime_type":"","comment_count":"0","filter":"raw"}],"autor":"ARMESILLA CONDE, SANTIAGO JAVIER","codart":"8413050263","libros-coleccion":"Breve Historia","ediciones":"1","encuadernacion":"R\u00fastica","fecha_de_publicacion":"01\/03\/2019","novedad":"1","paginas":"0","subtitulo":"","orden":"0","portada":"0","idioma":"spa","booktrailer":"","resenas":""},"aioseo_notices":[],"_links":{"self":[{"href":"https:\/\/www.claret.cat\/es\/wp-json\/wp\/v2\/product\/134249","targetHints":{"allow":["GET"]}}],"collection":[{"href":"https:\/\/www.claret.cat\/es\/wp-json\/wp\/v2\/product"}],"about":[{"href":"https:\/\/www.claret.cat\/es\/wp-json\/wp\/v2\/types\/product"}],"wp:featuredmedia":[{"embeddable":true,"href":"https:\/\/www.claret.cat\/es\/wp-json\/wp\/v2\/media\/134250"}],"wp:attachment":[{"href":"https:\/\/www.claret.cat\/es\/wp-json\/wp\/v2\/media?parent=134249"}],"wp:term":[{"taxonomy":"product_brand","embeddable":true,"href":"https:\/\/www.claret.cat\/es\/wp-json\/wp\/v2\/product_brand?post=134249"},{"taxonomy":"product_cat","embeddable":true,"href":"https:\/\/www.claret.cat\/es\/wp-json\/wp\/v2\/product_cat?post=134249"},{"taxonomy":"product_tag","embeddable":true,"href":"https:\/\/www.claret.cat\/es\/wp-json\/wp\/v2\/product_tag?post=134249"}],"curies":[{"name":"wp","href":"https:\/\/api.w.org\/{rel}","templated":true}]}}