{"id":134252,"date":"2022-10-13T08:31:22","date_gmt":"2022-10-13T06:31:22","guid":{"rendered":"http:\/\/dev.claret.cat\/producte\/los-hollister-3-los-hollister-en-el-castillo-de-roca\/"},"modified":"2025-04-07T12:58:04","modified_gmt":"2025-04-07T10:58:04","slug":"los-hollister-3-los-hollister-en-el-castillo-de-roca-9788427208582","status":"publish","type":"product","link":"https:\/\/www.claret.cat\/es\/libro\/los-hollister-3-los-hollister-en-el-castillo-de-roca-9788427208582\/","title":{"rendered":"LOS HOLLISTER 3: LOS HOLLISTER EN EL CASTILLO DE ROCA"},"content":{"rendered":"<p>Una precios piedra de vetas doradas llevar\u00e1 a los Hollister hasta el Castillo de Roca, una cantera rodeada<br \/> de misterio. \u00bfSer\u00e1 verdad que vive un monstruo en el embalse? \u00bfY qu\u00e9 relaci\u00f3n guarda ese lugar con las extra\u00f1as luces<br \/> que aparecen \u00faltimamente en el cielo?<\/p>\n","protected":false},"excerpt":{"rendered":"<p>WEST , JERRY<\/p>\n","protected":false},"featured_media":134253,"template":"","meta":{"_acf_changed":false,"om_disable_all_campaigns":false,"rs_blank_template":"","rs_page_bg_color":"","slide_template_v7":"","inline_featured_image":false,"_monsterinsights_skip_tracking":false,"_monsterinsights_sitenote_active":false,"_monsterinsights_sitenote_note":"","_monsterinsights_sitenote_category":0},"product_brand":[],"product_cat":[86,352],"product_tag":[],"class_list":{"0":"post-134252","1":"product","2":"type-product","3":"status-publish","4":"has-post-thumbnail","6":"product_cat-infantil","7":"product_cat-infantil-3_infantil-juvenil-spa","9":"first","10":"instock","11":"taxable","12":"shipping-taxable","13":"purchasable","14":"product-type-simple"},"acf":{"editorial":[{"ID":6346,"post_author":"3","post_date":"2022-07-28 17:50:13","post_date_gmt":"2022-07-28 15:50:13","post_content":"","post_title":"RBA Molino","post_excerpt":"","post_status":"publish","comment_status":"closed","ping_status":"closed","post_password":"","post_name":"rba-molino","to_ping":"","pinged":"","post_modified":"2022-07-28 17:50:13","post_modified_gmt":"2022-07-28 15:50:13","post_content_filtered":"","post_parent":0,"guid":"http:\/\/dev.claret.cat\/editorial\/rba-molino\/","menu_order":0,"post_type":"editorial","post_mime_type":"","comment_count":"0","filter":"raw"}],"autor":"WEST , JERRY","codart":"842720858","libros-coleccion":"INOLVIDABLES","ediciones":"1","encuadernacion":"Carton\u00e9","fecha_de_publicacion":"01\/06\/2015","novedad":"1","paginas":"0","subtitulo":"","orden":"0","portada":"0","idioma":"spa","autores-libros":[{"ID":159049,"post_author":"3","post_date":"2022-10-14 15:41:41","post_date_gmt":"2022-10-14 13:41:41","post_content":"","post_title":"JERRY WEST","post_excerpt":"","post_status":"publish","comment_status":"closed","ping_status":"closed","post_password":"","post_name":"jerry-west","to_ping":"","pinged":"","post_modified":"2022-10-14 15:41:41","post_modified_gmt":"2022-10-14 13:41:41","post_content_filtered":"","post_parent":0,"guid":"http:\/\/dev.claret.cat\/autor\/jerry-west\/","menu_order":0,"post_type":"autor","post_mime_type":"","comment_count":"0","filter":"raw"}]},"aioseo_notices":[],"_links":{"self":[{"href":"https:\/\/www.claret.cat\/es\/wp-json\/wp\/v2\/product\/134252","targetHints":{"allow":["GET"]}}],"collection":[{"href":"https:\/\/www.claret.cat\/es\/wp-json\/wp\/v2\/product"}],"about":[{"href":"https:\/\/www.claret.cat\/es\/wp-json\/wp\/v2\/types\/product"}],"wp:featuredmedia":[{"embeddable":true,"href":"https:\/\/www.claret.cat\/es\/wp-json\/wp\/v2\/media\/134253"}],"wp:attachment":[{"href":"https:\/\/www.claret.cat\/es\/wp-json\/wp\/v2\/media?parent=134252"}],"wp:term":[{"taxonomy":"product_brand","embeddable":true,"href":"https:\/\/www.claret.cat\/es\/wp-json\/wp\/v2\/product_brand?post=134252"},{"taxonomy":"product_cat","embeddable":true,"href":"https:\/\/www.claret.cat\/es\/wp-json\/wp\/v2\/product_cat?post=134252"},{"taxonomy":"product_tag","embeddable":true,"href":"https:\/\/www.claret.cat\/es\/wp-json\/wp\/v2\/product_tag?post=134252"}],"curies":[{"name":"wp","href":"https:\/\/api.w.org\/{rel}","templated":true}]}}