{"id":134303,"date":"2022-10-13T08:32:09","date_gmt":"2022-10-13T06:32:09","guid":{"rendered":"http:\/\/dev.claret.cat\/producte\/factor-de-riesgo\/"},"modified":"2025-02-04T18:17:34","modified_gmt":"2025-02-04T17:17:34","slug":"factor-de-riesgo-9788490066287","status":"publish","type":"product","link":"https:\/\/www.claret.cat\/es\/libro\/factor-de-riesgo-9788490066287\/","title":{"rendered":"FACTOR DE RIESGO"},"content":{"rendered":"<p>LA ESPERANZA PUEDE CONVERTIRSE EN EL PEOR ASESINO Un laboratorio de Manhattan est\u00e1 a punto de encontrar la cura para una de las enfermedades m\u00e1s aterradoras de las \u00faltimasd\u00e9cadas. Los resultados de las pruebas est\u00e1n siendo un \u00e9xito, pero el ensayo est\u00e1 provocando muertes inesperadas. En menos de un mes, alguien ha asesinado a dos de los cuarenta pacientes sometidos al tratamiento y a uno de los doctores responsables de la cl\u00ednica. Y seguramente no se detendr\u00e1 ah\u00ed.<\/p>\n","protected":false},"excerpt":{"rendered":"<p>COBEN HARLAN<\/p>\n","protected":false},"featured_media":134304,"template":"","meta":{"_acf_changed":false,"om_disable_all_campaigns":false,"rs_blank_template":"","rs_page_bg_color":"","slide_template_v7":"","inline_featured_image":false,"_monsterinsights_skip_tracking":false,"_monsterinsights_sitenote_active":false,"_monsterinsights_sitenote_note":"","_monsterinsights_sitenote_category":0},"product_brand":[],"product_cat":[353,87],"product_tag":[],"class_list":{"0":"post-134303","1":"product","2":"type-product","3":"status-publish","4":"has-post-thumbnail","6":"product_cat-literatura-2_humanidades","7":"product_cat-literatura","9":"first","10":"instock","11":"taxable","12":"shipping-taxable","13":"purchasable","14":"product-type-simple"},"acf":{"editorial":[{"ID":148737,"post_author":"3","post_date":"2022-10-14 12:00:35","post_date_gmt":"2022-10-14 10:00:35","post_content":"","post_title":"RBA Libros","post_excerpt":"","post_status":"publish","comment_status":"closed","ping_status":"closed","post_password":"","post_name":"rba-libros","to_ping":"","pinged":"","post_modified":"2022-10-14 12:00:35","post_modified_gmt":"2022-10-14 10:00:35","post_content_filtered":"","post_parent":0,"guid":"http:\/\/dev.claret.cat\/editorial\/rba-libros\/","menu_order":0,"post_type":"editorial","post_mime_type":"","comment_count":"0","filter":"raw"}],"autor":"COBEN HARLAN","codart":"849006628","libros-coleccion":"NOVELA POLIC\u00cdACA BIB","ediciones":"1","encuadernacion":"Carton\u00e9","fecha_de_publicacion":"01\/04\/2019","novedad":"1","paginas":"483","subtitulo":"","orden":"0","portada":"0","idioma":"spa","autores-libros":[{"ID":153143,"post_author":"3","post_date":"2022-10-14 14:54:25","post_date_gmt":"2022-10-14 12:54:25","post_content":"","post_title":"COBEN HARLAN","post_excerpt":"","post_status":"publish","comment_status":"closed","ping_status":"closed","post_password":"","post_name":"coben-harlan","to_ping":"","pinged":"","post_modified":"2022-10-14 14:54:25","post_modified_gmt":"2022-10-14 12:54:25","post_content_filtered":"","post_parent":0,"guid":"http:\/\/dev.claret.cat\/autor\/coben-harlan\/","menu_order":0,"post_type":"autor","post_mime_type":"","comment_count":"0","filter":"raw"}]},"aioseo_notices":[],"_links":{"self":[{"href":"https:\/\/www.claret.cat\/es\/wp-json\/wp\/v2\/product\/134303","targetHints":{"allow":["GET"]}}],"collection":[{"href":"https:\/\/www.claret.cat\/es\/wp-json\/wp\/v2\/product"}],"about":[{"href":"https:\/\/www.claret.cat\/es\/wp-json\/wp\/v2\/types\/product"}],"wp:featuredmedia":[{"embeddable":true,"href":"https:\/\/www.claret.cat\/es\/wp-json\/wp\/v2\/media\/134304"}],"wp:attachment":[{"href":"https:\/\/www.claret.cat\/es\/wp-json\/wp\/v2\/media?parent=134303"}],"wp:term":[{"taxonomy":"product_brand","embeddable":true,"href":"https:\/\/www.claret.cat\/es\/wp-json\/wp\/v2\/product_brand?post=134303"},{"taxonomy":"product_cat","embeddable":true,"href":"https:\/\/www.claret.cat\/es\/wp-json\/wp\/v2\/product_cat?post=134303"},{"taxonomy":"product_tag","embeddable":true,"href":"https:\/\/www.claret.cat\/es\/wp-json\/wp\/v2\/product_tag?post=134303"}],"curies":[{"name":"wp","href":"https:\/\/api.w.org\/{rel}","templated":true}]}}