{"id":134348,"date":"2022-10-13T08:32:50","date_gmt":"2022-10-13T06:32:50","guid":{"rendered":"http:\/\/dev.claret.cat\/producte\/el-salmo-18-y-la-celebracion-de-la-navidad-biblia-y-liturgia\/"},"modified":"2024-05-23T05:16:57","modified_gmt":"2024-05-23T03:16:57","slug":"el-salmo-18-y-la-celebracion-de-la-navidad-biblia-y-liturgia-9788490735008","status":"publish","type":"product","link":"https:\/\/www.claret.cat\/es\/libro\/el-salmo-18-y-la-celebracion-de-la-navidad-biblia-y-liturgia-9788490735008\/","title":{"rendered":"EL SALMO 18 Y LA CELEBRACI\u00d3N DE LA NAVIDAD. BIBLIA Y LITURGIA"},"content":{"rendered":"<p>El salmo 18 es magn\u00edfico. Despliega el c\u00e1ntico silencioso de los cielos en honor de Dios, canto cuyo h\u00e9roe es el sol. Como tal no est\u00e1 presente en la liturgia de la Navidad, pero su simb\u00f3lica solar, enriquecida con un matiz nupcial, se encuentra en numerosas oraciones y poemas, desde el pr\u00f3logo del evangelio de san Juan hasta la actualidad, pasando por las grandes homil\u00edas del siglo IV: el Cristo luz se hace hombre y es exaltado.   Existe todo un juego de interacciones entre la Biblia y la liturgia que es el objeto de este cuaderno realizado como una investigaci\u00f3n.<\/p>\n","protected":false},"excerpt":{"rendered":"<p>REICHERT, JEAN-CLAUDE<\/p>\n","protected":false},"featured_media":372911,"template":"","meta":{"_acf_changed":false,"om_disable_all_campaigns":false,"rs_blank_template":"","rs_page_bg_color":"","slide_template_v7":"","inline_featured_image":false,"_monsterinsights_skip_tracking":false,"_monsterinsights_sitenote_active":false,"_monsterinsights_sitenote_note":"","_monsterinsights_sitenote_category":0},"product_brand":[],"product_cat":[78,344],"product_tag":[],"class_list":{"0":"post-134348","1":"product","2":"type-product","3":"status-publish","4":"has-post-thumbnail","6":"product_cat-pastoral","7":"product_cat-pastoral-1_espiritualidad","9":"first","10":"instock","11":"taxable","12":"shipping-taxable","13":"purchasable","14":"product-type-simple"},"acf":{"editorial":[{"ID":6390,"post_author":"3","post_date":"2022-07-28 17:51:08","post_date_gmt":"2022-07-28 15:51:08","post_content":"","post_title":"VERBO DIVINO","post_excerpt":"","post_status":"publish","comment_status":"closed","ping_status":"closed","post_password":"","post_name":"verbo-divino","to_ping":"","pinged":"","post_modified":"2022-07-28 17:51:08","post_modified_gmt":"2022-07-28 15:51:08","post_content_filtered":"","post_parent":0,"guid":"http:\/\/dev.claret.cat\/editorial\/verbo-divino\/","menu_order":0,"post_type":"editorial","post_mime_type":"","comment_count":"0","filter":"raw"}],"autor":"REICHERT, JEAN-CLAUDE","codart":"849073500","libros-coleccion":"","ediciones":"1","encuadernacion":"R\u00fastica","fecha_de_publicacion":"10\/04\/2019","novedad":"1","paginas":"52","subtitulo":"BIBLIA Y LITURGIA","orden":"0","portada":"0","idioma":"spa","autores-libros":[{"ID":158881,"post_author":"3","post_date":"2022-10-14 15:40:21","post_date_gmt":"2022-10-14 13:40:21","post_content":"","post_title":"JEAN-CLAUDE REICHERT","post_excerpt":"","post_status":"publish","comment_status":"closed","ping_status":"closed","post_password":"","post_name":"jean-claude-reichert","to_ping":"","pinged":"","post_modified":"2022-10-14 15:40:21","post_modified_gmt":"2022-10-14 13:40:21","post_content_filtered":"","post_parent":0,"guid":"http:\/\/dev.claret.cat\/autor\/jean-claude-reichert\/","menu_order":0,"post_type":"autor","post_mime_type":"","comment_count":"0","filter":"raw"}]},"aioseo_notices":[],"_links":{"self":[{"href":"https:\/\/www.claret.cat\/es\/wp-json\/wp\/v2\/product\/134348","targetHints":{"allow":["GET"]}}],"collection":[{"href":"https:\/\/www.claret.cat\/es\/wp-json\/wp\/v2\/product"}],"about":[{"href":"https:\/\/www.claret.cat\/es\/wp-json\/wp\/v2\/types\/product"}],"wp:featuredmedia":[{"embeddable":true,"href":"https:\/\/www.claret.cat\/es\/wp-json\/wp\/v2\/media\/372911"}],"wp:attachment":[{"href":"https:\/\/www.claret.cat\/es\/wp-json\/wp\/v2\/media?parent=134348"}],"wp:term":[{"taxonomy":"product_brand","embeddable":true,"href":"https:\/\/www.claret.cat\/es\/wp-json\/wp\/v2\/product_brand?post=134348"},{"taxonomy":"product_cat","embeddable":true,"href":"https:\/\/www.claret.cat\/es\/wp-json\/wp\/v2\/product_cat?post=134348"},{"taxonomy":"product_tag","embeddable":true,"href":"https:\/\/www.claret.cat\/es\/wp-json\/wp\/v2\/product_tag?post=134348"}],"curies":[{"name":"wp","href":"https:\/\/api.w.org\/{rel}","templated":true}]}}