{"id":134381,"date":"2022-10-13T08:33:23","date_gmt":"2022-10-13T06:33:23","guid":{"rendered":"http:\/\/dev.claret.cat\/producte\/la-reina-fiel\/"},"modified":"2023-01-28T05:03:02","modified_gmt":"2023-01-28T04:03:02","slug":"la-reina-fiel-9788435063340","status":"publish","type":"product","link":"https:\/\/www.claret.cat\/es\/libro\/la-reina-fiel-9788435063340\/","title":{"rendered":"LA REINA FIEL"},"content":{"rendered":"<p>A inicios del siglo XV Europa se desgarraba entre la guerra de los Cien A\u00f1os, el cisma eclesi\u00e1stico y la amenaza del imperio turco mientras conflictos familiares y guerras sangraban los difrerentes reinos de la pen\u00ednsula ib\u00e9rica d\u00f3nde, poco a poco, una poderosa dinast\u00eda se alzaba con el poder: los Trast\u00e1mara.<\/p>\n<p> As\u00ed las cosas, Alfonso V, conocido como El Magn\u00e1nimo, rey de Arag\u00f3n, ten\u00eda un sue\u00f1o: recuperar las conquistas mediterr\u00e1neas de sus antecesores en la corona de Arag\u00f3n: N\u00e1poles, Sicilia y Cerde\u00f1a. Y, venciendo la resistencia de sus nobles, emprendi\u00f3 una serie de campa\u00f1as navales, tom\u00f3 N\u00e1poles y cay\u00f3 seducido por la Italia renacentista, donde se afinca rode\u00e1ndose de una corte espl\u00e9ndida que ya no quiso abandonar.<\/p>\n<p> Y todo el poder de sus reinos, Arag\u00f3n, Valencia y Mallorca, y de un poderoso principado, Catalu\u00f1a, recaer\u00e1n en ella: Mar\u00eda de Trast\u00e1mara, reina de Arag\u00f3n y condesa de Barcelona. Inteligente, culta y amante de la paz, emerge como un personaje firme y conciliador, &#8216;el otro cuerpo del rey&#8217;, en quien Alfonso deposit\u00f3 toda su confianza&#8230; pero no su amor. Gobern\u00f3 con energ\u00eda y diplomacia, capeando guerras, revueltas sociales y pugnas de familia, siempre fiel a la voluntad de su esposo y esperando su retorno.<\/p>\n","protected":false},"excerpt":{"rendered":"<p>DE PAZ, MONTSE<\/p>\n","protected":false},"featured_media":134382,"template":"","meta":{"_acf_changed":false,"om_disable_all_campaigns":false,"rs_blank_template":"","rs_page_bg_color":"","slide_template_v7":"","inline_featured_image":false,"_monsterinsights_skip_tracking":false,"_monsterinsights_sitenote_active":false,"_monsterinsights_sitenote_note":"","_monsterinsights_sitenote_category":0},"product_brand":[],"product_cat":[87],"product_tag":[],"class_list":{"0":"post-134381","1":"product","2":"type-product","3":"status-publish","4":"has-post-thumbnail","6":"product_cat-literatura","8":"first","9":"instock","10":"taxable","11":"shipping-taxable","12":"purchasable","13":"product-type-simple"},"acf":{"autor":"DE PAZ, MONTSE","codart":"843506334","libros-coleccion":"Narrativas Hist\u00f3ricas","ediciones":"1","encuadernacion":"Carton\u00e9","fecha_de_publicacion":"01\/03\/2019","novedad":"1","paginas":"608","subtitulo":"","orden":"0","portada":"0","idioma":"spa","editorial":[{"ID":147907,"post_author":"3","post_date":"2022-10-14 11:54:08","post_date_gmt":"2022-10-14 09:54:08","post_content":"","post_title":"Editora y Distribuidora Hispano American","post_excerpt":"","post_status":"publish","comment_status":"closed","ping_status":"closed","post_password":"","post_name":"editora-y-distribuidora-hispano-american","to_ping":"","pinged":"","post_modified":"2022-10-14 11:54:08","post_modified_gmt":"2022-10-14 09:54:08","post_content_filtered":"","post_parent":0,"guid":"http:\/\/dev.claret.cat\/editorial\/editora-y-distribuidora-hispano-american\/","menu_order":0,"post_type":"editorial","post_mime_type":"","comment_count":"0","filter":"raw"}],"autores-libros":[{"ID":165385,"post_author":"3","post_date":"2022-10-14 17:54:45","post_date_gmt":"2022-10-14 15:54:45","post_content":"Licenciada en Filolog\u00eda Inglesa, ha dedicado gran parte de su vida a las causas humanitarias y al servicio comunitario en diversas parroquias. Desde temprana edad, su vocaci\u00f3n por la escritura se aliment\u00f3 de las ricas experiencias obtenidas en su labor social. Ha publicado varias novelas, relatos cortos y obras de espiritualidad y autoayuda.","post_title":"MONTSE DE PAZ","post_excerpt":"","post_status":"publish","comment_status":"closed","ping_status":"closed","post_password":"","post_name":"montse-de-paz","to_ping":"","pinged":"","post_modified":"2025-02-14 12:42:54","post_modified_gmt":"2025-02-14 11:42:54","post_content_filtered":"","post_parent":0,"guid":"http:\/\/dev.claret.cat\/autor\/montse-de-paz\/","menu_order":0,"post_type":"autor","post_mime_type":"","comment_count":"0","filter":"raw"}]},"aioseo_notices":[],"_links":{"self":[{"href":"https:\/\/www.claret.cat\/es\/wp-json\/wp\/v2\/product\/134381","targetHints":{"allow":["GET"]}}],"collection":[{"href":"https:\/\/www.claret.cat\/es\/wp-json\/wp\/v2\/product"}],"about":[{"href":"https:\/\/www.claret.cat\/es\/wp-json\/wp\/v2\/types\/product"}],"wp:featuredmedia":[{"embeddable":true,"href":"https:\/\/www.claret.cat\/es\/wp-json\/wp\/v2\/media\/134382"}],"wp:attachment":[{"href":"https:\/\/www.claret.cat\/es\/wp-json\/wp\/v2\/media?parent=134381"}],"wp:term":[{"taxonomy":"product_brand","embeddable":true,"href":"https:\/\/www.claret.cat\/es\/wp-json\/wp\/v2\/product_brand?post=134381"},{"taxonomy":"product_cat","embeddable":true,"href":"https:\/\/www.claret.cat\/es\/wp-json\/wp\/v2\/product_cat?post=134381"},{"taxonomy":"product_tag","embeddable":true,"href":"https:\/\/www.claret.cat\/es\/wp-json\/wp\/v2\/product_tag?post=134381"}],"curies":[{"name":"wp","href":"https:\/\/api.w.org\/{rel}","templated":true}]}}