{"id":134567,"date":"2022-10-13T08:36:15","date_gmt":"2022-10-13T06:36:15","guid":{"rendered":"http:\/\/dev.claret.cat\/producte\/el-alfabeto-alado\/"},"modified":"2023-01-28T23:41:04","modified_gmt":"2023-01-28T22:41:04","slug":"el-alfabeto-alado-9788417346638","status":"publish","type":"product","link":"https:\/\/www.claret.cat\/es\/libro\/el-alfabeto-alado-9788417346638\/","title":{"rendered":"EL ALFABETO ALADO"},"content":{"rendered":"<p>Entre el alma humana y las mariposas existe un estrecho parentesco: lo que en una<br \/> es oscilaci\u00f3n y ascenso en las otras es aleteo y color. Arist\u00f3teles fue el primero en acu\u00f1ar la palabra psique para designar ese nexo, y, tras \u00e9l, poetas y pintores representaron el alma alada, fr\u00e1gil e inasible pero hermosa. Hoy es la fotograf\u00eda la que documenta la vida de estos espl\u00e9ndidos insectos, cuya milagrosa existencia muestra a su vez cu\u00e1n vol\u00e1til y extraordinaria es la vida humana. Breves e intensos, los relatos que Mario Satz re\u00fane en este bell\u00edsimo libro dan cuenta de las aventuras y desventuras de esas joyas aladas que han dado lugar a tantos mitos, leyendas y f\u00e1bulas dignos de ser recordados.<\/p>\n","protected":false},"excerpt":{"rendered":"<p>SATZ TETELBAUM, MARIO<\/p>\n","protected":false},"featured_media":134568,"template":"","meta":{"_acf_changed":false,"om_disable_all_campaigns":false,"rs_blank_template":"","rs_page_bg_color":"","slide_template_v7":"","inline_featured_image":false,"_monsterinsights_skip_tracking":false,"_monsterinsights_sitenote_active":false,"_monsterinsights_sitenote_note":"","_monsterinsights_sitenote_category":0},"product_brand":[],"product_cat":[87],"product_tag":[],"class_list":{"0":"post-134567","1":"product","2":"type-product","3":"status-publish","4":"has-post-thumbnail","6":"product_cat-literatura","8":"first","9":"instock","10":"taxable","11":"shipping-taxable","12":"purchasable","13":"product-type-simple"},"acf":{"editorial":[{"ID":6111,"post_author":"3","post_date":"2022-07-28 17:45:08","post_date_gmt":"2022-07-28 15:45:08","post_content":"","post_title":"ACANTILADO","post_excerpt":"","post_status":"publish","comment_status":"closed","ping_status":"closed","post_password":"","post_name":"acantilado","to_ping":"","pinged":"","post_modified":"2022-07-28 17:45:08","post_modified_gmt":"2022-07-28 15:45:08","post_content_filtered":"","post_parent":0,"guid":"http:\/\/dev.claret.cat\/editorial\/acantilado\/","menu_order":0,"post_type":"editorial","post_mime_type":"","comment_count":"0","filter":"raw"}],"autor":"SATZ TETELBAUM, MARIO","codart":"841734663","libros-coleccion":"Cuadernos","ediciones":"1","encuadernacion":"R\u00fastica","fecha_de_publicacion":"01\/03\/2019","novedad":"1","paginas":"216","subtitulo":"","orden":"0","portada":"0","idioma":"spa","autores-libros":[{"ID":163993,"post_author":"3","post_date":"2022-10-14 17:43:30","post_date_gmt":"2022-10-14 15:43:30","post_content":"","post_title":"MARIO SATZ TETELBAUM","post_excerpt":"","post_status":"publish","comment_status":"closed","ping_status":"closed","post_password":"","post_name":"mario-satz-tetelbaum","to_ping":"","pinged":"","post_modified":"2022-10-14 17:43:30","post_modified_gmt":"2022-10-14 15:43:30","post_content_filtered":"","post_parent":0,"guid":"http:\/\/dev.claret.cat\/autor\/mario-satz-tetelbaum\/","menu_order":0,"post_type":"autor","post_mime_type":"","comment_count":"0","filter":"raw"}]},"aioseo_notices":[],"_links":{"self":[{"href":"https:\/\/www.claret.cat\/es\/wp-json\/wp\/v2\/product\/134567","targetHints":{"allow":["GET"]}}],"collection":[{"href":"https:\/\/www.claret.cat\/es\/wp-json\/wp\/v2\/product"}],"about":[{"href":"https:\/\/www.claret.cat\/es\/wp-json\/wp\/v2\/types\/product"}],"wp:featuredmedia":[{"embeddable":true,"href":"https:\/\/www.claret.cat\/es\/wp-json\/wp\/v2\/media\/134568"}],"wp:attachment":[{"href":"https:\/\/www.claret.cat\/es\/wp-json\/wp\/v2\/media?parent=134567"}],"wp:term":[{"taxonomy":"product_brand","embeddable":true,"href":"https:\/\/www.claret.cat\/es\/wp-json\/wp\/v2\/product_brand?post=134567"},{"taxonomy":"product_cat","embeddable":true,"href":"https:\/\/www.claret.cat\/es\/wp-json\/wp\/v2\/product_cat?post=134567"},{"taxonomy":"product_tag","embeddable":true,"href":"https:\/\/www.claret.cat\/es\/wp-json\/wp\/v2\/product_tag?post=134567"}],"curies":[{"name":"wp","href":"https:\/\/api.w.org\/{rel}","templated":true}]}}