{"id":134660,"date":"2022-10-13T08:37:41","date_gmt":"2022-10-13T06:37:41","guid":{"rendered":"http:\/\/dev.claret.cat\/producte\/colaciones-i\/"},"modified":"2024-05-24T04:56:55","modified_gmt":"2024-05-24T02:56:55","slug":"colaciones-i-9788432149078","status":"publish","type":"product","link":"https:\/\/www.claret.cat\/es\/libro\/colaciones-i-9788432149078\/","title":{"rendered":"COLACIONES I"},"content":{"rendered":"<p>En torno al a\u00f1o 415 el autor funda la Abad\u00eda de San V\u00edctor de Marsella, con dos monasterios, uno masculino y otro femenino. Para ellos escribe las Instituciones (publicadas tambi\u00e9n en esta colecci\u00f3n), en las que expone las obligaciones del monje y los vicios contra los que ha de estar prevenido, y sus Collationes o Conferencias. En ellas, en forma de di\u00e1logos con monjes famosos de la antig\u00fcedad \u2014como complemento al libro anterior\u2014, trata diversos aspectos de la vida monacal, alaba la vida erem\u00edtica y aconseja la asc\u00e9tica como camino para alejarse del pecado.<\/p>\n","protected":false},"excerpt":{"rendered":"<p>CASIANO, JUAN<\/p>\n","protected":false},"featured_media":343940,"template":"","meta":{"_acf_changed":false,"om_disable_all_campaigns":false,"rs_blank_template":"","rs_page_bg_color":"","slide_template_v7":"","inline_featured_image":false,"_monsterinsights_skip_tracking":false,"_monsterinsights_sitenote_active":false,"_monsterinsights_sitenote_note":"","_monsterinsights_sitenote_category":0},"product_brand":[],"product_cat":[543,93,345,79,545,95,542,92],"product_tag":[],"class_list":{"0":"post-134660","1":"product","2":"type-product","3":"status-publish","4":"has-post-thumbnail","6":"product_cat-eclesiologia-es","7":"product_cat-eclesiologia","8":"product_cat-espiritualidad","9":"product_cat-espiritualitat","10":"product_cat-santoral-1_espiritualidad-spa","11":"product_cat-santoral","12":"product_cat-vida-religiosa-1_espiritualidad-spa","13":"product_cat-vida-religiosa","15":"first","16":"instock","17":"taxable","18":"shipping-taxable","19":"purchasable","20":"product-type-simple"},"acf":{"editorial":[{"ID":6348,"post_author":"3","post_date":"2022-07-28 17:50:16","post_date_gmt":"2022-07-28 15:50:16","post_content":"","post_title":"Rialp","post_excerpt":"","post_status":"publish","comment_status":"closed","ping_status":"closed","post_password":"","post_name":"rialp","to_ping":"","pinged":"","post_modified":"2022-07-28 17:50:16","post_modified_gmt":"2022-07-28 15:50:16","post_content_filtered":"","post_parent":0,"guid":"http:\/\/dev.claret.cat\/editorial\/rialp\/","menu_order":0,"post_type":"editorial","post_mime_type":"","comment_count":"0","filter":"raw"}],"autor":"CASIANO, JUAN","codart":"843214907","libros-coleccion":"Nebl\u00ed","ediciones":"3","encuadernacion":"R\u00fastica","fecha_de_publicacion":"09\/04\/2019","novedad":"1","paginas":"512","subtitulo":"","orden":"0","portada":"0","idioma":"spa","autores-libros":[{"ID":161007,"post_author":"3","post_date":"2022-10-14 15:57:39","post_date_gmt":"2022-10-14 13:57:39","post_content":"","post_title":"JUAN CASIANO","post_excerpt":"","post_status":"publish","comment_status":"closed","ping_status":"closed","post_password":"","post_name":"juan-casiano","to_ping":"","pinged":"","post_modified":"2022-10-14 15:57:39","post_modified_gmt":"2022-10-14 13:57:39","post_content_filtered":"","post_parent":0,"guid":"http:\/\/dev.claret.cat\/autor\/juan-casiano\/","menu_order":0,"post_type":"autor","post_mime_type":"","comment_count":"0","filter":"raw"}]},"aioseo_notices":[],"_links":{"self":[{"href":"https:\/\/www.claret.cat\/es\/wp-json\/wp\/v2\/product\/134660","targetHints":{"allow":["GET"]}}],"collection":[{"href":"https:\/\/www.claret.cat\/es\/wp-json\/wp\/v2\/product"}],"about":[{"href":"https:\/\/www.claret.cat\/es\/wp-json\/wp\/v2\/types\/product"}],"wp:featuredmedia":[{"embeddable":true,"href":"https:\/\/www.claret.cat\/es\/wp-json\/wp\/v2\/media\/343940"}],"wp:attachment":[{"href":"https:\/\/www.claret.cat\/es\/wp-json\/wp\/v2\/media?parent=134660"}],"wp:term":[{"taxonomy":"product_brand","embeddable":true,"href":"https:\/\/www.claret.cat\/es\/wp-json\/wp\/v2\/product_brand?post=134660"},{"taxonomy":"product_cat","embeddable":true,"href":"https:\/\/www.claret.cat\/es\/wp-json\/wp\/v2\/product_cat?post=134660"},{"taxonomy":"product_tag","embeddable":true,"href":"https:\/\/www.claret.cat\/es\/wp-json\/wp\/v2\/product_tag?post=134660"}],"curies":[{"name":"wp","href":"https:\/\/api.w.org\/{rel}","templated":true}]}}