{"id":134663,"date":"2022-10-13T08:37:44","date_gmt":"2022-10-13T06:37:44","guid":{"rendered":"http:\/\/dev.claret.cat\/producte\/el-sueno-de-escipion\/"},"modified":"2024-05-24T04:47:57","modified_gmt":"2024-05-24T02:47:57","slug":"el-sueno-de-escipion-9788432150975","status":"publish","type":"product","link":"https:\/\/www.claret.cat\/es\/libro\/el-sueno-de-escipion-9788432150975\/","title":{"rendered":"EL SUE\u00d1O DE ESCIPI\u00d3N"},"content":{"rendered":"<p>El di\u00e1logo De Republica corresponde a un grupo de escritos filos\u00f3ficos redactados por Cicer\u00f3n entre los a\u00f1os 55-51 a. C. Esta obra es su ep\u00edlogo, y por su enorme valor adquiri\u00f3 vida propia convirti\u00e9ndose en una obra maestra y uno de los textos m\u00e1s influyentes de la Antig\u00fcedad.<\/p>\n","protected":false},"excerpt":{"rendered":"<p>CICER\u00d3N<\/p>\n","protected":false},"featured_media":384679,"template":"","meta":{"_acf_changed":false,"om_disable_all_campaigns":false,"rs_blank_template":"","rs_page_bg_color":"","slide_template_v7":"","inline_featured_image":false,"_monsterinsights_skip_tracking":false,"_monsterinsights_sitenote_active":false,"_monsterinsights_sitenote_note":"","_monsterinsights_sitenote_category":0},"product_brand":[],"product_cat":[373,166,85,351],"product_tag":[],"class_list":{"0":"post-134663","1":"product","2":"type-product","3":"status-publish","4":"has-post-thumbnail","6":"product_cat-autores","7":"product_cat-autors-filosofia","8":"product_cat-historia","9":"product_cat-historia-2_humanidades","11":"first","12":"instock","13":"taxable","14":"shipping-taxable","15":"purchasable","16":"product-type-simple"},"acf":{"editorial":[{"ID":6348,"post_author":"3","post_date":"2022-07-28 17:50:16","post_date_gmt":"2022-07-28 15:50:16","post_content":"","post_title":"Rialp","post_excerpt":"","post_status":"publish","comment_status":"closed","ping_status":"closed","post_password":"","post_name":"rialp","to_ping":"","pinged":"","post_modified":"2022-07-28 17:50:16","post_modified_gmt":"2022-07-28 15:50:16","post_content_filtered":"","post_parent":0,"guid":"http:\/\/dev.claret.cat\/editorial\/rialp\/","menu_order":0,"post_type":"editorial","post_mime_type":"","comment_count":"0","filter":"raw"}],"autores-libros":[{"ID":5355,"post_author":"3","post_date":"2022-07-28 17:22:12","post_date_gmt":"2022-07-28 15:22:12","post_content":"","post_title":"CICERON","post_excerpt":"","post_status":"publish","comment_status":"closed","ping_status":"closed","post_password":"","post_name":"ciceron","to_ping":"","pinged":"","post_modified":"2022-07-28 17:22:12","post_modified_gmt":"2022-07-28 15:22:12","post_content_filtered":"","post_parent":0,"guid":"http:\/\/dev.claret.cat\/autor\/ciceron\/","menu_order":0,"post_type":"autor","post_mime_type":"","comment_count":"0","filter":"raw"}],"autor":"CICER\u00d3N","codart":"843215097","libros-coleccion":"","ediciones":"1","encuadernacion":"R\u00fastica","fecha_de_publicacion":"09\/04\/2019","novedad":"1","paginas":"84","subtitulo":"","orden":"0","portada":"0","idioma":"spa"},"aioseo_notices":[],"_links":{"self":[{"href":"https:\/\/www.claret.cat\/es\/wp-json\/wp\/v2\/product\/134663","targetHints":{"allow":["GET"]}}],"collection":[{"href":"https:\/\/www.claret.cat\/es\/wp-json\/wp\/v2\/product"}],"about":[{"href":"https:\/\/www.claret.cat\/es\/wp-json\/wp\/v2\/types\/product"}],"wp:featuredmedia":[{"embeddable":true,"href":"https:\/\/www.claret.cat\/es\/wp-json\/wp\/v2\/media\/384679"}],"wp:attachment":[{"href":"https:\/\/www.claret.cat\/es\/wp-json\/wp\/v2\/media?parent=134663"}],"wp:term":[{"taxonomy":"product_brand","embeddable":true,"href":"https:\/\/www.claret.cat\/es\/wp-json\/wp\/v2\/product_brand?post=134663"},{"taxonomy":"product_cat","embeddable":true,"href":"https:\/\/www.claret.cat\/es\/wp-json\/wp\/v2\/product_cat?post=134663"},{"taxonomy":"product_tag","embeddable":true,"href":"https:\/\/www.claret.cat\/es\/wp-json\/wp\/v2\/product_tag?post=134663"}],"curies":[{"name":"wp","href":"https:\/\/api.w.org\/{rel}","templated":true}]}}