{"id":134684,"date":"2022-10-13T08:38:03","date_gmt":"2022-10-13T06:38:03","guid":{"rendered":"http:\/\/dev.claret.cat\/producte\/la-reina-fidel\/"},"modified":"2025-03-11T12:25:08","modified_gmt":"2025-03-11T11:25:08","slug":"la-reina-fidel-9788435063432","status":"publish","type":"product","link":"https:\/\/www.claret.cat\/es\/libro\/la-reina-fidel-9788435063432\/","title":{"rendered":"LA REINA FIDEL"},"content":{"rendered":"<p>A comen\u00e7aments del segle XV Europa s?esquin\u00e7a entre la guerra dels Cent Anys, el cisma eclesi\u00e0stic i l?amena\u00e7a de l?Imperi turc. Mentrestant, els conflictes familiars i les guerres fan sagnar els diferents regnes de la pen\u00ednsula Ib\u00e8rica, on, de mica en mica, una poderosa dinastia s?al\u00e7a amb el poder: els Trast\u00e0mara.<\/p>\n<p> Aix\u00ed les coses, Alfons V, conegut com el Magn\u00e0nim, t\u00e9 un somni: recuperar les conquestes mediterr\u00e0nies dels seus antecessors a la corona d?Arag\u00f3: N\u00e0pols, Sic\u00edlia i Sardenya. Fent front a la resist\u00e8ncia dels nobles, empr\u00e8n una s\u00e8rie de campanyes navals fins que aconsegueix conquerir N\u00e0pols. Sedu\u00eft per la It\u00e0lia renaixentista, s?estableix all\u00e0 fins al final dels seus dies, envoltat d?una cort espl\u00e8ndida que ja no va voler abandonar.<\/p>\n<p> En aquest temps, tot el poder dels seus regnes, Arag\u00f3, Val\u00e8ncia i Mallorca, i d?un poder\u00f3s principat, Catalunya, recau en ella: Maria de Trast\u00e0mara, reina d?Arag\u00f3 i comtessa de Barcelona. Intel\u00b7ligent, culta i amant de la pau, emergeix com un personatge ferm i conciliador, \u00abl?altre cos del rei\u00bb, en qui el rei Alfons diposita tota la seva confian\u00e7a&#8230;, per\u00f2 no el seu amor. Governa amb energia i diplom\u00e0cia, evitant guerres, revoltes socials i pugnes de fam\u00edlia, sempre fidel a la voluntat del seu esp\u00f2s; sempre, tamb\u00e9, esperant el seu retorn.<\/p>\n<p> Maria d&#8221;Arag\u00f3 es un personatje hist\u00f2ric fascinant i poc conegut que va governar Catalunya, Arag\u00f3, Val\u00e8ncia i Balears. La novel\u00b7la et captivar\u00e0 per les concomit\u00e0ncies amb l&#8221;\u00e8poca actual i perque \u00e9s una novel\u00b7la tan hist\u00f2rica com femenina.<\/p>\n<p> L&#8221;obra es publica en castell\u00e0 (La reina fiel) i catal\u00e0 a l&#8221;hora i les dues edicions estar\u00e0n a la venda per Sant Jordi 2019<\/p>\n","protected":false},"excerpt":{"rendered":"<p>DE PAZ, MONTSE<\/p>\n","protected":false},"featured_media":1010458,"template":"","meta":{"_acf_changed":false,"om_disable_all_campaigns":false,"rs_blank_template":"","rs_page_bg_color":"","slide_template_v7":"","inline_featured_image":false,"_monsterinsights_skip_tracking":false,"_monsterinsights_sitenote_active":false,"_monsterinsights_sitenote_note":"","_monsterinsights_sitenote_category":0},"product_brand":[],"product_cat":[87,353],"product_tag":[],"class_list":{"0":"post-134684","1":"product","2":"type-product","3":"status-publish","4":"has-post-thumbnail","6":"product_cat-literatura","7":"product_cat-literatura-2_humanidades","9":"first","10":"instock","11":"taxable","12":"shipping-taxable","13":"purchasable","14":"product-type-simple"},"acf":{"autor":"DE PAZ, MONTSE","codart":"843506343","libros-coleccion":"Narrativas Hist\u00f3ricas","ediciones":"1","encuadernacion":"R\u00fastica","fecha_de_publicacion":"01\/03\/2019","novedad":"1","paginas":"593","subtitulo":"","orden":"0","portada":"0","idioma":"cat","editorial":[{"ID":147907,"post_author":"3","post_date":"2022-10-14 11:54:08","post_date_gmt":"2022-10-14 09:54:08","post_content":"","post_title":"Editora y Distribuidora Hispano American","post_excerpt":"","post_status":"publish","comment_status":"closed","ping_status":"closed","post_password":"","post_name":"editora-y-distribuidora-hispano-american","to_ping":"","pinged":"","post_modified":"2022-10-14 11:54:08","post_modified_gmt":"2022-10-14 09:54:08","post_content_filtered":"","post_parent":0,"guid":"http:\/\/dev.claret.cat\/editorial\/editora-y-distribuidora-hispano-american\/","menu_order":0,"post_type":"editorial","post_mime_type":"","comment_count":"0","filter":"raw"}],"autores-libros":[{"ID":165385,"post_author":"3","post_date":"2022-10-14 17:54:45","post_date_gmt":"2022-10-14 15:54:45","post_content":"Licenciada en Filolog\u00eda Inglesa, ha dedicado gran parte de su vida a las causas humanitarias y al servicio comunitario en diversas parroquias. Desde temprana edad, su vocaci\u00f3n por la escritura se aliment\u00f3 de las ricas experiencias obtenidas en su labor social. Ha publicado varias novelas, relatos cortos y obras de espiritualidad y autoayuda.","post_title":"MONTSE DE PAZ","post_excerpt":"","post_status":"publish","comment_status":"closed","ping_status":"closed","post_password":"","post_name":"montse-de-paz","to_ping":"","pinged":"","post_modified":"2025-02-14 12:42:54","post_modified_gmt":"2025-02-14 11:42:54","post_content_filtered":"","post_parent":0,"guid":"http:\/\/dev.claret.cat\/autor\/montse-de-paz\/","menu_order":0,"post_type":"autor","post_mime_type":"","comment_count":"0","filter":"raw"}]},"aioseo_notices":[],"_links":{"self":[{"href":"https:\/\/www.claret.cat\/es\/wp-json\/wp\/v2\/product\/134684","targetHints":{"allow":["GET"]}}],"collection":[{"href":"https:\/\/www.claret.cat\/es\/wp-json\/wp\/v2\/product"}],"about":[{"href":"https:\/\/www.claret.cat\/es\/wp-json\/wp\/v2\/types\/product"}],"wp:featuredmedia":[{"embeddable":true,"href":"https:\/\/www.claret.cat\/es\/wp-json\/wp\/v2\/media\/1010458"}],"wp:attachment":[{"href":"https:\/\/www.claret.cat\/es\/wp-json\/wp\/v2\/media?parent=134684"}],"wp:term":[{"taxonomy":"product_brand","embeddable":true,"href":"https:\/\/www.claret.cat\/es\/wp-json\/wp\/v2\/product_brand?post=134684"},{"taxonomy":"product_cat","embeddable":true,"href":"https:\/\/www.claret.cat\/es\/wp-json\/wp\/v2\/product_cat?post=134684"},{"taxonomy":"product_tag","embeddable":true,"href":"https:\/\/www.claret.cat\/es\/wp-json\/wp\/v2\/product_tag?post=134684"}],"curies":[{"name":"wp","href":"https:\/\/api.w.org\/{rel}","templated":true}]}}