{"id":134819,"date":"2022-10-13T08:40:06","date_gmt":"2022-10-13T06:40:06","guid":{"rendered":"http:\/\/dev.claret.cat\/producte\/fahrenheit-451-novela-grafica\/"},"modified":"2023-01-28T15:51:28","modified_gmt":"2023-01-28T14:51:28","slug":"fahrenheit-451-novela-grafica-9788466346818","status":"publish","type":"product","link":"https:\/\/www.claret.cat\/es\/libro\/fahrenheit-451-novela-grafica-9788466346818\/","title":{"rendered":"FAHRENHEIT 451 (NOVELA GR\u00c1FICA)"},"content":{"rendered":"<p>La adaptaci\u00f3n gr\u00e1fica oficial de la novela cl\u00e1sica de Ray Bradbury.  Fahrenheit 451 cuenta la historia de un sombr\u00edo y horroroso  futuro. Montag, el protagonista, pertenece a una extra\u00f1a brigada de bomberos cuya misi\u00f3n, parad\u00f3jicamente, no es la de sofocar incendios, sino la de provocarlos para quemar libros. Porque en el pa\u00eds de Montag est\u00e1 terminantemente prohibido leer. Porque leer obliga a pensar, y en el pa\u00eds de Montag est\u00e1 prohibido pensar. Porque leer impide ser ingenuamente feliz, y en el pa\u00eds de Montag hay que ser feliz a la fuerza&#8230; Tim Hamilton convierte en imagen la visionaria distop\u00eda ideada por Ray  Bradbury a mediados del siglo pasado, sin saberlo mas quiz\u00e1 intuyendo la vigencia de una advertencia imperecedera. De Fahrenheit 451 se ha dicho&#8230;<br \/>\u00abBradbury es heredero de la vasta imaginaci\u00f3n del maestro Poe.\u00bb<br \/>Jorge Luis Borges \u00abIncomparable. Un maestro en el delicado equilibrio entre ciencia y fantas\u00eda.\u00bb<br \/>C. S. Lewis \u00abLa fuerza y la potencia de su original imaginaci\u00f3n llenan de j\u00fabilo&#8230; Un talento mayor e ins\u00f3lito.\u00bb<br \/>Christopher Isherwood \u00abDe entre todos los infiernos del conformismo, Fahrenheit 451 ofrece el retrato m\u00e1s convincente.\u00bb<br \/>Kingsley Amis<\/p>\n","protected":false},"excerpt":{"rendered":"<p>BRADBURY, RAY<\/p>\n","protected":false},"featured_media":134820,"template":"","meta":{"_acf_changed":false,"om_disable_all_campaigns":false,"rs_blank_template":"","rs_page_bg_color":"","slide_template_v7":"","inline_featured_image":false,"_monsterinsights_skip_tracking":false,"_monsterinsights_sitenote_active":false,"_monsterinsights_sitenote_note":"","_monsterinsights_sitenote_category":0},"product_brand":[],"product_cat":[108],"product_tag":[],"class_list":{"0":"post-134819","1":"product","2":"type-product","3":"status-publish","4":"has-post-thumbnail","6":"product_cat-comic","8":"first","9":"instock","10":"taxable","11":"shipping-taxable","12":"purchasable","13":"product-type-simple"},"acf":{"editorial":[{"ID":6178,"post_author":"3","post_date":"2022-07-28 17:46:34","post_date_gmt":"2022-07-28 15:46:34","post_content":"","post_title":"DEBOLSILLO","post_excerpt":"","post_status":"publish","comment_status":"closed","ping_status":"closed","post_password":"","post_name":"debolsillo","to_ping":"","pinged":"","post_modified":"2022-07-28 17:46:34","post_modified_gmt":"2022-07-28 15:46:34","post_content_filtered":"","post_parent":0,"guid":"http:\/\/dev.claret.cat\/editorial\/debolsillo\/","menu_order":0,"post_type":"editorial","post_mime_type":"","comment_count":"0","filter":"raw"}],"autor":"BRADBURY, RAY","codart":"846634681","libros-coleccion":"BESTSELLER-COMIC","ediciones":"1","encuadernacion":"Carton\u00e9","fecha_de_publicacion":"01\/02\/2019","novedad":"1","paginas":"160","subtitulo":"","orden":"0","portada":"0","idioma":"spa","autores-libros":[{"ID":167870,"post_author":"3","post_date":"2022-10-14 18:14:40","post_date_gmt":"2022-10-14 16:14:40","post_content":"","post_title":"RAY BRADBURY","post_excerpt":"","post_status":"publish","comment_status":"closed","ping_status":"closed","post_password":"","post_name":"ray-bradbury","to_ping":"","pinged":"","post_modified":"2022-10-14 18:14:40","post_modified_gmt":"2022-10-14 16:14:40","post_content_filtered":"","post_parent":0,"guid":"http:\/\/dev.claret.cat\/autor\/ray-bradbury\/","menu_order":0,"post_type":"autor","post_mime_type":"","comment_count":"0","filter":"raw"}]},"aioseo_notices":[],"_links":{"self":[{"href":"https:\/\/www.claret.cat\/es\/wp-json\/wp\/v2\/product\/134819","targetHints":{"allow":["GET"]}}],"collection":[{"href":"https:\/\/www.claret.cat\/es\/wp-json\/wp\/v2\/product"}],"about":[{"href":"https:\/\/www.claret.cat\/es\/wp-json\/wp\/v2\/types\/product"}],"wp:featuredmedia":[{"embeddable":true,"href":"https:\/\/www.claret.cat\/es\/wp-json\/wp\/v2\/media\/134820"}],"wp:attachment":[{"href":"https:\/\/www.claret.cat\/es\/wp-json\/wp\/v2\/media?parent=134819"}],"wp:term":[{"taxonomy":"product_brand","embeddable":true,"href":"https:\/\/www.claret.cat\/es\/wp-json\/wp\/v2\/product_brand?post=134819"},{"taxonomy":"product_cat","embeddable":true,"href":"https:\/\/www.claret.cat\/es\/wp-json\/wp\/v2\/product_cat?post=134819"},{"taxonomy":"product_tag","embeddable":true,"href":"https:\/\/www.claret.cat\/es\/wp-json\/wp\/v2\/product_tag?post=134819"}],"curies":[{"name":"wp","href":"https:\/\/api.w.org\/{rel}","templated":true}]}}