{"id":134918,"date":"2022-10-13T08:41:34","date_gmt":"2022-10-13T06:41:34","guid":{"rendered":"http:\/\/dev.claret.cat\/producte\/ninos-sensibles-ninos-felices\/"},"modified":"2023-01-28T21:30:42","modified_gmt":"2023-01-28T20:30:42","slug":"ninos-sensibles-ninos-felices-9788417399504","status":"publish","type":"product","link":"https:\/\/www.claret.cat\/es\/libro\/ninos-sensibles-ninos-felices-9788417399504\/","title":{"rendered":"NI\u00d1OS SENSIBLES, NI\u00d1OS FELICES"},"content":{"rendered":"<p>Los ni\u00f1os y ni\u00f1as altamente sensibles suelen ser atentos, emp\u00e1ticos, comprensivos, intuitivos y, a menudo, destacan por su asombrosa<br \/> imaginaci\u00f3n y creatividad; pero tambi\u00e9n se abruman con facilidad. Por eso es importante tomarnos el tiempo necesario para transmitirles<br \/> la tranquilidad, el consuelo, el apoyo y aliento que precisan. Hemos de dar la bienvenida a la sensibilidad de cada ni\u00f1o, tal y como venga, y<br \/> ofrecerle herramientas para desarrollarla y canalizarla. No se trata de un trastorno, puede incluso enfocarse como un don. Sin embargo, es<br \/> fundamental conocer los rasgos de la hipersensibilidad de tu hijo o hija para ayudarlo a integrarse en su entorno, lograr el \u00e9xito acad\u00e9mico y<br \/> alcanzar su realizaci\u00f3n personal a todos los niveles. El doctor en psicolog\u00eda Saverio Tomasella es especialista en hipersensibilidad y en estas<br \/> p\u00e1ginas nos ofrece una gu\u00eda esencial para acompa\u00f1ar a nuestros hijos, desde el nacimiento hasta la adolescencia, a la luz de los \u00faltimos<br \/> descubrimientos cient\u00edficos sobre las emociones.<\/p>\n","protected":false},"excerpt":{"rendered":"<p>TOMASELLA, SAVERIO<\/p>\n","protected":false},"featured_media":134919,"template":"","meta":{"_acf_changed":false,"om_disable_all_campaigns":false,"rs_blank_template":"","rs_page_bg_color":"","slide_template_v7":"","inline_featured_image":false,"_monsterinsights_skip_tracking":false,"_monsterinsights_sitenote_active":false,"_monsterinsights_sitenote_note":"","_monsterinsights_sitenote_category":0},"product_brand":[],"product_cat":[82],"product_tag":[],"class_list":{"0":"post-134918","1":"product","2":"type-product","3":"status-publish","4":"has-post-thumbnail","6":"product_cat-pedagogia","8":"first","9":"instock","10":"taxable","11":"shipping-taxable","12":"purchasable","13":"product-type-simple"},"acf":{"editorial":[{"ID":6235,"post_author":"3","post_date":"2022-07-28 17:47:51","post_date_gmt":"2022-07-28 15:47:51","post_content":"","post_title":"Editorial Sirio","post_excerpt":"","post_status":"publish","comment_status":"closed","ping_status":"closed","post_password":"","post_name":"editorial-sirio","to_ping":"","pinged":"","post_modified":"2022-07-28 17:47:51","post_modified_gmt":"2022-07-28 15:47:51","post_content_filtered":"","post_parent":0,"guid":"http:\/\/dev.claret.cat\/editorial\/editorial-sirio\/","menu_order":0,"post_type":"editorial","post_mime_type":"","comment_count":"0","filter":"raw"}],"autor":"TOMASELLA, SAVERIO","codart":"841739950","libros-coleccion":"SIRIO","ediciones":"1","encuadernacion":"R\u00fastica","fecha_de_publicacion":"01\/04\/2019","novedad":"1","paginas":"254","subtitulo":"C\u00d3MO AYUDAR A TU HIJO A VIVIR EL DON DE LA HIPERSENSIBILIDAD","orden":"0","portada":"0","idioma":"spa","autores-libros":[{"ID":169195,"post_author":"3","post_date":"2022-10-14 22:25:15","post_date_gmt":"2022-10-14 20:25:15","post_content":"","post_title":"SAVERIO TOMASELLA","post_excerpt":"","post_status":"publish","comment_status":"closed","ping_status":"closed","post_password":"","post_name":"saverio-tomasella","to_ping":"","pinged":"","post_modified":"2022-10-14 22:25:15","post_modified_gmt":"2022-10-14 20:25:15","post_content_filtered":"","post_parent":0,"guid":"http:\/\/dev.claret.cat\/autor\/saverio-tomasella\/","menu_order":0,"post_type":"autor","post_mime_type":"","comment_count":"0","filter":"raw"}]},"aioseo_notices":[],"_links":{"self":[{"href":"https:\/\/www.claret.cat\/es\/wp-json\/wp\/v2\/product\/134918","targetHints":{"allow":["GET"]}}],"collection":[{"href":"https:\/\/www.claret.cat\/es\/wp-json\/wp\/v2\/product"}],"about":[{"href":"https:\/\/www.claret.cat\/es\/wp-json\/wp\/v2\/types\/product"}],"wp:featuredmedia":[{"embeddable":true,"href":"https:\/\/www.claret.cat\/es\/wp-json\/wp\/v2\/media\/134919"}],"wp:attachment":[{"href":"https:\/\/www.claret.cat\/es\/wp-json\/wp\/v2\/media?parent=134918"}],"wp:term":[{"taxonomy":"product_brand","embeddable":true,"href":"https:\/\/www.claret.cat\/es\/wp-json\/wp\/v2\/product_brand?post=134918"},{"taxonomy":"product_cat","embeddable":true,"href":"https:\/\/www.claret.cat\/es\/wp-json\/wp\/v2\/product_cat?post=134918"},{"taxonomy":"product_tag","embeddable":true,"href":"https:\/\/www.claret.cat\/es\/wp-json\/wp\/v2\/product_tag?post=134918"}],"curies":[{"name":"wp","href":"https:\/\/api.w.org\/{rel}","templated":true}]}}