{"id":134948,"date":"2022-10-13T08:42:01","date_gmt":"2022-10-13T06:42:01","guid":{"rendered":"http:\/\/dev.claret.cat\/producte\/la-vuelta-al-mundo-magos-del-humor-13\/"},"modified":"2023-01-28T04:14:37","modified_gmt":"2023-01-28T03:14:37","slug":"la-vuelta-al-mundo-magos-del-humor-13-9788402422491","status":"publish","type":"product","link":"https:\/\/www.claret.cat\/es\/libro\/la-vuelta-al-mundo-magos-del-humor-13-9788402422491\/","title":{"rendered":"LA VUELTA AL MUNDO (MAGOS DEL HUMOR 13)"},"content":{"rendered":"<p>N\u00famero 13 de la colecci\u00f3n \u00abMagos del Humor\u00bb. \u00a1Vuelven las aventuras de los gemelos m\u00e1s famosos y traviesos de nuestra historieta! La vuelta al Mundo fue la primera aventura larga que realiz\u00f3 el  maestro Escobar, entre 1970 y 1971, despu\u00e9s de una larga trayectoria desde que los Zipi y Zape aparecieron por primera vez en las p\u00e1ginas de la revista  Pulgarcito, en 1948. En esta aventura Zipi y Zape han ganado un concurso televisivo cuyo  premio es un viaje alrededor del mundo, por lo que viajar\u00e1n con  sus  padres don Pantuflo y Do\u00f1a Jaimita. En el transcurso del viaje vivir\u00e1n grandes aventuras en Estados Unidos, Jap\u00f3n, M\u00e9xico, Australia, \u00c1frica, Egipto o Italia. Pero, a la vuelta del viaje, don Pantuflo se llevar\u00e1 una gran sorpresa al comprobar que sus hijos han causado la ruina del organizador del concurso. Sobre la colecci\u00f3n:<br \/>La colecci\u00f3n \u00abMagos del Humor\u00bb naci\u00f3 en la editorial Bruguera en el a\u00f1o 1984 recuperando t\u00edtulos que ya hab\u00edan sido publicados en su antecesora \u00abAses del Humor\u00bb (1969). Debido al cierre de Bruguera en 1986, en esta etapa solo llegaron a ver la luz los   primeros 12 vol\u00famenes de la serie, pero en 1987 Ediciones B  retom\u00f3 la publicaci\u00f3n de la colecci\u00f3n desde su primer n\u00famero hasta la actualidad. \u00abMagos del Humor\u00bb, con su formato coleccionista en tapa dura de 210 x  290 mm, es la colecci\u00f3n en la que aparecen por primera vez las aventuras in\u00e9ditas de Mortadelo y Filem\u00f3n y de Superl\u00f3pez, aunque tambi\u00e9n puede encontrarse material de grandes personajes de Bruguera como  Zipi y Zape de Escobar, 13, Rue del Percebe, Pepe Gotera y Otilio, El botones Sacarino, La familia Trapisonda y  Rompetechos de Ib\u00e1\u00f1ez, Los cuentos de t\u00edo V\u00e1zquez o La familia Cebolleta de Manuel V\u00e1zquez, entre otros.<\/p>\n","protected":false},"excerpt":{"rendered":"<p>ESCOBAR, JOSEP<\/p>\n","protected":false},"featured_media":273933,"template":"","meta":{"_acf_changed":false,"om_disable_all_campaigns":false,"rs_blank_template":"","rs_page_bg_color":"","slide_template_v7":"","inline_featured_image":false,"_monsterinsights_skip_tracking":false,"_monsterinsights_sitenote_active":false,"_monsterinsights_sitenote_note":"","_monsterinsights_sitenote_category":0},"product_brand":[],"product_cat":[90,540],"product_tag":[],"class_list":{"0":"post-134948","1":"product","2":"type-product","3":"status-publish","4":"has-post-thumbnail","6":"product_cat-altres","7":"product_cat-otros","9":"first","10":"instock","11":"taxable","12":"shipping-taxable","13":"purchasable","14":"product-type-simple"},"acf":{"editorial":[{"ID":147571,"post_author":"3","post_date":"2022-10-14 11:51:35","post_date_gmt":"2022-10-14 09:51:35","post_content":"","post_title":"Bruguera (Ediciones B)","post_excerpt":"","post_status":"publish","comment_status":"closed","ping_status":"closed","post_password":"","post_name":"bruguera-ediciones-b","to_ping":"","pinged":"","post_modified":"2022-10-14 11:51:35","post_modified_gmt":"2022-10-14 09:51:35","post_content_filtered":"","post_parent":0,"guid":"http:\/\/dev.claret.cat\/editorial\/bruguera-ediciones-b\/","menu_order":0,"post_type":"editorial","post_mime_type":"","comment_count":"0","filter":"raw"}],"autores-libros":[{"ID":160663,"post_author":"3","post_date":"2022-10-14 15:54:53","post_date_gmt":"2022-10-14 13:54:53","post_content":"","post_title":"JOSEP ESCOBAR","post_excerpt":"","post_status":"publish","comment_status":"closed","ping_status":"closed","post_password":"","post_name":"josep-escobar","to_ping":"","pinged":"","post_modified":"2022-10-14 15:54:53","post_modified_gmt":"2022-10-14 13:54:53","post_content_filtered":"","post_parent":0,"guid":"http:\/\/dev.claret.cat\/autor\/josep-escobar\/","menu_order":0,"post_type":"autor","post_mime_type":"","comment_count":"0","filter":"raw"}],"autor":"ESCOBAR, JOSEP","codart":"840242249","libros-coleccion":"MAGOS DEL HUMOR","ediciones":"1","encuadernacion":"Carton\u00e9","fecha_de_publicacion":"01\/04\/2019","novedad":"1","paginas":"0","subtitulo":"","orden":"0","portada":"0","idioma":"spa"},"aioseo_notices":[],"_links":{"self":[{"href":"https:\/\/www.claret.cat\/es\/wp-json\/wp\/v2\/product\/134948","targetHints":{"allow":["GET"]}}],"collection":[{"href":"https:\/\/www.claret.cat\/es\/wp-json\/wp\/v2\/product"}],"about":[{"href":"https:\/\/www.claret.cat\/es\/wp-json\/wp\/v2\/types\/product"}],"wp:featuredmedia":[{"embeddable":true,"href":"https:\/\/www.claret.cat\/es\/wp-json\/wp\/v2\/media\/273933"}],"wp:attachment":[{"href":"https:\/\/www.claret.cat\/es\/wp-json\/wp\/v2\/media?parent=134948"}],"wp:term":[{"taxonomy":"product_brand","embeddable":true,"href":"https:\/\/www.claret.cat\/es\/wp-json\/wp\/v2\/product_brand?post=134948"},{"taxonomy":"product_cat","embeddable":true,"href":"https:\/\/www.claret.cat\/es\/wp-json\/wp\/v2\/product_cat?post=134948"},{"taxonomy":"product_tag","embeddable":true,"href":"https:\/\/www.claret.cat\/es\/wp-json\/wp\/v2\/product_tag?post=134948"}],"curies":[{"name":"wp","href":"https:\/\/api.w.org\/{rel}","templated":true}]}}