{"id":134960,"date":"2022-10-13T08:42:12","date_gmt":"2022-10-13T06:42:12","guid":{"rendered":"http:\/\/dev.claret.cat\/producte\/la-verdadera-historia-de-peter-pan\/"},"modified":"2023-01-28T15:32:22","modified_gmt":"2023-01-28T14:32:22","slug":"la-verdadera-historia-de-peter-pan-9788448852450","status":"publish","type":"product","link":"https:\/\/www.claret.cat\/es\/libro\/la-verdadera-historia-de-peter-pan-9788448852450\/","title":{"rendered":"LA VERDADERA HISTORIA DE PETER PAN"},"content":{"rendered":"<p>Una nueva versi\u00f3n de la historia de Peter Pan, el chico que no quer\u00eda crecer. Se han escrito numerosas historias de piratas, hay cuentos que hablan  sobre sirenas y pieles rojas, hay relatos sobre ni\u00f1os perdidos y hadas  extraordinarias, pero solo hay una historia que cuenta todas las  historias, pues solo cuando los ni\u00f1os son ni\u00f1os los cuentos duran para  siempre, y de todos es sabido que todos los ni\u00f1os crecen menos uno&#8230; Peter Pan. Esta es su verdadera historia.<\/p>\n","protected":false},"excerpt":{"rendered":"<p>RONDA, MAGELA \/ RICARDILUS,<\/p>\n","protected":false},"featured_media":134961,"template":"","meta":{"_acf_changed":false,"om_disable_all_campaigns":false,"rs_blank_template":"","rs_page_bg_color":"","slide_template_v7":"","inline_featured_image":false,"_monsterinsights_skip_tracking":false,"_monsterinsights_sitenote_active":false,"_monsterinsights_sitenote_note":"","_monsterinsights_sitenote_category":0},"product_brand":[],"product_cat":[86,105],"product_tag":[],"class_list":{"0":"post-134960","1":"product","2":"type-product","3":"status-publish","4":"has-post-thumbnail","6":"product_cat-infantil","7":"product_cat-regal","9":"first","10":"instock","11":"taxable","12":"shipping-taxable","13":"purchasable","14":"product-type-simple"},"acf":{"editorial":[{"ID":6141,"post_author":"3","post_date":"2022-07-28 17:45:46","post_date_gmt":"2022-07-28 15:45:46","post_content":"","post_title":"BEASCOA","post_excerpt":"","post_status":"publish","comment_status":"closed","ping_status":"closed","post_password":"","post_name":"beascoa","to_ping":"","pinged":"","post_modified":"2022-07-28 17:45:46","post_modified_gmt":"2022-07-28 15:45:46","post_content_filtered":"","post_parent":0,"guid":"http:\/\/dev.claret.cat\/editorial\/beascoa\/","menu_order":0,"post_type":"editorial","post_mime_type":"","comment_count":"0","filter":"raw"}],"autor":"RONDA, MAGELA \/ RICARDILUS,","codart":"844885245","libros-coleccion":"Alb\u00fam ilustrado","ediciones":"1","encuadernacion":"Carton\u00e9","fecha_de_publicacion":"01\/04\/2019","novedad":"1","paginas":"0","subtitulo":"","orden":"0","portada":"0","idioma":"spa","autores-libros":[{"ID":168036,"post_author":"3","post_date":"2022-10-14 18:16:01","post_date_gmt":"2022-10-14 16:16:01","post_content":"","post_title":"RICARDILUS","post_excerpt":"","post_status":"publish","comment_status":"closed","ping_status":"closed","post_password":"","post_name":"ricardilus","to_ping":"","pinged":"","post_modified":"2022-10-14 18:16:01","post_modified_gmt":"2022-10-14 16:16:01","post_content_filtered":"","post_parent":0,"guid":"http:\/\/dev.claret.cat\/autor\/ricardilus\/","menu_order":0,"post_type":"autor","post_mime_type":"","comment_count":"0","filter":"raw"},{"ID":162991,"post_author":"3","post_date":"2022-10-14 17:35:26","post_date_gmt":"2022-10-14 15:35:26","post_content":"","post_title":"MAGELA RONDA","post_excerpt":"","post_status":"publish","comment_status":"closed","ping_status":"closed","post_password":"","post_name":"magela-ronda","to_ping":"","pinged":"","post_modified":"2022-10-14 17:35:26","post_modified_gmt":"2022-10-14 15:35:26","post_content_filtered":"","post_parent":0,"guid":"http:\/\/dev.claret.cat\/autor\/magela-ronda\/","menu_order":0,"post_type":"autor","post_mime_type":"","comment_count":"0","filter":"raw"}]},"aioseo_notices":[],"_links":{"self":[{"href":"https:\/\/www.claret.cat\/es\/wp-json\/wp\/v2\/product\/134960","targetHints":{"allow":["GET"]}}],"collection":[{"href":"https:\/\/www.claret.cat\/es\/wp-json\/wp\/v2\/product"}],"about":[{"href":"https:\/\/www.claret.cat\/es\/wp-json\/wp\/v2\/types\/product"}],"wp:featuredmedia":[{"embeddable":true,"href":"https:\/\/www.claret.cat\/es\/wp-json\/wp\/v2\/media\/134961"}],"wp:attachment":[{"href":"https:\/\/www.claret.cat\/es\/wp-json\/wp\/v2\/media?parent=134960"}],"wp:term":[{"taxonomy":"product_brand","embeddable":true,"href":"https:\/\/www.claret.cat\/es\/wp-json\/wp\/v2\/product_brand?post=134960"},{"taxonomy":"product_cat","embeddable":true,"href":"https:\/\/www.claret.cat\/es\/wp-json\/wp\/v2\/product_cat?post=134960"},{"taxonomy":"product_tag","embeddable":true,"href":"https:\/\/www.claret.cat\/es\/wp-json\/wp\/v2\/product_tag?post=134960"}],"curies":[{"name":"wp","href":"https:\/\/api.w.org\/{rel}","templated":true}]}}