{"id":135059,"date":"2022-10-13T08:43:42","date_gmt":"2022-10-13T06:43:42","guid":{"rendered":"http:\/\/dev.claret.cat\/producte\/entre-itaca-e-icaria\/"},"modified":"2023-01-28T11:59:54","modified_gmt":"2023-01-28T10:59:54","slug":"entre-itaca-e-icaria-9788417541781","status":"publish","type":"product","link":"https:\/\/www.claret.cat\/es\/libro\/entre-itaca-e-icaria-9788417541781\/","title":{"rendered":"ENTRE \u00cdTACA E ICARIA"},"content":{"rendered":"<p>Reflexiones sobre Catalu\u00f1a, Espa\u00f1a y las izquierdas.Este libro establece una reflexi\u00f3n sobre la experiencia vivida durante los \u00faltimos a\u00f1os de tensi\u00f3n pol\u00edtica entre Catalu\u00f1a y Espa\u00f1a y el transcurso del catalanismo popular de las izquierdas en tiempos recientes. Se trata, en este sentido de analizar lo que hemos vivido a caballo entre Barcelona y Madrid y establecer los qu\u00e9 posibles futuros podemos vislumbrar y por cu\u00e1les vale la pena seguir construyendo.Biograf\u00edas:Xavier Dom\u00e8nech (Sabadell, 2 de diciembre de 1974) es un historiador, activista social y ex pol\u00edtico catal\u00e1n. Es profesor en la Universidad Aut\u00f3noma de Barcelona. En 2015 lider\u00f3 la campa\u00f1a de En Com\u00fa Podem en las elecciones generales de Espa\u00f1a, consiguiendo ser la fuerza m\u00e1s votada en Catalu\u00f1a. El 4 de septiembre de 2018 anunci\u00f3 que abandonaba la vida pol\u00edtica activa.Joan Tard\u00e0 (Cornell\u00e0 de Llobregat, 26 de septiembre de 1953) es un pol\u00edtico y profesor de secundaria catal\u00e1n, militante de ERC. Licenciado en Filosof\u00eda y Letras. Diputado por la provincia de Barcelona en las elecciones generales de Espa\u00f1a de los a\u00f1os 2004, 2008 y 2011. Actualmente es el Portavoz del grupo ERC-RI-CATS\u00cf en el Congreso de los Diputados.\u00c0ngels Barcel\u00f3 (Barcelona, 7 de septiembre de 1963) es una paeriodista catalana con una amplia trayectoria en medios de comunicaci\u00f3n audiovisuales. Su carrera profesional comenz\u00f3 alos 20 a\u00f1os, trabajando como redactora de informativos de Catalunya Radio. Al a\u00f1o siguiente, y sin dejar la radio, dio el salto a la televisi\u00f3n para presentar las noticias en TVC.<\/p>\n","protected":false},"excerpt":{"rendered":"<p>DOM\u00c8NECH, XAVIER \/ TARD\u00c0, JOAN \/ BARCEL\u00d3, \u00c0NGELS<\/p>\n","protected":false},"featured_media":135060,"template":"","meta":{"_acf_changed":false,"om_disable_all_campaigns":false,"rs_blank_template":"","rs_page_bg_color":"","slide_template_v7":"","inline_featured_image":false,"_monsterinsights_skip_tracking":false,"_monsterinsights_sitenote_active":false,"_monsterinsights_sitenote_note":"","_monsterinsights_sitenote_category":0},"product_brand":[],"product_cat":[120],"product_tag":[],"class_list":{"0":"post-135059","1":"product","2":"type-product","3":"status-publish","4":"has-post-thumbnail","6":"product_cat-politica","8":"first","9":"instock","10":"taxable","11":"shipping-taxable","12":"purchasable","13":"product-type-simple"},"acf":{"autor":"DOM\u00c8NECH, XAVIER \/ TARD\u00c0, JOAN \/ BARCEL\u00d3, \u00c0NGELS","codart":"841754178","libros-coleccion":"NO FICCION","ediciones":"1","encuadernacion":"R\u00fastica","fecha_de_publicacion":"01\/04\/2019","novedad":"1","paginas":"0","subtitulo":"REFLEXIONES SOBRE CATALU\u00d1A, ESPA\u00d1A Y LAS IZQUIERDAS","orden":"0","portada":"0","idioma":"spa","editorial":[{"ID":148755,"post_author":"3","post_date":"2022-10-14 12:00:44","post_date_gmt":"2022-10-14 10:00:44","post_content":"","post_title":"Roca Editorial","post_excerpt":"","post_status":"publish","comment_status":"closed","ping_status":"closed","post_password":"","post_name":"roca-editorial","to_ping":"","pinged":"","post_modified":"2022-10-14 12:00:44","post_modified_gmt":"2022-10-14 10:00:44","post_content_filtered":"","post_parent":0,"guid":"http:\/\/dev.claret.cat\/editorial\/roca-editorial\/","menu_order":0,"post_type":"editorial","post_mime_type":"","comment_count":"0","filter":"raw"}],"autores-libros":[{"ID":159430,"post_author":"3","post_date":"2022-10-14 15:44:47","post_date_gmt":"2022-10-14 13:44:47","post_content":"","post_title":"JOAN TARD\u00c0","post_excerpt":"","post_status":"publish","comment_status":"closed","ping_status":"closed","post_password":"","post_name":"joan-tarda","to_ping":"","pinged":"","post_modified":"2022-10-14 15:44:47","post_modified_gmt":"2022-10-14 13:44:47","post_content_filtered":"","post_parent":0,"guid":"http:\/\/dev.claret.cat\/autor\/joan-tarda\/","menu_order":0,"post_type":"autor","post_mime_type":"","comment_count":"0","filter":"raw"},{"ID":150474,"post_author":"3","post_date":"2022-10-14 14:33:15","post_date_gmt":"2022-10-14 12:33:15","post_content":"","post_title":"\u00c0NGELS BARCEL\u00d3","post_excerpt":"","post_status":"publish","comment_status":"closed","ping_status":"closed","post_password":"","post_name":"angels-barcelo","to_ping":"","pinged":"","post_modified":"2022-10-14 14:33:15","post_modified_gmt":"2022-10-14 12:33:15","post_content_filtered":"","post_parent":0,"guid":"http:\/\/dev.claret.cat\/autor\/angels-barcelo\/","menu_order":0,"post_type":"autor","post_mime_type":"","comment_count":"0","filter":"raw"},{"ID":171437,"post_author":"3","post_date":"2022-10-14 22:43:23","post_date_gmt":"2022-10-14 20:43:23","post_content":"","post_title":"XAVIER DOM\u00c8NECH","post_excerpt":"","post_status":"publish","comment_status":"closed","ping_status":"closed","post_password":"","post_name":"xavier-domenech","to_ping":"","pinged":"","post_modified":"2022-10-14 22:43:23","post_modified_gmt":"2022-10-14 20:43:23","post_content_filtered":"","post_parent":0,"guid":"http:\/\/dev.claret.cat\/autor\/xavier-domenech\/","menu_order":0,"post_type":"autor","post_mime_type":"","comment_count":"0","filter":"raw"}]},"aioseo_notices":[],"_links":{"self":[{"href":"https:\/\/www.claret.cat\/es\/wp-json\/wp\/v2\/product\/135059","targetHints":{"allow":["GET"]}}],"collection":[{"href":"https:\/\/www.claret.cat\/es\/wp-json\/wp\/v2\/product"}],"about":[{"href":"https:\/\/www.claret.cat\/es\/wp-json\/wp\/v2\/types\/product"}],"wp:featuredmedia":[{"embeddable":true,"href":"https:\/\/www.claret.cat\/es\/wp-json\/wp\/v2\/media\/135060"}],"wp:attachment":[{"href":"https:\/\/www.claret.cat\/es\/wp-json\/wp\/v2\/media?parent=135059"}],"wp:term":[{"taxonomy":"product_brand","embeddable":true,"href":"https:\/\/www.claret.cat\/es\/wp-json\/wp\/v2\/product_brand?post=135059"},{"taxonomy":"product_cat","embeddable":true,"href":"https:\/\/www.claret.cat\/es\/wp-json\/wp\/v2\/product_cat?post=135059"},{"taxonomy":"product_tag","embeddable":true,"href":"https:\/\/www.claret.cat\/es\/wp-json\/wp\/v2\/product_tag?post=135059"}],"curies":[{"name":"wp","href":"https:\/\/api.w.org\/{rel}","templated":true}]}}