{"id":13506,"date":"2022-10-01T22:12:59","date_gmt":"2022-10-01T20:12:59","guid":{"rendered":"http:\/\/dev.claret.cat\/producte\/enciclopedia-de-jardineria\/"},"modified":"2023-01-28T18:59:37","modified_gmt":"2023-01-28T17:59:37","slug":"enciclopedia-de-jardineria","status":"publish","type":"product","link":"https:\/\/www.claret.cat\/es\/libro\/enciclopedia-de-jardineria\/","title":{"rendered":"ENCICLOPEDIA DE JARDINER\u00cdA"},"content":{"rendered":"<p>Con numerosas ideas para el jard\u00edn, desde sembrar hortalizas hasta crear un estanque para atraer la vida animal, este libro convierte la jardiner\u00eda en una tarea sencilla y asequible. Cada uno de sus m\u00e1s de 200 proyectos, centrados en tareas tan diversas desde como plantar bulbos primaverales hasta cultivar hierbas y especias tailandesas, muestra exactamente lo que le gustar\u00eda saber.<\/p>\n<p>Una sensacional fusi\u00f3n de proyectos, estimulantes dise\u00f1os y espl\u00e9ndidas fotograf\u00edas. En la primera secci\u00f3n, refrescante y directa, se explican los conocimientos b\u00e1sicos de la jardiner\u00eda. Incluye un cap\u00edtulo dedicado a los cuidados y mantenimiento del jard\u00edn: desde t\u00e9cnicas de propagaci\u00f3n de los cultivos y poda al control de plagas y enfermedades.<\/p>\n","protected":false},"excerpt":{"rendered":"<p>ROYAL HORTICULTURAL SOCIETY<\/p>\n","protected":false},"featured_media":74076,"template":"","meta":{"_acf_changed":false,"om_disable_all_campaigns":false,"rs_blank_template":"","rs_page_bg_color":"","slide_template_v7":"","inline_featured_image":false,"_monsterinsights_skip_tracking":false,"_monsterinsights_sitenote_active":false,"_monsterinsights_sitenote_note":"","_monsterinsights_sitenote_category":0},"product_brand":[],"product_cat":[90,540,105,555],"product_tag":[],"class_list":{"0":"post-13506","1":"product","2":"type-product","3":"status-publish","4":"has-post-thumbnail","6":"product_cat-altres","7":"product_cat-otros","8":"product_cat-regal","9":"product_cat-regalo","11":"first","12":"instock","13":"taxable","14":"shipping-taxable","15":"purchasable","16":"product-type-simple"},"acf":{"autor":"ROYAL HORTICULTURAL SOCIETY","codart":"848076912","libros-coleccion":"","ediciones":"1","encuadernacion":"Carton\u00e9","fecha_de_publicacion":"04\/11\/2016","novedad":"0","paginas":"448","subtitulo":"IDEAS PARA CULTIVAR PR\u00c1CTICAMENTE TODO","orden":"0","portada":"0","idioma":"spa","editorial":[{"ID":147554,"post_author":"3","post_date":"2022-10-14 11:51:27","post_date_gmt":"2022-10-14 09:51:27","post_content":"","post_title":"BLUME (Naturart)","post_excerpt":"","post_status":"publish","comment_status":"closed","ping_status":"closed","post_password":"","post_name":"blume-naturart","to_ping":"","pinged":"","post_modified":"2022-10-14 11:51:27","post_modified_gmt":"2022-10-14 09:51:27","post_content_filtered":"","post_parent":0,"guid":"http:\/\/dev.claret.cat\/editorial\/blume-naturart\/","menu_order":0,"post_type":"editorial","post_mime_type":"","comment_count":"0","filter":"raw"}],"autores-libros":[{"ID":168631,"post_author":"3","post_date":"2022-10-14 22:20:40","post_date_gmt":"2022-10-14 20:20:40","post_content":"","post_title":"ROYAL HORTICULTURAL SOCIETY","post_excerpt":"","post_status":"publish","comment_status":"closed","ping_status":"closed","post_password":"","post_name":"royal-horticultural-society","to_ping":"","pinged":"","post_modified":"2022-10-14 22:20:40","post_modified_gmt":"2022-10-14 20:20:40","post_content_filtered":"","post_parent":0,"guid":"http:\/\/dev.claret.cat\/autor\/royal-horticultural-society\/","menu_order":0,"post_type":"autor","post_mime_type":"","comment_count":"0","filter":"raw"}]},"aioseo_notices":[],"_links":{"self":[{"href":"https:\/\/www.claret.cat\/es\/wp-json\/wp\/v2\/product\/13506","targetHints":{"allow":["GET"]}}],"collection":[{"href":"https:\/\/www.claret.cat\/es\/wp-json\/wp\/v2\/product"}],"about":[{"href":"https:\/\/www.claret.cat\/es\/wp-json\/wp\/v2\/types\/product"}],"wp:featuredmedia":[{"embeddable":true,"href":"https:\/\/www.claret.cat\/es\/wp-json\/wp\/v2\/media\/74076"}],"wp:attachment":[{"href":"https:\/\/www.claret.cat\/es\/wp-json\/wp\/v2\/media?parent=13506"}],"wp:term":[{"taxonomy":"product_brand","embeddable":true,"href":"https:\/\/www.claret.cat\/es\/wp-json\/wp\/v2\/product_brand?post=13506"},{"taxonomy":"product_cat","embeddable":true,"href":"https:\/\/www.claret.cat\/es\/wp-json\/wp\/v2\/product_cat?post=13506"},{"taxonomy":"product_tag","embeddable":true,"href":"https:\/\/www.claret.cat\/es\/wp-json\/wp\/v2\/product_tag?post=13506"}],"curies":[{"name":"wp","href":"https:\/\/api.w.org\/{rel}","templated":true}]}}