{"id":135062,"date":"2022-10-13T08:43:44","date_gmt":"2022-10-13T06:43:44","guid":{"rendered":"http:\/\/dev.claret.cat\/producte\/entre-itaca-i-icaria\/"},"modified":"2023-01-28T08:29:45","modified_gmt":"2023-01-28T07:29:45","slug":"entre-itaca-i-icaria-9788417541774","status":"publish","type":"product","link":"https:\/\/www.claret.cat\/es\/libro\/entre-itaca-i-icaria-9788417541774\/","title":{"rendered":"ENTRE \u00cdTACA I IC\u00c0RIA"},"content":{"rendered":"<p>Reflexions sobre Catalunya, Espanya i les esquerres.Aquest llibre estableix una reflexi\u00f3 sobre l&#8217;experi\u00e8ncia viscuda en els \u00faltims anys de tensionament pol\u00edtic entre Catalunya i Espanya i el decurs del catalanisme popular i d&#8217;esquerres en temps incerts. Es tracta en aquest sentit d&#8217;analitzar el que hem viscut a cavall de Barcelona i Madrid i establir quins futurs possibles podem albirar i pels quals val la pena seguir construint.<\/p>\n","protected":false},"excerpt":{"rendered":"<p>DOM\u00c8NECH, XAVIER \/ TARD\u00c0, JOAN \/ BARCEL\u00d3, \u00c0NGELS<\/p>\n","protected":false},"featured_media":135063,"template":"","meta":{"_acf_changed":false,"om_disable_all_campaigns":false,"rs_blank_template":"","rs_page_bg_color":"","slide_template_v7":"","inline_featured_image":false,"_monsterinsights_skip_tracking":false,"_monsterinsights_sitenote_active":false,"_monsterinsights_sitenote_note":"","_monsterinsights_sitenote_category":0},"product_brand":[],"product_cat":[120],"product_tag":[],"class_list":{"0":"post-135062","1":"product","2":"type-product","3":"status-publish","4":"has-post-thumbnail","6":"product_cat-politica","8":"first","9":"instock","10":"taxable","11":"shipping-taxable","12":"purchasable","13":"product-type-simple"},"acf":{"autor":"DOM\u00c8NECH, XAVIER \/ TARD\u00c0, JOAN \/ BARCEL\u00d3, \u00c0NGELS","codart":"841754177","libros-coleccion":"NO FICCION","ediciones":"1","encuadernacion":"R\u00fastica","fecha_de_publicacion":"01\/04\/2019","novedad":"1","paginas":"224","subtitulo":"REFLEXIONS SOBRE CATALUNYA, ESPANYA I LES ESQUERRES","orden":"0","portada":"0","idioma":"cat","editorial":[{"ID":148755,"post_author":"3","post_date":"2022-10-14 12:00:44","post_date_gmt":"2022-10-14 10:00:44","post_content":"","post_title":"Roca Editorial","post_excerpt":"","post_status":"publish","comment_status":"closed","ping_status":"closed","post_password":"","post_name":"roca-editorial","to_ping":"","pinged":"","post_modified":"2022-10-14 12:00:44","post_modified_gmt":"2022-10-14 10:00:44","post_content_filtered":"","post_parent":0,"guid":"http:\/\/dev.claret.cat\/editorial\/roca-editorial\/","menu_order":0,"post_type":"editorial","post_mime_type":"","comment_count":"0","filter":"raw"}],"autores-libros":[{"ID":159430,"post_author":"3","post_date":"2022-10-14 15:44:47","post_date_gmt":"2022-10-14 13:44:47","post_content":"","post_title":"JOAN TARD\u00c0","post_excerpt":"","post_status":"publish","comment_status":"closed","ping_status":"closed","post_password":"","post_name":"joan-tarda","to_ping":"","pinged":"","post_modified":"2022-10-14 15:44:47","post_modified_gmt":"2022-10-14 13:44:47","post_content_filtered":"","post_parent":0,"guid":"http:\/\/dev.claret.cat\/autor\/joan-tarda\/","menu_order":0,"post_type":"autor","post_mime_type":"","comment_count":"0","filter":"raw"},{"ID":150474,"post_author":"3","post_date":"2022-10-14 14:33:15","post_date_gmt":"2022-10-14 12:33:15","post_content":"","post_title":"\u00c0NGELS BARCEL\u00d3","post_excerpt":"","post_status":"publish","comment_status":"closed","ping_status":"closed","post_password":"","post_name":"angels-barcelo","to_ping":"","pinged":"","post_modified":"2022-10-14 14:33:15","post_modified_gmt":"2022-10-14 12:33:15","post_content_filtered":"","post_parent":0,"guid":"http:\/\/dev.claret.cat\/autor\/angels-barcelo\/","menu_order":0,"post_type":"autor","post_mime_type":"","comment_count":"0","filter":"raw"},{"ID":171437,"post_author":"3","post_date":"2022-10-14 22:43:23","post_date_gmt":"2022-10-14 20:43:23","post_content":"","post_title":"XAVIER DOM\u00c8NECH","post_excerpt":"","post_status":"publish","comment_status":"closed","ping_status":"closed","post_password":"","post_name":"xavier-domenech","to_ping":"","pinged":"","post_modified":"2022-10-14 22:43:23","post_modified_gmt":"2022-10-14 20:43:23","post_content_filtered":"","post_parent":0,"guid":"http:\/\/dev.claret.cat\/autor\/xavier-domenech\/","menu_order":0,"post_type":"autor","post_mime_type":"","comment_count":"0","filter":"raw"}]},"aioseo_notices":[],"_links":{"self":[{"href":"https:\/\/www.claret.cat\/es\/wp-json\/wp\/v2\/product\/135062","targetHints":{"allow":["GET"]}}],"collection":[{"href":"https:\/\/www.claret.cat\/es\/wp-json\/wp\/v2\/product"}],"about":[{"href":"https:\/\/www.claret.cat\/es\/wp-json\/wp\/v2\/types\/product"}],"wp:featuredmedia":[{"embeddable":true,"href":"https:\/\/www.claret.cat\/es\/wp-json\/wp\/v2\/media\/135063"}],"wp:attachment":[{"href":"https:\/\/www.claret.cat\/es\/wp-json\/wp\/v2\/media?parent=135062"}],"wp:term":[{"taxonomy":"product_brand","embeddable":true,"href":"https:\/\/www.claret.cat\/es\/wp-json\/wp\/v2\/product_brand?post=135062"},{"taxonomy":"product_cat","embeddable":true,"href":"https:\/\/www.claret.cat\/es\/wp-json\/wp\/v2\/product_cat?post=135062"},{"taxonomy":"product_tag","embeddable":true,"href":"https:\/\/www.claret.cat\/es\/wp-json\/wp\/v2\/product_tag?post=135062"}],"curies":[{"name":"wp","href":"https:\/\/api.w.org\/{rel}","templated":true}]}}