{"id":135086,"date":"2022-10-13T08:44:07","date_gmt":"2022-10-13T06:44:07","guid":{"rendered":"http:\/\/dev.claret.cat\/producte\/el-ultimo-cooperante\/"},"modified":"2024-01-10T12:35:20","modified_gmt":"2024-01-10T11:35:20","slug":"el-ultimo-cooperante-9788417733384","status":"publish","type":"product","link":"https:\/\/www.claret.cat\/es\/libro\/el-ultimo-cooperante-9788417733384\/","title":{"rendered":"EL \u00daLTIMO COOPERANTE"},"content":{"rendered":"<p>I\u00f1aki Alegr\u00eda, pediatra, fundador de la ONGD Alegr\u00eda Sin Fronteras, director m\u00e9dico del hospital general rural de Gambo de Etiop\u00eda. Descubre Gambo, un lugar \u00fanico en el mundo. Descubre algo mejor que salvar vidas: ense\u00f1ar a salvarlas. Vive una experiencia incre\u00edble e inolvidable. Viaja a un c\u00e1lido hogar en el seno de una humilde familia afecta de lepra. Enam\u00f3rate de su vida y coraje, para admirarlas, respetarlas y entender una nueva manera de acercarse a la Etiop\u00eda m\u00e1s rural. Una nueva mirada a Etiop\u00eda poniendo fin a la cooperaci\u00f3n actual para crear una relaci\u00f3n de igual a igual. Siente la rabia y la impotencia de la muerte de ni\u00f1as por enfermedades evitables. Cont\u00e1giate de la fuerza y valent\u00eda de la comunidad de Gambo que lucha d\u00eda tras d\u00eda para revertir la situaci\u00f3n.<\/p>\n","protected":false},"excerpt":{"rendered":"<p>ALEGR\u00cdA COLL, I\u00d1AKI<\/p>\n","protected":false},"featured_media":370385,"template":"","meta":{"_acf_changed":false,"om_disable_all_campaigns":false,"rs_blank_template":"","rs_page_bg_color":"","slide_template_v7":"","inline_featured_image":false,"_monsterinsights_skip_tracking":false,"_monsterinsights_sitenote_active":false,"_monsterinsights_sitenote_note":"","_monsterinsights_sitenote_category":0},"product_brand":[],"product_cat":[90,540],"product_tag":[],"class_list":{"0":"post-135086","1":"product","2":"type-product","3":"status-publish","4":"has-post-thumbnail","6":"product_cat-altres","7":"product_cat-otros","9":"first","10":"instock","11":"taxable","12":"shipping-taxable","13":"purchasable","14":"product-type-simple"},"acf":{"autor":"ALEGR\u00cdA COLL, I\u00d1AKI","codart":"841773338","libros-coleccion":"","ediciones":"1","encuadernacion":"R\u00fastica","fecha_de_publicacion":"01\/03\/2019","novedad":"1","paginas":"326","subtitulo":"POR UN MUNDO DE IGUAL A IGUAL","orden":"0","portada":"0","idioma":"spa","editorial":[{"ID":148934,"post_author":"3","post_date":"2022-10-14 12:02:09","post_date_gmt":"2022-10-14 10:02:09","post_content":"","post_title":"UNO EDITORIAL","post_excerpt":"","post_status":"publish","comment_status":"closed","ping_status":"closed","post_password":"","post_name":"uno-editorial","to_ping":"","pinged":"","post_modified":"2022-10-14 12:02:09","post_modified_gmt":"2022-10-14 10:02:09","post_content_filtered":"","post_parent":0,"guid":"http:\/\/dev.claret.cat\/editorial\/uno-editorial\/","menu_order":0,"post_type":"editorial","post_mime_type":"","comment_count":"0","filter":"raw"}],"autores-libros":[{"ID":157947,"post_author":"3","post_date":"2022-10-14 15:32:55","post_date_gmt":"2022-10-14 13:32:55","post_content":"","post_title":"I\u00d1AKI ALEGR\u00cdA COLL","post_excerpt":"","post_status":"publish","comment_status":"closed","ping_status":"closed","post_password":"","post_name":"inaki-alegria-coll","to_ping":"","pinged":"","post_modified":"2022-10-14 15:32:55","post_modified_gmt":"2022-10-14 13:32:55","post_content_filtered":"","post_parent":0,"guid":"http:\/\/dev.claret.cat\/autor\/inaki-alegria-coll\/","menu_order":0,"post_type":"autor","post_mime_type":"","comment_count":"0","filter":"raw"}]},"aioseo_notices":[],"_links":{"self":[{"href":"https:\/\/www.claret.cat\/es\/wp-json\/wp\/v2\/product\/135086","targetHints":{"allow":["GET"]}}],"collection":[{"href":"https:\/\/www.claret.cat\/es\/wp-json\/wp\/v2\/product"}],"about":[{"href":"https:\/\/www.claret.cat\/es\/wp-json\/wp\/v2\/types\/product"}],"wp:featuredmedia":[{"embeddable":true,"href":"https:\/\/www.claret.cat\/es\/wp-json\/wp\/v2\/media\/370385"}],"wp:attachment":[{"href":"https:\/\/www.claret.cat\/es\/wp-json\/wp\/v2\/media?parent=135086"}],"wp:term":[{"taxonomy":"product_brand","embeddable":true,"href":"https:\/\/www.claret.cat\/es\/wp-json\/wp\/v2\/product_brand?post=135086"},{"taxonomy":"product_cat","embeddable":true,"href":"https:\/\/www.claret.cat\/es\/wp-json\/wp\/v2\/product_cat?post=135086"},{"taxonomy":"product_tag","embeddable":true,"href":"https:\/\/www.claret.cat\/es\/wp-json\/wp\/v2\/product_tag?post=135086"}],"curies":[{"name":"wp","href":"https:\/\/api.w.org\/{rel}","templated":true}]}}