{"id":135125,"date":"2022-10-13T08:44:42","date_gmt":"2022-10-13T06:44:42","guid":{"rendered":"http:\/\/dev.claret.cat\/producte\/terra-aspriva-un-western\/"},"modified":"2023-01-28T02:08:38","modified_gmt":"2023-01-28T01:08:38","slug":"terra-aspriva-un-western-9788494834288","status":"publish","type":"product","link":"https:\/\/www.claret.cat\/es\/libro\/terra-aspriva-un-western-9788494834288\/","title":{"rendered":"TERRA ASPRIVA (UN WESTERN)"},"content":{"rendered":"<p>Llibre guanyador del Premi de Novel\u00b7la Curta Celler de Lletres, 2018, convocat per l&#8217;Ajuntament de Sant Sadurn\u00ed d&#8217;Anoia.<\/p>\n<p>Margarida \u00e9s la jove esposa d\u2019un marit d\u00e8spota, violent i faldiller. Desesperada, fuig amb el fill de l\u2019home que la maltracta i es refugia a la cabana del tros del seu tiet Baltasar, un home ja gran que viu una vida tranquil\u00b7la dedicada a la pagesia i a la vinya. Quan el marit s\u2019adona de la fugida de la dona i el fill es llan\u00e7a a una persecuci\u00f3 cega fins al poble on sospita que ella i el nen s\u2019oculten. L\u2019oncle Baltasar, quan rep la seva neboda i la veu fortament apallissada, jura venjar-se. Una revenja, per\u00f2, que ser\u00e0 tamb\u00e9 terriblement arriscada per a Marc, un jove veremador que \u00e9s l\u2019amor de joventut de Margarida.<\/p>\n","protected":false},"excerpt":{"rendered":"<p>BENNASAR, SEBASTI\u00c0<\/p>\n","protected":false},"featured_media":135126,"template":"","meta":{"_acf_changed":false,"om_disable_all_campaigns":false,"rs_blank_template":"","rs_page_bg_color":"","slide_template_v7":"","inline_featured_image":false,"_monsterinsights_skip_tracking":false,"_monsterinsights_sitenote_active":false,"_monsterinsights_sitenote_note":"","_monsterinsights_sitenote_category":0},"product_brand":[],"product_cat":[87],"product_tag":[],"class_list":{"0":"post-135125","1":"product","2":"type-product","3":"status-publish","4":"has-post-thumbnail","6":"product_cat-literatura","8":"first","9":"instock","10":"taxable","11":"shipping-taxable","12":"purchasable","13":"product-type-simple"},"acf":{"editorial":[{"ID":148525,"post_author":"3","post_date":"2022-10-14 11:58:55","post_date_gmt":"2022-10-14 09:58:55","post_content":"","post_title":"METEORA EDITORIAL","post_excerpt":"","post_status":"publish","comment_status":"closed","ping_status":"closed","post_password":"","post_name":"meteora-editorial","to_ping":"","pinged":"","post_modified":"2022-10-14 11:58:55","post_modified_gmt":"2022-10-14 09:58:55","post_content_filtered":"","post_parent":0,"guid":"http:\/\/dev.claret.cat\/editorial\/meteora-editorial\/","menu_order":0,"post_type":"editorial","post_mime_type":"","comment_count":"0","filter":"raw"}],"autor":"BENNASAR, SEBASTI\u00c0","codart":"849483428","libros-coleccion":"Papers de Fortuna","ediciones":"1","encuadernacion":"R\u00fastica","fecha_de_publicacion":"01\/04\/2019","novedad":"1","paginas":"96","subtitulo":"PREMI DE NOVEL\u00b7LA CURTA CELLER DE LLETRES 2018","orden":"0","portada":"0","idioma":"cat","autores-libros":[{"ID":169235,"post_author":"3","post_date":"2022-10-14 22:25:35","post_date_gmt":"2022-10-14 20:25:35","post_content":"","post_title":"SEBASTI\u00c0 BENNASAR","post_excerpt":"","post_status":"publish","comment_status":"closed","ping_status":"closed","post_password":"","post_name":"sebastia-bennasar","to_ping":"","pinged":"","post_modified":"2022-10-14 22:25:35","post_modified_gmt":"2022-10-14 20:25:35","post_content_filtered":"","post_parent":0,"guid":"http:\/\/dev.claret.cat\/autor\/sebastia-bennasar\/","menu_order":0,"post_type":"autor","post_mime_type":"","comment_count":"0","filter":"raw"}]},"aioseo_notices":[],"_links":{"self":[{"href":"https:\/\/www.claret.cat\/es\/wp-json\/wp\/v2\/product\/135125","targetHints":{"allow":["GET"]}}],"collection":[{"href":"https:\/\/www.claret.cat\/es\/wp-json\/wp\/v2\/product"}],"about":[{"href":"https:\/\/www.claret.cat\/es\/wp-json\/wp\/v2\/types\/product"}],"wp:featuredmedia":[{"embeddable":true,"href":"https:\/\/www.claret.cat\/es\/wp-json\/wp\/v2\/media\/135126"}],"wp:attachment":[{"href":"https:\/\/www.claret.cat\/es\/wp-json\/wp\/v2\/media?parent=135125"}],"wp:term":[{"taxonomy":"product_brand","embeddable":true,"href":"https:\/\/www.claret.cat\/es\/wp-json\/wp\/v2\/product_brand?post=135125"},{"taxonomy":"product_cat","embeddable":true,"href":"https:\/\/www.claret.cat\/es\/wp-json\/wp\/v2\/product_cat?post=135125"},{"taxonomy":"product_tag","embeddable":true,"href":"https:\/\/www.claret.cat\/es\/wp-json\/wp\/v2\/product_tag?post=135125"}],"curies":[{"name":"wp","href":"https:\/\/api.w.org\/{rel}","templated":true}]}}