{"id":135140,"date":"2022-10-13T08:44:56","date_gmt":"2022-10-13T06:44:56","guid":{"rendered":"http:\/\/dev.claret.cat\/producte\/esta-bien-pegar-a-un-nazi\/"},"modified":"2023-01-28T05:22:12","modified_gmt":"2023-01-28T04:22:12","slug":"esta-bien-pegar-a-un-nazi-9788417678104","status":"publish","type":"product","link":"https:\/\/www.claret.cat\/es\/libro\/esta-bien-pegar-a-un-nazi-9788417678104\/","title":{"rendered":"\u00bfEST\u00c1 BIEN PEGAR A UN NAZI?"},"content":{"rendered":"<p>Es un libro sobre dilemas \u00e9ticos contempor\u00e1neos (apps, redes sociales, econom\u00eda colaborativa&#8230;) analizados desde las corrientes \u00e9ticas tradicionales, con mucho humor.<\/p>\n<p>\u00bfEst\u00e1 bien pegar a un nazi? \u00bfHasta qu\u00e9 punto puedo llevarme bolis del trabajo sin que sea \u00e9ticamente reprobable? \u00bfPor qu\u00e9 puedo comerme un cerdo, pero no un perro? \u00bfCriticar a alguien en Twitter es lo mismo que un linchamiento? \u00bfEs \u00e9tico ser nacionalista? \u00bfCompro cerveza por una app o bajo al supermercado? \u00bfHay porno \u00e9tico? Estas son algunas de las preguntas a las que responde Jaime Rubio en su libro, siguiendo la tradici\u00f3n de los consultorios \u00e9ticos de los grandes medios de comunicaci\u00f3n, como la secci\u00f3n The Ethicist, de The New York Times. Y responde con mucho sentido del humor. Adem\u00e1s, el libro cuenta con pr\u00f3logo de Kike Garc\u00eda, uno de los responsables de la c\u00e9lebre p\u00e1gina sat\u00edrica El Mundo Today, y con ilustraciones de Lalalimola.<\/p>\n","protected":false},"excerpt":{"rendered":"<p>RUBIO HANCOCK, JAIME<\/p>\n","protected":false},"featured_media":135141,"template":"","meta":{"_acf_changed":false,"om_disable_all_campaigns":false,"rs_blank_template":"","rs_page_bg_color":"","slide_template_v7":"","inline_featured_image":false,"_monsterinsights_skip_tracking":false,"_monsterinsights_sitenote_active":false,"_monsterinsights_sitenote_note":"","_monsterinsights_sitenote_category":0},"product_brand":[],"product_cat":[120],"product_tag":[],"class_list":{"0":"post-135140","1":"product","2":"type-product","3":"status-publish","4":"has-post-thumbnail","6":"product_cat-politica","8":"first","9":"instock","10":"taxable","11":"shipping-taxable","12":"purchasable","13":"product-type-simple"},"acf":{"autor":"RUBIO HANCOCK, JAIME","codart":"841767810","libros-coleccion":"Narrativa","ediciones":"1","encuadernacion":"R\u00fastica","fecha_de_publicacion":"01\/04\/2019","novedad":"1","paginas":"330","subtitulo":"DILEMAS \u00c9TICOS COTIDIANOS EN TIEMPOS DE REDES SOCIALES Y POPULISMOS","orden":"0","portada":"0","idioma":"spa","editorial":[{"ID":148432,"post_author":"3","post_date":"2022-10-14 11:58:12","post_date_gmt":"2022-10-14 09:58:12","post_content":"","post_title":"LIBROS DEL K.OL","post_excerpt":"","post_status":"publish","comment_status":"closed","ping_status":"closed","post_password":"","post_name":"libros-del-k-ol","to_ping":"","pinged":"","post_modified":"2022-10-14 11:58:12","post_modified_gmt":"2022-10-14 09:58:12","post_content_filtered":"","post_parent":0,"guid":"http:\/\/dev.claret.cat\/editorial\/libros-del-k-ol\/","menu_order":0,"post_type":"editorial","post_mime_type":"","comment_count":"0","filter":"raw"}],"autores-libros":[{"ID":158366,"post_author":"3","post_date":"2022-10-14 15:36:16","post_date_gmt":"2022-10-14 13:36:16","post_content":"","post_title":"JAIME RUBIO HANCOCK","post_excerpt":"","post_status":"publish","comment_status":"closed","ping_status":"closed","post_password":"","post_name":"jaime-rubio-hancock","to_ping":"","pinged":"","post_modified":"2022-10-14 15:36:16","post_modified_gmt":"2022-10-14 13:36:16","post_content_filtered":"","post_parent":0,"guid":"http:\/\/dev.claret.cat\/autor\/jaime-rubio-hancock\/","menu_order":0,"post_type":"autor","post_mime_type":"","comment_count":"0","filter":"raw"}]},"aioseo_notices":[],"_links":{"self":[{"href":"https:\/\/www.claret.cat\/es\/wp-json\/wp\/v2\/product\/135140","targetHints":{"allow":["GET"]}}],"collection":[{"href":"https:\/\/www.claret.cat\/es\/wp-json\/wp\/v2\/product"}],"about":[{"href":"https:\/\/www.claret.cat\/es\/wp-json\/wp\/v2\/types\/product"}],"wp:featuredmedia":[{"embeddable":true,"href":"https:\/\/www.claret.cat\/es\/wp-json\/wp\/v2\/media\/135141"}],"wp:attachment":[{"href":"https:\/\/www.claret.cat\/es\/wp-json\/wp\/v2\/media?parent=135140"}],"wp:term":[{"taxonomy":"product_brand","embeddable":true,"href":"https:\/\/www.claret.cat\/es\/wp-json\/wp\/v2\/product_brand?post=135140"},{"taxonomy":"product_cat","embeddable":true,"href":"https:\/\/www.claret.cat\/es\/wp-json\/wp\/v2\/product_cat?post=135140"},{"taxonomy":"product_tag","embeddable":true,"href":"https:\/\/www.claret.cat\/es\/wp-json\/wp\/v2\/product_tag?post=135140"}],"curies":[{"name":"wp","href":"https:\/\/api.w.org\/{rel}","templated":true}]}}