{"id":135152,"date":"2022-10-13T08:45:07","date_gmt":"2022-10-13T06:45:07","guid":{"rendered":"http:\/\/dev.claret.cat\/producte\/el-dia-que-otto-la-lia\/"},"modified":"2023-01-28T11:03:37","modified_gmt":"2023-01-28T10:03:37","slug":"el-dia-que-otto-la-lia-9788494927645","status":"publish","type":"product","link":"https:\/\/www.claret.cat\/es\/libro\/el-dia-que-otto-la-lia-9788494927645\/","title":{"rendered":"EL D\u00cdA QUE OTTO LA L\u00cdA"},"content":{"rendered":"<p>A Otto le encanta el color naranja, \u00a1tanto que le dedica canciones! Cuando recibe un misterioso regalo y se le aparece el genio de la l\u00e1mpara, sabe muy bien qu\u00e9 deseo pedir: \u00a1que el mundo entero sea de su color favorito! Al principio todo es radiante, precioso y divertido&#8230; Pero pronto comprobar\u00e1 que las cosas se han complicado: la comida no sabe igual si tiene un color distinto, el tr\u00e1fico es un caos, resulta muy dif\u00edcil distinguir a una persona de otra&#8230; Para restaurar la normalidad, necesitar\u00e1 la ayuda de su familia, una idea genial y&#8230; \u00bfuna pizza?<\/p>\n","protected":false},"excerpt":{"rendered":"<p>CAMMUSO, FRANK;LYNCH, JAY<\/p>\n","protected":false},"featured_media":135153,"template":"","meta":{"_acf_changed":false,"om_disable_all_campaigns":false,"rs_blank_template":"","rs_page_bg_color":"","slide_template_v7":"","inline_featured_image":false,"_monsterinsights_skip_tracking":false,"_monsterinsights_sitenote_active":false,"_monsterinsights_sitenote_note":"","_monsterinsights_sitenote_category":0},"product_brand":[],"product_cat":[86],"product_tag":[],"class_list":{"0":"post-135152","1":"product","2":"type-product","3":"status-publish","4":"has-post-thumbnail","6":"product_cat-infantil","8":"first","9":"instock","10":"taxable","11":"shipping-taxable","12":"purchasable","13":"product-type-simple"},"acf":{"editorial":[{"ID":148352,"post_author":"3","post_date":"2022-10-14 11:57:34","post_date_gmt":"2022-10-14 09:57:34","post_content":"","post_title":"LA CASITA ROJA","post_excerpt":"","post_status":"publish","comment_status":"closed","ping_status":"closed","post_password":"","post_name":"la-casita-roja","to_ping":"","pinged":"","post_modified":"2022-10-14 11:57:34","post_modified_gmt":"2022-10-14 09:57:34","post_content_filtered":"","post_parent":0,"guid":"http:\/\/dev.claret.cat\/editorial\/la-casita-roja\/","menu_order":0,"post_type":"editorial","post_mime_type":"","comment_count":"0","filter":"raw"}],"autor":"CAMMUSO, FRANK;LYNCH, JAY","codart":"849492764","libros-coleccion":"LA CASITA N\u00ba 9","ediciones":"1","encuadernacion":"Carton\u00e9","fecha_de_publicacion":"01\/04\/2019","novedad":"1","paginas":"36","subtitulo":"","orden":"0","portada":"0","idioma":"spa","autores-libros":[{"ID":158815,"post_author":"3","post_date":"2022-10-14 15:39:49","post_date_gmt":"2022-10-14 13:39:49","post_content":"","post_title":"JAY LYNCH","post_excerpt":"","post_status":"publish","comment_status":"closed","ping_status":"closed","post_password":"","post_name":"jay-lynch","to_ping":"","pinged":"","post_modified":"2022-10-14 15:39:49","post_modified_gmt":"2022-10-14 13:39:49","post_content_filtered":"","post_parent":0,"guid":"http:\/\/dev.claret.cat\/autor\/jay-lynch\/","menu_order":0,"post_type":"autor","post_mime_type":"","comment_count":"0","filter":"raw"},{"ID":156356,"post_author":"3","post_date":"2022-10-14 15:20:10","post_date_gmt":"2022-10-14 13:20:10","post_content":"","post_title":"FRANK CAMMUSO","post_excerpt":"","post_status":"publish","comment_status":"closed","ping_status":"closed","post_password":"","post_name":"frank-cammuso","to_ping":"","pinged":"","post_modified":"2022-10-14 15:20:10","post_modified_gmt":"2022-10-14 13:20:10","post_content_filtered":"","post_parent":0,"guid":"http:\/\/dev.claret.cat\/autor\/frank-cammuso\/","menu_order":0,"post_type":"autor","post_mime_type":"","comment_count":"0","filter":"raw"}]},"aioseo_notices":[],"_links":{"self":[{"href":"https:\/\/www.claret.cat\/es\/wp-json\/wp\/v2\/product\/135152","targetHints":{"allow":["GET"]}}],"collection":[{"href":"https:\/\/www.claret.cat\/es\/wp-json\/wp\/v2\/product"}],"about":[{"href":"https:\/\/www.claret.cat\/es\/wp-json\/wp\/v2\/types\/product"}],"wp:featuredmedia":[{"embeddable":true,"href":"https:\/\/www.claret.cat\/es\/wp-json\/wp\/v2\/media\/135153"}],"wp:attachment":[{"href":"https:\/\/www.claret.cat\/es\/wp-json\/wp\/v2\/media?parent=135152"}],"wp:term":[{"taxonomy":"product_brand","embeddable":true,"href":"https:\/\/www.claret.cat\/es\/wp-json\/wp\/v2\/product_brand?post=135152"},{"taxonomy":"product_cat","embeddable":true,"href":"https:\/\/www.claret.cat\/es\/wp-json\/wp\/v2\/product_cat?post=135152"},{"taxonomy":"product_tag","embeddable":true,"href":"https:\/\/www.claret.cat\/es\/wp-json\/wp\/v2\/product_tag?post=135152"}],"curies":[{"name":"wp","href":"https:\/\/api.w.org\/{rel}","templated":true}]}}