{"id":135164,"date":"2022-10-13T08:45:18","date_gmt":"2022-10-13T06:45:18","guid":{"rendered":"http:\/\/dev.claret.cat\/producte\/intisar-en-el-exilio\/"},"modified":"2023-01-28T13:47:18","modified_gmt":"2023-01-28T12:47:18","slug":"intisar-en-el-exilio-9788417575045","status":"publish","type":"product","link":"https:\/\/www.claret.cat\/es\/libro\/intisar-en-el-exilio-9788417575045\/","title":{"rendered":"INTISAR EN EL EXILIO"},"content":{"rendered":"<p>Tras &#8221;El coche de Intisar&#8221; (con Nacho Casanova, EDT, 2011), premio France Info 2013 al mejor c\u00f3mic de actualidad y reportaje, Pedro Riera recupera a su hero\u00edna y aborda sus a\u00f1os de exilio en Jordania, esta vez con los dibujos de Sagar. Intisar habla de la terrible situaci\u00f3n que atraviesa Yemen con su peculiar sentido del humor, su mirada incisiva y alg\u00fan que otro acceso de rabia, y prosigue su camino en busca de convertirse en una mujer libre e independiente.<\/p>\n<p> Las peripecias de la vida de Intisar son el resultado de los testimonios de decenas de mujeres que conoci\u00f3 Pedro Riera en sus viajes a Yemen y Jordania en 2016, pero tambi\u00e9n en los que llev\u00f3 a cabo en 2011 durante las revueltas de la Primavera \u00c1rabe en Yemen. Su talento narrativo dota de aut\u00e9ntica humanidad a este personaje de papel que expresa la lucha cotidiana y las esperanzas de las mujeres yemen\u00edes a las que la guerra civil y el exilio liberan en parte del control masculino.<\/p>\n","protected":false},"excerpt":{"rendered":"<p>RIERA, PEDRO \/ FORNI\u00c9S, SAGAR<\/p>\n","protected":false},"featured_media":135165,"template":"","meta":{"_acf_changed":false,"om_disable_all_campaigns":false,"rs_blank_template":"","rs_page_bg_color":"","slide_template_v7":"","inline_featured_image":false,"_monsterinsights_skip_tracking":false,"_monsterinsights_sitenote_active":false,"_monsterinsights_sitenote_note":"","_monsterinsights_sitenote_category":0},"product_brand":[],"product_cat":[108],"product_tag":[],"class_list":{"0":"post-135164","1":"product","2":"type-product","3":"status-publish","4":"has-post-thumbnail","6":"product_cat-comic","8":"first","9":"instock","10":"taxable","11":"shipping-taxable","12":"purchasable","13":"product-type-simple"},"acf":{"editorial":[{"ID":6130,"post_author":"3","post_date":"2022-07-28 17:45:32","post_date_gmt":"2022-07-28 15:45:32","post_content":"","post_title":"ASTIBERRI EDICIONES","post_excerpt":"","post_status":"publish","comment_status":"closed","ping_status":"closed","post_password":"","post_name":"astiberri-ediciones","to_ping":"","pinged":"","post_modified":"2022-07-28 17:45:32","post_modified_gmt":"2022-07-28 15:45:32","post_content_filtered":"","post_parent":0,"guid":"http:\/\/dev.claret.cat\/editorial\/astiberri-ediciones\/","menu_order":0,"post_type":"editorial","post_mime_type":"","comment_count":"0","filter":"raw"}],"autor":"RIERA, PEDRO \/ FORNI\u00c9S, SAGAR","codart":"841757504","libros-coleccion":"Sill\u00f3n Orejero","ediciones":"1","encuadernacion":"Carton\u00e9","fecha_de_publicacion":"01\/04\/2019","novedad":"1","paginas":"224","subtitulo":"","orden":"0","portada":"0","idioma":"spa","autores-libros":[{"ID":168785,"post_author":"3","post_date":"2022-10-14 22:21:55","post_date_gmt":"2022-10-14 20:21:55","post_content":"","post_title":"SAGAR FORNI\u00c9S","post_excerpt":"","post_status":"publish","comment_status":"closed","ping_status":"closed","post_password":"","post_name":"sagar-fornies","to_ping":"","pinged":"","post_modified":"2022-10-14 22:21:55","post_modified_gmt":"2022-10-14 20:21:55","post_content_filtered":"","post_parent":0,"guid":"http:\/\/dev.claret.cat\/autor\/sagar-fornies\/","menu_order":0,"post_type":"autor","post_mime_type":"","comment_count":"0","filter":"raw"},{"ID":166898,"post_author":"3","post_date":"2022-10-14 18:06:55","post_date_gmt":"2022-10-14 16:06:55","post_content":"","post_title":"PEDRO RIERA","post_excerpt":"","post_status":"publish","comment_status":"closed","ping_status":"closed","post_password":"","post_name":"pedro-riera","to_ping":"","pinged":"","post_modified":"2022-10-14 18:06:55","post_modified_gmt":"2022-10-14 16:06:55","post_content_filtered":"","post_parent":0,"guid":"http:\/\/dev.claret.cat\/autor\/pedro-riera\/","menu_order":0,"post_type":"autor","post_mime_type":"","comment_count":"0","filter":"raw"}]},"aioseo_notices":[],"_links":{"self":[{"href":"https:\/\/www.claret.cat\/es\/wp-json\/wp\/v2\/product\/135164","targetHints":{"allow":["GET"]}}],"collection":[{"href":"https:\/\/www.claret.cat\/es\/wp-json\/wp\/v2\/product"}],"about":[{"href":"https:\/\/www.claret.cat\/es\/wp-json\/wp\/v2\/types\/product"}],"wp:featuredmedia":[{"embeddable":true,"href":"https:\/\/www.claret.cat\/es\/wp-json\/wp\/v2\/media\/135165"}],"wp:attachment":[{"href":"https:\/\/www.claret.cat\/es\/wp-json\/wp\/v2\/media?parent=135164"}],"wp:term":[{"taxonomy":"product_brand","embeddable":true,"href":"https:\/\/www.claret.cat\/es\/wp-json\/wp\/v2\/product_brand?post=135164"},{"taxonomy":"product_cat","embeddable":true,"href":"https:\/\/www.claret.cat\/es\/wp-json\/wp\/v2\/product_cat?post=135164"},{"taxonomy":"product_tag","embeddable":true,"href":"https:\/\/www.claret.cat\/es\/wp-json\/wp\/v2\/product_tag?post=135164"}],"curies":[{"name":"wp","href":"https:\/\/api.w.org\/{rel}","templated":true}]}}