{"id":135206,"date":"2022-10-13T08:45:57","date_gmt":"2022-10-13T06:45:57","guid":{"rendered":"http:\/\/dev.claret.cat\/producte\/la-gravedad-cuantica\/"},"modified":"2025-02-04T17:50:15","modified_gmt":"2025-02-04T16:50:15","slug":"la-gravedad-cuantica-9788491874386","status":"publish","type":"product","link":"https:\/\/www.claret.cat\/es\/libro\/la-gravedad-cuantica-9788491874386\/","title":{"rendered":"LA GRAVEDAD CU\u00c1NTICA"},"content":{"rendered":"<p>A principios del siglo xx, dos teor\u00edas f\u00edsicas sacudieron los cimientos del conocimiento humano. La relatividad de Einstein revolucion\u00f3 nuestra comprensi\u00f3n del espacio, el tiempo y la materia. La mec\u00e1nica cu\u00e1ntica, ideada por Planck, expuls\u00f3 el determinismo de las ecuaciones que rigen el microcosmos. La uni\u00f3n de ambas teor\u00edas es, seguramente, el mayor desaf\u00edo de la f\u00edsica te\u00f3rica, el que permite la desaparici\u00f3n de los conceptos de espacio y tiempo. La revoluci\u00f3n en la comprensi\u00f3n del universo<\/p>\n","protected":false},"excerpt":{"rendered":"<p>NARANJO PEREZ, PEDRO<\/p>\n","protected":false},"featured_media":135207,"template":"","meta":{"_acf_changed":false,"om_disable_all_campaigns":false,"rs_blank_template":"","rs_page_bg_color":"","slide_template_v7":"","inline_featured_image":false,"_monsterinsights_skip_tracking":false,"_monsterinsights_sitenote_active":false,"_monsterinsights_sitenote_note":"","_monsterinsights_sitenote_category":0},"product_brand":[],"product_cat":[104,554],"product_tag":[],"class_list":{"0":"post-135206","1":"product","2":"type-product","3":"status-publish","4":"has-post-thumbnail","6":"product_cat-ciencia","7":"product_cat-ciencia-5_otras-spa","9":"first","10":"instock","11":"taxable","12":"shipping-taxable","13":"purchasable","14":"product-type-simple"},"acf":{"editorial":[{"ID":148737,"post_author":"3","post_date":"2022-10-14 12:00:35","post_date_gmt":"2022-10-14 10:00:35","post_content":"","post_title":"RBA Libros","post_excerpt":"","post_status":"publish","comment_status":"closed","ping_status":"closed","post_password":"","post_name":"rba-libros","to_ping":"","pinged":"","post_modified":"2022-10-14 12:00:35","post_modified_gmt":"2022-10-14 10:00:35","post_content_filtered":"","post_parent":0,"guid":"http:\/\/dev.claret.cat\/editorial\/rba-libros\/","menu_order":0,"post_type":"editorial","post_mime_type":"","comment_count":"0","filter":"raw"}],"autor":"NARANJO PEREZ, PEDRO","codart":"849187438","libros-coleccion":"Divulgaci\u00f3n","ediciones":"1","encuadernacion":"R\u00fastica","fecha_de_publicacion":"01\/04\/2019","novedad":"1","paginas":"0","subtitulo":"","orden":"0","portada":"0","idioma":"spa","autores-libros":[{"ID":166882,"post_author":"3","post_date":"2022-10-14 18:06:48","post_date_gmt":"2022-10-14 16:06:48","post_content":"","post_title":"PEDRO NARANJO PEREZ","post_excerpt":"","post_status":"publish","comment_status":"closed","ping_status":"closed","post_password":"","post_name":"pedro-naranjo-perez","to_ping":"","pinged":"","post_modified":"2022-10-14 18:06:48","post_modified_gmt":"2022-10-14 16:06:48","post_content_filtered":"","post_parent":0,"guid":"http:\/\/dev.claret.cat\/autor\/pedro-naranjo-perez\/","menu_order":0,"post_type":"autor","post_mime_type":"","comment_count":"0","filter":"raw"}]},"aioseo_notices":[],"_links":{"self":[{"href":"https:\/\/www.claret.cat\/es\/wp-json\/wp\/v2\/product\/135206","targetHints":{"allow":["GET"]}}],"collection":[{"href":"https:\/\/www.claret.cat\/es\/wp-json\/wp\/v2\/product"}],"about":[{"href":"https:\/\/www.claret.cat\/es\/wp-json\/wp\/v2\/types\/product"}],"wp:featuredmedia":[{"embeddable":true,"href":"https:\/\/www.claret.cat\/es\/wp-json\/wp\/v2\/media\/135207"}],"wp:attachment":[{"href":"https:\/\/www.claret.cat\/es\/wp-json\/wp\/v2\/media?parent=135206"}],"wp:term":[{"taxonomy":"product_brand","embeddable":true,"href":"https:\/\/www.claret.cat\/es\/wp-json\/wp\/v2\/product_brand?post=135206"},{"taxonomy":"product_cat","embeddable":true,"href":"https:\/\/www.claret.cat\/es\/wp-json\/wp\/v2\/product_cat?post=135206"},{"taxonomy":"product_tag","embeddable":true,"href":"https:\/\/www.claret.cat\/es\/wp-json\/wp\/v2\/product_tag?post=135206"}],"curies":[{"name":"wp","href":"https:\/\/api.w.org\/{rel}","templated":true}]}}