{"id":135314,"date":"2022-10-13T08:47:39","date_gmt":"2022-10-13T06:47:39","guid":{"rendered":"http:\/\/dev.claret.cat\/producte\/el-pirata-mareado\/"},"modified":"2024-05-02T12:34:36","modified_gmt":"2024-05-02T10:34:36","slug":"el-pirata-mareado-9788427143081","status":"publish","type":"product","link":"https:\/\/www.claret.cat\/es\/libro\/el-pirata-mareado-9788427143081\/","title":{"rendered":"EL PIRATA MAREADO"},"content":{"rendered":"<p>El pirata Mareado recibe la visita de un inesperado mosc\u00f3n. Mareado y su tripulaci\u00f3n har\u00e1n todo lo posible para deshacerse de \u00e9l, pero este insecto es muy testarudo y no va a darse por vencido facilmente.<\/p>\n","protected":false},"excerpt":{"rendered":"<p>MERL\u00c1N, PAULA; ROSIQUE, SUSANA<\/p>\n","protected":false},"featured_media":332593,"template":"","meta":{"_acf_changed":false,"om_disable_all_campaigns":false,"rs_blank_template":"","rs_page_bg_color":"","slide_template_v7":"","inline_featured_image":false,"_monsterinsights_skip_tracking":false,"_monsterinsights_sitenote_active":false,"_monsterinsights_sitenote_note":"","_monsterinsights_sitenote_category":0},"product_brand":[],"product_cat":[86,352],"product_tag":[],"class_list":{"0":"post-135314","1":"product","2":"type-product","3":"status-publish","4":"has-post-thumbnail","6":"product_cat-infantil","7":"product_cat-infantil-3_infantil-juvenil-spa","9":"first","10":"instock","11":"taxable","12":"shipping-taxable","13":"purchasable","14":"product-type-simple"},"acf":{"editorial":[{"ID":8258,"post_author":"3","post_date":"2022-09-30 09:21:32","post_date_gmt":"2022-09-30 07:21:32","post_content":"","post_title":"MENSAJERO","post_excerpt":"","post_status":"publish","comment_status":"closed","ping_status":"closed","post_password":"","post_name":"mensajero","to_ping":"","pinged":"","post_modified":"2022-09-30 09:21:32","post_modified_gmt":"2022-09-30 07:21:32","post_content_filtered":"","post_parent":0,"guid":"http:\/\/dev.claret.cat\/editorial\/mensajero\/","menu_order":0,"post_type":"editorial","post_mime_type":"","comment_count":"0","filter":"raw"}],"autor":"MERL\u00c1N, PAULA; ROSIQUE, SUSANA","codart":"842714308","libros-coleccion":"Lectores sin fronteras ilustrados","ediciones":"1","encuadernacion":"Carton\u00e9","fecha_de_publicacion":"03\/04\/2019","novedad":"1","paginas":"36","subtitulo":"","orden":"0","portada":"0","idioma":"spa","autores-libros":[{"ID":169963,"post_author":"3","post_date":"2022-10-14 22:31:26","post_date_gmt":"2022-10-14 20:31:26","post_content":"","post_title":"SUSANA ROSIQUE","post_excerpt":"","post_status":"publish","comment_status":"closed","ping_status":"closed","post_password":"","post_name":"susana-rosique","to_ping":"","pinged":"","post_modified":"2022-10-14 22:31:26","post_modified_gmt":"2022-10-14 20:31:26","post_content_filtered":"","post_parent":0,"guid":"http:\/\/dev.claret.cat\/autor\/susana-rosique\/","menu_order":0,"post_type":"autor","post_mime_type":"","comment_count":"0","filter":"raw"},{"ID":166784,"post_author":"3","post_date":"2022-10-14 18:06:01","post_date_gmt":"2022-10-14 16:06:01","post_content":"","post_title":"PAULA MERL\u00c1N","post_excerpt":"","post_status":"publish","comment_status":"closed","ping_status":"closed","post_password":"","post_name":"paula-merlan","to_ping":"","pinged":"","post_modified":"2022-10-14 18:06:01","post_modified_gmt":"2022-10-14 16:06:01","post_content_filtered":"","post_parent":0,"guid":"http:\/\/dev.claret.cat\/autor\/paula-merlan\/","menu_order":0,"post_type":"autor","post_mime_type":"","comment_count":"0","filter":"raw"}]},"aioseo_notices":[],"_links":{"self":[{"href":"https:\/\/www.claret.cat\/es\/wp-json\/wp\/v2\/product\/135314","targetHints":{"allow":["GET"]}}],"collection":[{"href":"https:\/\/www.claret.cat\/es\/wp-json\/wp\/v2\/product"}],"about":[{"href":"https:\/\/www.claret.cat\/es\/wp-json\/wp\/v2\/types\/product"}],"wp:featuredmedia":[{"embeddable":true,"href":"https:\/\/www.claret.cat\/es\/wp-json\/wp\/v2\/media\/332593"}],"wp:attachment":[{"href":"https:\/\/www.claret.cat\/es\/wp-json\/wp\/v2\/media?parent=135314"}],"wp:term":[{"taxonomy":"product_brand","embeddable":true,"href":"https:\/\/www.claret.cat\/es\/wp-json\/wp\/v2\/product_brand?post=135314"},{"taxonomy":"product_cat","embeddable":true,"href":"https:\/\/www.claret.cat\/es\/wp-json\/wp\/v2\/product_cat?post=135314"},{"taxonomy":"product_tag","embeddable":true,"href":"https:\/\/www.claret.cat\/es\/wp-json\/wp\/v2\/product_tag?post=135314"}],"curies":[{"name":"wp","href":"https:\/\/api.w.org\/{rel}","templated":true}]}}