{"id":135317,"date":"2022-10-13T08:47:42","date_gmt":"2022-10-13T06:47:42","guid":{"rendered":"http:\/\/dev.claret.cat\/producte\/una-receta-para-ser-feliz\/"},"modified":"2024-05-02T12:34:28","modified_gmt":"2024-05-02T10:34:28","slug":"una-receta-para-ser-feliz-9788427143074","status":"publish","type":"product","link":"https:\/\/www.claret.cat\/es\/libro\/una-receta-para-ser-feliz-9788427143074\/","title":{"rendered":"UNA RECETA PARA SER FELIZ"},"content":{"rendered":"<p>De mayor quiero ser cocinera, como mi abuelo, que cocina las recetas m\u00e1s deliciosas del mundo. Pero la que m\u00e1s me gusta de todas es tambi\u00e9n la m\u00e1s secreta. \u00a1 Y es que mi abuelo conoce la receta para ser feliz!<\/p>\n","protected":false},"excerpt":{"rendered":"<p>SIRVENT, GEMA; DARN\u00c9, TXELL<\/p>\n","protected":false},"featured_media":332591,"template":"","meta":{"_acf_changed":false,"om_disable_all_campaigns":false,"rs_blank_template":"","rs_page_bg_color":"","slide_template_v7":"","inline_featured_image":false,"_monsterinsights_skip_tracking":false,"_monsterinsights_sitenote_active":false,"_monsterinsights_sitenote_note":"","_monsterinsights_sitenote_category":0},"product_brand":[],"product_cat":[86,352],"product_tag":[],"class_list":{"0":"post-135317","1":"product","2":"type-product","3":"status-publish","4":"has-post-thumbnail","6":"product_cat-infantil","7":"product_cat-infantil-3_infantil-juvenil-spa","9":"first","10":"instock","11":"taxable","12":"shipping-taxable","13":"purchasable","14":"product-type-simple"},"acf":{"editorial":[{"ID":8258,"post_author":"3","post_date":"2022-09-30 09:21:32","post_date_gmt":"2022-09-30 07:21:32","post_content":"","post_title":"MENSAJERO","post_excerpt":"","post_status":"publish","comment_status":"closed","ping_status":"closed","post_password":"","post_name":"mensajero","to_ping":"","pinged":"","post_modified":"2022-09-30 09:21:32","post_modified_gmt":"2022-09-30 07:21:32","post_content_filtered":"","post_parent":0,"guid":"http:\/\/dev.claret.cat\/editorial\/mensajero\/","menu_order":0,"post_type":"editorial","post_mime_type":"","comment_count":"0","filter":"raw"}],"autor":"SIRVENT, GEMA; DARN\u00c9, TXELL","codart":"842714307","libros-coleccion":"Lectores sin fronetas","ediciones":"1","encuadernacion":"Carton\u00e9","fecha_de_publicacion":"03\/04\/2019","novedad":"1","paginas":"34","subtitulo":"","orden":"0","portada":"0","idioma":"spa","autores-libros":[{"ID":156657,"post_author":"3","post_date":"2022-10-14 15:22:33","post_date_gmt":"2022-10-14 13:22:33","post_content":"","post_title":"GEMA SIRVENT","post_excerpt":"","post_status":"publish","comment_status":"closed","ping_status":"closed","post_password":"","post_name":"gema-sirvent","to_ping":"","pinged":"","post_modified":"2022-10-14 15:22:33","post_modified_gmt":"2022-10-14 13:22:33","post_content_filtered":"","post_parent":0,"guid":"http:\/\/dev.claret.cat\/autor\/gema-sirvent\/","menu_order":0,"post_type":"autor","post_mime_type":"","comment_count":"0","filter":"raw"},{"ID":170660,"post_author":"3","post_date":"2022-10-14 22:37:08","post_date_gmt":"2022-10-14 20:37:08","post_content":"","post_title":"TXELL DARNE","post_excerpt":"","post_status":"publish","comment_status":"closed","ping_status":"closed","post_password":"","post_name":"txell-darne","to_ping":"","pinged":"","post_modified":"2022-10-14 22:37:08","post_modified_gmt":"2022-10-14 20:37:08","post_content_filtered":"","post_parent":0,"guid":"http:\/\/dev.claret.cat\/autor\/txell-darne\/","menu_order":0,"post_type":"autor","post_mime_type":"","comment_count":"0","filter":"raw"}]},"aioseo_notices":[],"_links":{"self":[{"href":"https:\/\/www.claret.cat\/es\/wp-json\/wp\/v2\/product\/135317","targetHints":{"allow":["GET"]}}],"collection":[{"href":"https:\/\/www.claret.cat\/es\/wp-json\/wp\/v2\/product"}],"about":[{"href":"https:\/\/www.claret.cat\/es\/wp-json\/wp\/v2\/types\/product"}],"wp:featuredmedia":[{"embeddable":true,"href":"https:\/\/www.claret.cat\/es\/wp-json\/wp\/v2\/media\/332591"}],"wp:attachment":[{"href":"https:\/\/www.claret.cat\/es\/wp-json\/wp\/v2\/media?parent=135317"}],"wp:term":[{"taxonomy":"product_brand","embeddable":true,"href":"https:\/\/www.claret.cat\/es\/wp-json\/wp\/v2\/product_brand?post=135317"},{"taxonomy":"product_cat","embeddable":true,"href":"https:\/\/www.claret.cat\/es\/wp-json\/wp\/v2\/product_cat?post=135317"},{"taxonomy":"product_tag","embeddable":true,"href":"https:\/\/www.claret.cat\/es\/wp-json\/wp\/v2\/product_tag?post=135317"}],"curies":[{"name":"wp","href":"https:\/\/api.w.org\/{rel}","templated":true}]}}