{"id":135320,"date":"2022-10-13T08:47:44","date_gmt":"2022-10-13T06:47:44","guid":{"rendered":"http:\/\/dev.claret.cat\/producte\/la-felicidad-viene-a-cuento\/"},"modified":"2026-04-01T09:00:04","modified_gmt":"2026-04-01T07:00:04","slug":"la-felicidad-viene-a-cuento-9788429328295","status":"publish","type":"product","link":"https:\/\/www.claret.cat\/es\/libro\/la-felicidad-viene-a-cuento-9788429328295\/","title":{"rendered":"LA FELICIDAD VIENE A CUENTO"},"content":{"rendered":"<p>Una historia de historias, en la que se expresan verdades evidentes disfrazadas de met\u00e1foras y cuentos.<\/p>\n","protected":false},"excerpt":{"rendered":"<p>GONZ\u00c1LEZ ANDR\u00c9S, GERM\u00c1N; LI\u00d1ARES GUTI\u00c9RREZ, ANA MAR\u00cdA<\/p>\n","protected":false},"featured_media":340687,"template":"","meta":{"_acf_changed":false,"om_disable_all_campaigns":false,"rs_blank_template":"","rs_page_bg_color":"","slide_template_v7":"","inline_featured_image":false,"_monsterinsights_skip_tracking":false,"_monsterinsights_sitenote_active":false,"_monsterinsights_sitenote_note":"","_monsterinsights_sitenote_category":0},"product_brand":[],"product_cat":[345,79,347,81],"product_tag":[],"class_list":{"0":"post-135320","1":"product","2":"type-product","3":"status-publish","4":"has-post-thumbnail","6":"product_cat-espiritualidad","7":"product_cat-espiritualitat","8":"product_cat-psicologia-2_humanidades","9":"product_cat-psicologia","11":"first","12":"instock","13":"taxable","14":"shipping-taxable","15":"purchasable","16":"product-type-simple"},"acf":{"editorial":[{"ID":6351,"post_author":"3","post_date":"2022-07-28 17:50:19","post_date_gmt":"2022-07-28 15:50:19","post_content":"","post_title":"Sal Terrae","post_excerpt":"","post_status":"publish","comment_status":"closed","ping_status":"closed","post_password":"","post_name":"sal-terrae","to_ping":"","pinged":"","post_modified":"2022-07-28 17:50:19","post_modified_gmt":"2022-07-28 15:50:19","post_content_filtered":"","post_parent":0,"guid":"http:\/\/dev.claret.cat\/editorial\/sal-terrae\/","menu_order":0,"post_type":"editorial","post_mime_type":"","comment_count":"0","filter":"raw"}],"autor":"GONZ\u00c1LEZ ANDR\u00c9S, GERM\u00c1N; LI\u00d1ARES GUTI\u00c9RREZ, ANA MAR\u00cdA","codart":"842932829","libros-coleccion":"Proyecto","ediciones":"1","encuadernacion":"R\u00fastica","fecha_de_publicacion":"03\/04\/2019","novedad":"1","paginas":"224","subtitulo":"","orden":"0","portada":"0","idioma":"spa","autores-libros":[{"ID":150103,"post_author":"3","post_date":"2022-10-14 14:30:15","post_date_gmt":"2022-10-14 12:30:15","post_content":"","post_title":"ANA MAR\u00cdA LI\u00d1ARES GUTI\u00c9RREZ","post_excerpt":"","post_status":"publish","comment_status":"closed","ping_status":"closed","post_password":"","post_name":"ana-maria-linares-gutierrez","to_ping":"","pinged":"","post_modified":"2022-10-14 14:30:15","post_modified_gmt":"2022-10-14 12:30:15","post_content_filtered":"","post_parent":0,"guid":"http:\/\/dev.claret.cat\/autor\/ana-maria-linares-gutierrez\/","menu_order":0,"post_type":"autor","post_mime_type":"","comment_count":"0","filter":"raw"},{"ID":156826,"post_author":"3","post_date":"2022-10-14 15:23:55","post_date_gmt":"2022-10-14 13:23:55","post_content":"","post_title":"GERMAN GONZALEZ ANDRES","post_excerpt":"","post_status":"publish","comment_status":"closed","ping_status":"closed","post_password":"","post_name":"german-gonzalez-andres","to_ping":"","pinged":"","post_modified":"2022-10-14 15:23:55","post_modified_gmt":"2022-10-14 13:23:55","post_content_filtered":"","post_parent":0,"guid":"http:\/\/dev.claret.cat\/autor\/german-gonzalez-andres\/","menu_order":0,"post_type":"autor","post_mime_type":"","comment_count":"0","filter":"raw"}],"booktrailer":"","resenas":""},"aioseo_notices":[],"_links":{"self":[{"href":"https:\/\/www.claret.cat\/es\/wp-json\/wp\/v2\/product\/135320","targetHints":{"allow":["GET"]}}],"collection":[{"href":"https:\/\/www.claret.cat\/es\/wp-json\/wp\/v2\/product"}],"about":[{"href":"https:\/\/www.claret.cat\/es\/wp-json\/wp\/v2\/types\/product"}],"wp:featuredmedia":[{"embeddable":true,"href":"https:\/\/www.claret.cat\/es\/wp-json\/wp\/v2\/media\/340687"}],"wp:attachment":[{"href":"https:\/\/www.claret.cat\/es\/wp-json\/wp\/v2\/media?parent=135320"}],"wp:term":[{"taxonomy":"product_brand","embeddable":true,"href":"https:\/\/www.claret.cat\/es\/wp-json\/wp\/v2\/product_brand?post=135320"},{"taxonomy":"product_cat","embeddable":true,"href":"https:\/\/www.claret.cat\/es\/wp-json\/wp\/v2\/product_cat?post=135320"},{"taxonomy":"product_tag","embeddable":true,"href":"https:\/\/www.claret.cat\/es\/wp-json\/wp\/v2\/product_tag?post=135320"}],"curies":[{"name":"wp","href":"https:\/\/api.w.org\/{rel}","templated":true}]}}