{"id":135467,"date":"2022-10-13T08:50:05","date_gmt":"2022-10-13T06:50:05","guid":{"rendered":"http:\/\/dev.claret.cat\/producte\/armagedon-en-stalingrado\/"},"modified":"2023-01-28T23:15:53","modified_gmt":"2023-01-28T22:15:53","slug":"armagedon-en-stalingrado-9788494954009","status":"publish","type":"product","link":"https:\/\/www.claret.cat\/es\/libro\/armagedon-en-stalingrado-9788494954009\/","title":{"rendered":"ARMAGED\u00d3N EN STALINGRADO"},"content":{"rendered":"<p>A \u00faltima hora de la tarde del 23 de agosto de 1942, el Kampfgruppe del teniente coronel Hyazinth Graf Strachwitz, punta de flecha de la vanguardia del Sexto Ej\u00e9rcito del general Friedrich Paulus, alcanzaba los suburbios septentrionales de la ciudad industrial de Stalingrado, avance que solo se detuvo cuando los alemanes llegaron a lo alto de las escarpadas orillas que dominaban el r\u00edo Volga. Tras un verano de intensos combates coronados por el triunfo de la Operaci\u00f3n Blau, los sovi\u00e9ticos parec\u00edan inermes, incapaces de poder interponer oposici\u00f3n alguna al r\u00e1pido avance alem\u00e1n. La ca\u00edda de Stalingrado parec\u00eda inminente.<\/p>\n<p> Armaged\u00f3n en Stalingrado, segundo volumen de la Tetralog\u00eda de Stalingrado de David Glantz y Jonathan House, nos traslada a los meses cruciales de septiembre, octubre y noviembre de 1942, testigos del drama de una ciudad agonizante castigada en todos sus frentes, por tierra y por aire: la imparable penetraci\u00f3n alemana por los suburbios de la ciudad; el asalto al centro de Stalingrado, que apenas dej\u00f3 una magra cabeza de puente sovi\u00e9tica en torno al embarcadero de la orilla derecha del Volga, mantenida a costa de r\u00edos de sangre; y los encarnizados ataques a los distritos obreros, aut\u00e9nticas ciudades en torno a las c\u00e9lebres factor\u00edas Barrikadi, Octubre Rojo y la F\u00e1brica de Tractores, que se prolongar\u00edan sin descanso durante cuatro meses.<\/p>\n<p> Armaged\u00f3n en Stalingrado certifica, asimismo, el fracaso definitivo de la Blitzkrieg alemana y el inicio de una nueva fase de la batalla caracterizada por el combate urbano y una guerra de desgaste meticulosamente planificada por el mando sovi\u00e9tico para la que el ej\u00e9rcito alem\u00e1n distaba mucho de estar preparado y que eventualmente precipitar\u00eda su colapso. <\/p>\n<p> Para la elaboraci\u00f3n de su relato, Glantz y House han investigado fuentes que no hab\u00edan sido estudiadas antes, entre ellas los archivos del NKVD y los informes del 62.\u00ba Ej\u00e9rcito sovi\u00e9tico y del Sexto Ej\u00e9rcito alem\u00e1n, para proporcionar detalles sin precedentes y nuevas interpretaciones sobre esta campa\u00f1a apocal\u00edptica, hora a hora, calle a calle e incluso edificio a edificio. Escrito con la fuerza narrativa de una gran novela b\u00e9lica, este volumen reemplaza todas las cr\u00f3nicas anteriores y constituye la pieza central de la Tetralog\u00eda de Stalingrado, el momento donde la guerra se decidi\u00f3.<\/p>\n","protected":false},"excerpt":{"rendered":"<p>GLANTZ, DAVID M. \/ HOUSE, JONATHAN M.<\/p>\n","protected":false},"featured_media":135468,"template":"","meta":{"_acf_changed":false,"om_disable_all_campaigns":false,"rs_blank_template":"","rs_page_bg_color":"","slide_template_v7":"","inline_featured_image":false,"_monsterinsights_skip_tracking":false,"_monsterinsights_sitenote_active":false,"_monsterinsights_sitenote_note":"","_monsterinsights_sitenote_category":0},"product_brand":[],"product_cat":[85],"product_tag":[],"class_list":{"0":"post-135467","1":"product","2":"type-product","3":"status-publish","4":"has-post-thumbnail","6":"product_cat-historia","8":"first","9":"instock","10":"taxable","11":"shipping-taxable","12":"purchasable","13":"product-type-simple"},"acf":{"editorial":[{"ID":6180,"post_author":"3","post_date":"2022-07-28 17:46:37","post_date_gmt":"2022-07-28 15:46:37","post_content":"","post_title":"Desperta Ferro Ediciones","post_excerpt":"","post_status":"publish","comment_status":"closed","ping_status":"closed","post_password":"","post_name":"desperta-ferro-ediciones","to_ping":"","pinged":"","post_modified":"2022-07-28 17:46:37","post_modified_gmt":"2022-07-28 15:46:37","post_content_filtered":"","post_parent":0,"guid":"http:\/\/dev.claret.cat\/editorial\/desperta-ferro-ediciones\/","menu_order":0,"post_type":"editorial","post_mime_type":"","comment_count":"0","filter":"raw"}],"autor":"GLANTZ, DAVID M. \/ HOUSE, JONATHAN M.","codart":"849495400","libros-coleccion":"Segunda Guerra Mundial","ediciones":"1","encuadernacion":"R\u00fastica","fecha_de_publicacion":"01\/04\/2019","novedad":"1","paginas":"909","subtitulo":"OPERACIONES GERMANO-SOVI\u00c9TICAS DE SEPTIEMBRE A NOVIEMBRE DE 1942","orden":"0","portada":"0","idioma":"spa","autores-libros":[{"ID":153876,"post_author":"3","post_date":"2022-10-14 15:00:15","post_date_gmt":"2022-10-14 13:00:15","post_content":"","post_title":"DAVID M. GLANTZ","post_excerpt":"","post_status":"publish","comment_status":"closed","ping_status":"closed","post_password":"","post_name":"david-m-glantz","to_ping":"","pinged":"","post_modified":"2022-10-14 15:00:15","post_modified_gmt":"2022-10-14 13:00:15","post_content_filtered":"","post_parent":0,"guid":"http:\/\/dev.claret.cat\/autor\/david-m-glantz\/","menu_order":0,"post_type":"autor","post_mime_type":"","comment_count":"0","filter":"raw"},{"ID":159772,"post_author":"3","post_date":"2022-10-14 15:47:36","post_date_gmt":"2022-10-14 13:47:36","post_content":"","post_title":"JONATHAN M. HOUSE","post_excerpt":"","post_status":"publish","comment_status":"closed","ping_status":"closed","post_password":"","post_name":"jonathan-m-house","to_ping":"","pinged":"","post_modified":"2022-10-14 15:47:36","post_modified_gmt":"2022-10-14 13:47:36","post_content_filtered":"","post_parent":0,"guid":"http:\/\/dev.claret.cat\/autor\/jonathan-m-house\/","menu_order":0,"post_type":"autor","post_mime_type":"","comment_count":"0","filter":"raw"}]},"aioseo_notices":[],"_links":{"self":[{"href":"https:\/\/www.claret.cat\/es\/wp-json\/wp\/v2\/product\/135467","targetHints":{"allow":["GET"]}}],"collection":[{"href":"https:\/\/www.claret.cat\/es\/wp-json\/wp\/v2\/product"}],"about":[{"href":"https:\/\/www.claret.cat\/es\/wp-json\/wp\/v2\/types\/product"}],"wp:featuredmedia":[{"embeddable":true,"href":"https:\/\/www.claret.cat\/es\/wp-json\/wp\/v2\/media\/135468"}],"wp:attachment":[{"href":"https:\/\/www.claret.cat\/es\/wp-json\/wp\/v2\/media?parent=135467"}],"wp:term":[{"taxonomy":"product_brand","embeddable":true,"href":"https:\/\/www.claret.cat\/es\/wp-json\/wp\/v2\/product_brand?post=135467"},{"taxonomy":"product_cat","embeddable":true,"href":"https:\/\/www.claret.cat\/es\/wp-json\/wp\/v2\/product_cat?post=135467"},{"taxonomy":"product_tag","embeddable":true,"href":"https:\/\/www.claret.cat\/es\/wp-json\/wp\/v2\/product_tag?post=135467"}],"curies":[{"name":"wp","href":"https:\/\/api.w.org\/{rel}","templated":true}]}}