{"id":135536,"date":"2022-10-13T08:51:11","date_gmt":"2022-10-13T06:51:11","guid":{"rendered":"http:\/\/dev.claret.cat\/producte\/conversacion-con-lluis-duch\/"},"modified":"2024-07-02T13:50:15","modified_gmt":"2024-07-02T11:50:15","slug":"conversacion-con-lluis-duch-9788417796020","status":"publish","type":"product","link":"https:\/\/www.claret.cat\/es\/libro\/conversacion-con-lluis-duch-9788417796020\/","title":{"rendered":"CONVERSACI\u00d3N CON LLU\u00cdS DUCH"},"content":{"rendered":"<p>La obra de Llu\u00eds Duch es muy extensa y abarca \u00e1mbitos tem\u00e1ticos y disciplinarios muy diversos: la religi\u00f3n, la pol\u00edtica, la \u00e9tica, la pedagog\u00eda, la familia, la ciudad, la vida cotidiana, la comunicaci\u00f3n, las transmisiones, la salud, el mito, el s\u00edmbolo, el rito? <br \/> En la conversaci\u00f3n que hoy recuperamos, Llu\u00eds Duch repasa sus a\u00f1os de formaci\u00f3n en Alemania, su doble dedicaci\u00f3n a la vida mon\u00e1stica y a la vida intelectual, sus ideas sobre el homo religiosus, la condici\u00f3n ambigua y adverbial del ser humano, las \u00abestructuras de acogida\u00bb que desa\u00adrrolla en Religi\u00f3n y comunicaci\u00f3n y las grandes intuiciones exploradas en Religi\u00f3n y pol\u00edtica.<br \/> Desaparecido Llu\u00eds Duch el 10 de noviembre del 2018, esta publicaci\u00f3n pretende contribuir al conocimiento de una de las personalidades intelectuales m\u00e1s l\u00facidas y sugestivas de nuestros d\u00edas.<\/p>\n","protected":false},"excerpt":{"rendered":"<p>MORETA TUSQUETS, IGNASI \/ DUCH \u00c1LVAREZ, LLU\u00cdS<\/p>\n","protected":false},"featured_media":135537,"template":"","meta":{"_acf_changed":false,"om_disable_all_campaigns":false,"rs_blank_template":"","rs_page_bg_color":"","slide_template_v7":"","inline_featured_image":false,"_monsterinsights_skip_tracking":false,"_monsterinsights_sitenote_active":false,"_monsterinsights_sitenote_note":"","_monsterinsights_sitenote_category":0},"product_brand":[],"product_cat":[84,350,76,342],"product_tag":[],"class_list":{"0":"post-135536","1":"product","2":"type-product","3":"status-publish","4":"has-post-thumbnail","6":"product_cat-sociologia","7":"product_cat-sociologia-2_humanidades","8":"product_cat-teologia","9":"product_cat-teologia-1_espiritualidad","11":"first","12":"instock","13":"taxable","14":"shipping-taxable","15":"purchasable","16":"product-type-simple"},"acf":{"editorial":[{"ID":6258,"post_author":"3","post_date":"2022-07-28 17:48:20","post_date_gmt":"2022-07-28 15:48:20","post_content":"","post_title":"FRAGMENTA EDITORIAL","post_excerpt":"","post_status":"publish","comment_status":"closed","ping_status":"closed","post_password":"","post_name":"fragmenta-editorial","to_ping":"","pinged":"","post_modified":"2022-07-28 17:48:20","post_modified_gmt":"2022-07-28 15:48:20","post_content_filtered":"","post_parent":0,"guid":"http:\/\/dev.claret.cat\/editorial\/fragmenta-editorial\/","menu_order":0,"post_type":"editorial","post_mime_type":"","comment_count":"0","filter":"raw"}],"autor":"MORETA TUSQUETS, IGNASI \/ DUCH \u00c1LVAREZ, LLU\u00cdS","codart":"841779602","libros-coleccion":"Fragmentos","ediciones":"1","encuadernacion":"R\u00fastica","fecha_de_publicacion":"01\/03\/2019","novedad":"1","paginas":"94","subtitulo":"RELIGI\u00d3N, COMUNICACI\u00d3N Y POL\u00cdTICA","orden":"0","portada":"0","idioma":"spa","autores-libros":[{"ID":157805,"post_author":"3","post_date":"2022-10-14 15:31:47","post_date_gmt":"2022-10-14 13:31:47","post_content":"","post_title":"IGNASI MORETA","post_excerpt":"","post_status":"publish","comment_status":"closed","ping_status":"closed","post_password":"","post_name":"ignasi-moreta","to_ping":"","pinged":"","post_modified":"2022-10-14 15:31:47","post_modified_gmt":"2022-10-14 13:31:47","post_content_filtered":"","post_parent":0,"guid":"http:\/\/dev.claret.cat\/autor\/ignasi-moreta\/","menu_order":0,"post_type":"autor","post_mime_type":"","comment_count":"0","filter":"raw"}]},"aioseo_notices":[],"_links":{"self":[{"href":"https:\/\/www.claret.cat\/es\/wp-json\/wp\/v2\/product\/135536","targetHints":{"allow":["GET"]}}],"collection":[{"href":"https:\/\/www.claret.cat\/es\/wp-json\/wp\/v2\/product"}],"about":[{"href":"https:\/\/www.claret.cat\/es\/wp-json\/wp\/v2\/types\/product"}],"wp:featuredmedia":[{"embeddable":true,"href":"https:\/\/www.claret.cat\/es\/wp-json\/wp\/v2\/media\/135537"}],"wp:attachment":[{"href":"https:\/\/www.claret.cat\/es\/wp-json\/wp\/v2\/media?parent=135536"}],"wp:term":[{"taxonomy":"product_brand","embeddable":true,"href":"https:\/\/www.claret.cat\/es\/wp-json\/wp\/v2\/product_brand?post=135536"},{"taxonomy":"product_cat","embeddable":true,"href":"https:\/\/www.claret.cat\/es\/wp-json\/wp\/v2\/product_cat?post=135536"},{"taxonomy":"product_tag","embeddable":true,"href":"https:\/\/www.claret.cat\/es\/wp-json\/wp\/v2\/product_tag?post=135536"}],"curies":[{"name":"wp","href":"https:\/\/api.w.org\/{rel}","templated":true}]}}