{"id":135671,"date":"2022-10-13T08:53:10","date_gmt":"2022-10-13T06:53:10","guid":{"rendered":"http:\/\/dev.claret.cat\/producte\/trencar-el-silenci-2\/"},"modified":"2023-01-28T11:48:23","modified_gmt":"2023-01-28T10:48:23","slug":"trencar-el-silenci-2","status":"publish","type":"product","link":"https:\/\/www.claret.cat\/es\/libro\/trencar-el-silenci-2\/","title":{"rendered":"TRENCAR EL SILENCI"},"content":{"rendered":"<p>Trencar el silenci: deu rostres, deu veus. S\u00f3n els rostres i les veus de deu testimonis que, des de diversos \u00e0mbits i des de la seva experi\u00e8ncia \u00edntima i personal, expliquen la tasca que desenvolupen per la prevenci\u00f3 i la protecci\u00f3 de l&#8217;ab\u00fas sexual a les obres educatives maristes.<br \/>Formaci\u00f3, acompanyament sensibilitzaci\u00f3, empoderament, entrebancs, interrogants&#8230; Una resposta sincera a un dels problemes m\u00e9s greus de la societat d&#8217;avui.<\/p>\n","protected":false},"excerpt":{"rendered":"<p>AMADEO, IMMA; MART\u00cdNEZ, JORDI<\/p>\n","protected":false},"featured_media":135672,"template":"","meta":{"_acf_changed":false,"om_disable_all_campaigns":false,"rs_blank_template":"","rs_page_bg_color":"","slide_template_v7":"","inline_featured_image":false,"_monsterinsights_skip_tracking":false,"_monsterinsights_sitenote_active":false,"_monsterinsights_sitenote_note":"","_monsterinsights_sitenote_category":0},"product_brand":[],"product_cat":[543,93,21,331,84,350],"product_tag":[],"class_list":{"0":"post-135671","1":"product","2":"type-product","3":"status-publish","4":"has-post-thumbnail","6":"product_cat-eclesiologia-es","7":"product_cat-eclesiologia","8":"product_cat-escolar","9":"product_cat-escolar-4_escolar-spa","10":"product_cat-sociologia","11":"product_cat-sociologia-2_humanidades","13":"first","14":"instock","15":"taxable","16":"shipping-taxable","17":"purchasable","18":"product-type-simple"},"acf":{"autores-libros":[{"ID":159946,"post_author":"3","post_date":"2022-10-14 15:49:02","post_date_gmt":"2022-10-14 13:49:02","post_content":"","post_title":"JORDI MART\u00cdNEZ","post_excerpt":"","post_status":"publish","comment_status":"closed","ping_status":"closed","post_password":"","post_name":"jordi-martinez","to_ping":"","pinged":"","post_modified":"2022-10-14 15:49:02","post_modified_gmt":"2022-10-14 13:49:02","post_content_filtered":"","post_parent":0,"guid":"http:\/\/dev.claret.cat\/autor\/jordi-martinez\/","menu_order":0,"post_type":"autor","post_mime_type":"","comment_count":"0","filter":"raw"},{"ID":5550,"post_author":"3","post_date":"2022-07-28 17:26:23","post_date_gmt":"2022-07-28 15:26:23","post_content":"","post_title":"IMMA AMADEO","post_excerpt":"","post_status":"publish","comment_status":"closed","ping_status":"closed","post_password":"","post_name":"imma-amadeo","to_ping":"","pinged":"","post_modified":"2022-07-28 17:26:23","post_modified_gmt":"2022-07-28 15:26:23","post_content_filtered":"","post_parent":0,"guid":"http:\/\/dev.claret.cat\/autor\/imma-amadeo\/","menu_order":0,"post_type":"autor","post_mime_type":"","comment_count":"0","filter":"raw"}],"autor":"AMADEO, IMMA; MART\u00cdNEZ, JORDI","codart":"841402370","libros-coleccion":"LAUDE","ediciones":"1","encuadernacion":"R\u00fastica","fecha_de_publicacion":"02\/04\/2019","novedad":"1","paginas":"128","subtitulo":"DEU ROSTRES, DEU VEUS","orden":"0","portada":"0","idioma":"cat","editorial":[{"ID":147535,"post_author":"3","post_date":"2022-10-14 11:51:19","post_date_gmt":"2022-10-14 09:51:19","post_content":"","post_title":"BAULA, EDICIONS","post_excerpt":"","post_status":"publish","comment_status":"closed","ping_status":"closed","post_password":"","post_name":"baula-edicions","to_ping":"","pinged":"","post_modified":"2022-10-14 11:51:19","post_modified_gmt":"2022-10-14 09:51:19","post_content_filtered":"","post_parent":0,"guid":"http:\/\/dev.claret.cat\/editorial\/baula-edicions\/","menu_order":0,"post_type":"editorial","post_mime_type":"","comment_count":"0","filter":"raw"}]},"aioseo_notices":[],"_links":{"self":[{"href":"https:\/\/www.claret.cat\/es\/wp-json\/wp\/v2\/product\/135671","targetHints":{"allow":["GET"]}}],"collection":[{"href":"https:\/\/www.claret.cat\/es\/wp-json\/wp\/v2\/product"}],"about":[{"href":"https:\/\/www.claret.cat\/es\/wp-json\/wp\/v2\/types\/product"}],"wp:featuredmedia":[{"embeddable":true,"href":"https:\/\/www.claret.cat\/es\/wp-json\/wp\/v2\/media\/135672"}],"wp:attachment":[{"href":"https:\/\/www.claret.cat\/es\/wp-json\/wp\/v2\/media?parent=135671"}],"wp:term":[{"taxonomy":"product_brand","embeddable":true,"href":"https:\/\/www.claret.cat\/es\/wp-json\/wp\/v2\/product_brand?post=135671"},{"taxonomy":"product_cat","embeddable":true,"href":"https:\/\/www.claret.cat\/es\/wp-json\/wp\/v2\/product_cat?post=135671"},{"taxonomy":"product_tag","embeddable":true,"href":"https:\/\/www.claret.cat\/es\/wp-json\/wp\/v2\/product_tag?post=135671"}],"curies":[{"name":"wp","href":"https:\/\/api.w.org\/{rel}","templated":true}]}}